{"id":694712,"date":"2026-03-16T15:56:12","date_gmt":"2026-03-16T14:56:12","guid":{"rendered":"https:\/\/shop.kustom.ch\/?post_type=product&#038;p=694712"},"modified":"2026-03-31T08:34:04","modified_gmt":"2026-03-31T07:34:04","slug":"handwerker-arbeitshose-mit-stretch-8","status":"publish","type":"product","link":"https:\/\/shop.kustom.ch\/en\/product\/handwerker-arbeitshose-mit-stretch-8\/","title":{"rendered":"Craftsman work trousers with stretch"},"content":{"rendered":"<p>Hardwearing work trousers in CORDURA\u00ae with 4-way stretch panels for ultimate comfort where you need it most. The knee pad pocket with CORDURA\u00ae stretch at the bottom provides reliable durability and flexibility, so you can work efficiently and comfortably all day long.<\/p>\n<p>55% cotton, 15% polyamide, 30% polyester, denim, coated, CORDURA\u00ae denim, stretch, 340 g\/m\u00b2<\/p>","protected":false},"excerpt":{"rendered":"<p>Strapazierf\u00e4hige Handwerkerhose aus CORDURA\u00ae mit 4-Wege-Stretcheins\u00e4tzen, die dort, wo sie am meisten gebraucht wird, f\u00fcr ultimativen Komfort sorgt. Die Kniepolstertasche mit CORDURA\u00ae-Stretch an der Unterseite sorgt f\u00fcr zuverl\u00e4ssige Strapazierf\u00e4higkeit und Flexibilit\u00e4t, so dass du den ganzen Tag lang effizient und bequem arbeiten kannst. 55% Baumwolle, 15% Polyamid, 30% Polyester, Denim, beschichtet, CORDURA\u00ae Denim, Stretch, 340 [&hellip;]<\/p>\n","protected":false},"featured_media":694713,"template":"","meta":[],"product_brand":[],"product_cat":[4185],"product_tag":[],"class_list":{"0":"post-694712","1":"product","2":"type-product","3":"status-publish","4":"has-post-thumbnail","6":"product_cat-hosen","7":"pa_brand-blaklaeder","8":"pa_brand-type-workwear","9":"pa_filter-color-blau","10":"pa_filter-color-braun","11":"pa_filter-color-grau","12":"pa_filter-color-gruen","13":"pa_filter-color-schwarz","15":"first","16":"instock","17":"sale","18":"taxable","19":"shipping-taxable","20":"purchasable","21":"product-type-variable","22":"add-to-wishlist-before_image"},"exclude_global_add_ons":[],"addons":[],"acf":[],"_links":{"self":[{"href":"https:\/\/shop.kustom.ch\/en\/wp-json\/wp\/v2\/product\/694712"}],"collection":[{"href":"https:\/\/shop.kustom.ch\/en\/wp-json\/wp\/v2\/product"}],"about":[{"href":"https:\/\/shop.kustom.ch\/en\/wp-json\/wp\/v2\/types\/product"}],"wp:featuredmedia":[{"embeddable":true,"href":"https:\/\/shop.kustom.ch\/en\/wp-json\/wp\/v2\/media\/694713"}],"wp:attachment":[{"href":"https:\/\/shop.kustom.ch\/en\/wp-json\/wp\/v2\/media?parent=694712"}],"wp:term":[{"taxonomy":"product_brand","embeddable":true,"href":"https:\/\/shop.kustom.ch\/en\/wp-json\/wp\/v2\/product_brand?post=694712"},{"taxonomy":"product_cat","embeddable":true,"href":"https:\/\/shop.kustom.ch\/en\/wp-json\/wp\/v2\/product_cat?post=694712"},{"taxonomy":"product_tag","embeddable":true,"href":"https:\/\/shop.kustom.ch\/en\/wp-json\/wp\/v2\/product_tag?post=694712"}],"curies":[{"name":"wp","href":"https:\/\/api.w.org\/{rel}","templated":true}]}}