{"id":694622,"date":"2026-03-16T15:55:19","date_gmt":"2026-03-16T14:55:19","guid":{"rendered":"https:\/\/shop.kustom.ch\/?post_type=product&#038;p=694622"},"modified":"2026-03-31T08:33:43","modified_gmt":"2026-03-31T07:33:43","slug":"blaklaeder-toolrig-handwerker-arbeitshose-4-wege-stretch","status":"publish","type":"product","link":"https:\/\/shop.kustom.ch\/en\/product\/blaklaeder-toolrig-handwerker-arbeitshose-4-wege-stretch\/","title":{"rendered":"Bl\u00e5kl\u00e4der ToolRig\u2122 craftsman work trousers 4-way stretch"},"content":{"rendered":"<p>When comfort comes first, but durability must not be neglected. These craftsman trousers with 4-way stretch follow your every move and allow you to perform at your best all day long. Everyday details make all the difference: Knee pad pockets made of reinforced CORDURA\u00ae stretch with opening at the bottom, spacious cargo back pockets and a ruler pocket, developed for use in the field. Reinforced pocket openings and hems as well as reflective details on the legs for discreet visibility. The ToolRig\u2122 belt runs 360\u00b0 around the waist, allowing pockets and accessories to move freely. ToolRig\u2122 tool pouches and a hammer holder are included. If more equipment is to be added, there are loops for ToolRig\u2122 braces\/harnesses to ensure stable and ergonomic load distribution. 4-way stretch for high comfort and freedom of movement ToolRig\u2122 belt 360\u00b0 around the waist - pockets and accessories can be moved freely ToolRig\u2122 tool pockets and hammer holder included. Loops for ToolRig\u2122 straps\/harness for better ergonomics and load distribution Knee pad pockets made of CORDURA\u00ae stretch with opening on the underside Reinforcements on the pockets and leg ends Reflective details on the legs<\/p>\n<p>92% polyamide, 8% elastane, double woven, 4-way stretch, 230 g\/m\u00b2<\/p>","protected":false},"excerpt":{"rendered":"<p>Wenn Komfort an erster Stelle steht, aber die Haltbarkeit nicht zu kurz kommen darf. Diese Handwerkerhose mit 4-Wege-Stretch macht jede Bewegung mit und erm\u00f6glicht den ganzen Tag \u00fcber volle Leistung. Allt\u00e4gliche Details machen den Unterschied aus: Kniepolstertaschen aus verst\u00e4rktem CORDURA\u00ae-Stretch mit \u00d6ffnung an der Unterseite, ger\u00e4umige Cargo-Ges\u00e4sstaschen und eine Zollstocktasche, entwickelt f\u00fcr den Einsatz in [&hellip;]<\/p>\n","protected":false},"featured_media":694623,"template":"","meta":[],"product_brand":[],"product_cat":[4185],"product_tag":[],"class_list":{"0":"post-694622","1":"product","2":"type-product","3":"status-publish","4":"has-post-thumbnail","6":"product_cat-hosen","7":"pa_brand-blaklaeder","8":"pa_brand-type-workwear","9":"pa_filter-color-blau","10":"pa_filter-color-schwarz","12":"first","13":"instock","14":"sale","15":"taxable","16":"shipping-taxable","17":"purchasable","18":"product-type-variable","19":"add-to-wishlist-before_image"},"exclude_global_add_ons":[],"addons":[],"acf":[],"_links":{"self":[{"href":"https:\/\/shop.kustom.ch\/en\/wp-json\/wp\/v2\/product\/694622"}],"collection":[{"href":"https:\/\/shop.kustom.ch\/en\/wp-json\/wp\/v2\/product"}],"about":[{"href":"https:\/\/shop.kustom.ch\/en\/wp-json\/wp\/v2\/types\/product"}],"wp:featuredmedia":[{"embeddable":true,"href":"https:\/\/shop.kustom.ch\/en\/wp-json\/wp\/v2\/media\/694623"}],"wp:attachment":[{"href":"https:\/\/shop.kustom.ch\/en\/wp-json\/wp\/v2\/media?parent=694622"}],"wp:term":[{"taxonomy":"product_brand","embeddable":true,"href":"https:\/\/shop.kustom.ch\/en\/wp-json\/wp\/v2\/product_brand?post=694622"},{"taxonomy":"product_cat","embeddable":true,"href":"https:\/\/shop.kustom.ch\/en\/wp-json\/wp\/v2\/product_cat?post=694622"},{"taxonomy":"product_tag","embeddable":true,"href":"https:\/\/shop.kustom.ch\/en\/wp-json\/wp\/v2\/product_tag?post=694622"}],"curies":[{"name":"wp","href":"https:\/\/api.w.org\/{rel}","templated":true}]}}