{"id":694500,"date":"2026-03-16T15:54:14","date_gmt":"2026-03-16T14:54:14","guid":{"rendered":"https:\/\/shop.kustom.ch\/?post_type=product&#038;p=694500"},"modified":"2026-03-31T08:33:24","modified_gmt":"2026-03-31T07:33:24","slug":"high-vis-arbeitshose-7","status":"publish","type":"product","link":"https:\/\/shop.kustom.ch\/en\/product\/high-vis-arbeitshose-7\/","title":{"rendered":"High Vis work trousers"},"content":{"rendered":"<p>Industrial washable high vis work trousers with a modern fit, designed for professionals who demand visibility, durability and easy functionality. The trousers have pre-shaped legs for optimum comfort and reflective details for increased visibility. CORDURA\u00ae-reinforced knee pad pockets provide reliable durability and flexibility. A reliable choice for safety and durability on long working days.<\/p>\n<p>65% polyester, 35% cotton, twill, water-repellent outer fabric, 240g\/m\u00b2<\/p>","protected":false},"excerpt":{"rendered":"<p>Industriell waschbare High Vis Arbeitshose mit moderner Passform, entwickelt f\u00fcr professionelle Anwender, die Sichtbarkeit, Strapazierf\u00e4higkeit und einfache Funktionalit\u00e4t verlangen. Die Hose verf\u00fcgt \u00fcber vorgeformte Beine f\u00fcr optimalen Komfort und reflektierende Details f\u00fcr erh\u00f6hte Sichtbarkeit. CORDURA\u00ae-verst\u00e4rkte Kniepolstertaschen sorgen f\u00fcr zuverl\u00e4ssige Strapazierf\u00e4higkeit und Flexibilit\u00e4t. Eine zuverl\u00e4ssige Wahl f\u00fcr Sicherheit und Haltbarkeit an langen Arbeitstagen. 65% Polyester, 35% [&hellip;]<\/p>\n","protected":false},"featured_media":694526,"template":"","meta":[],"product_brand":[],"product_cat":[4185],"product_tag":[],"class_list":{"0":"post-694500","1":"product","2":"type-product","3":"status-publish","4":"has-post-thumbnail","6":"product_cat-hosen","7":"pa_brand-blaklaeder","8":"pa_brand-type-workwear","9":"pa_filter-color-blau","10":"pa_filter-color-gelb","11":"pa_filter-color-orange","13":"first","14":"instock","15":"sale","16":"taxable","17":"shipping-taxable","18":"purchasable","19":"product-type-variable","20":"add-to-wishlist-before_image"},"exclude_global_add_ons":[],"addons":[],"acf":[],"_links":{"self":[{"href":"https:\/\/shop.kustom.ch\/en\/wp-json\/wp\/v2\/product\/694500"}],"collection":[{"href":"https:\/\/shop.kustom.ch\/en\/wp-json\/wp\/v2\/product"}],"about":[{"href":"https:\/\/shop.kustom.ch\/en\/wp-json\/wp\/v2\/types\/product"}],"wp:featuredmedia":[{"embeddable":true,"href":"https:\/\/shop.kustom.ch\/en\/wp-json\/wp\/v2\/media\/694526"}],"wp:attachment":[{"href":"https:\/\/shop.kustom.ch\/en\/wp-json\/wp\/v2\/media?parent=694500"}],"wp:term":[{"taxonomy":"product_brand","embeddable":true,"href":"https:\/\/shop.kustom.ch\/en\/wp-json\/wp\/v2\/product_brand?post=694500"},{"taxonomy":"product_cat","embeddable":true,"href":"https:\/\/shop.kustom.ch\/en\/wp-json\/wp\/v2\/product_cat?post=694500"},{"taxonomy":"product_tag","embeddable":true,"href":"https:\/\/shop.kustom.ch\/en\/wp-json\/wp\/v2\/product_tag?post=694500"}],"curies":[{"name":"wp","href":"https:\/\/api.w.org\/{rel}","templated":true}]}}