{"id":694428,"date":"2026-03-16T15:53:45","date_gmt":"2026-03-16T14:53:45","guid":{"rendered":"https:\/\/shop.kustom.ch\/?post_type=product&#038;p=694428"},"modified":"2026-03-31T08:33:17","modified_gmt":"2026-03-31T07:33:17","slug":"high-vis-arbeitshose-6","status":"publish","type":"product","link":"https:\/\/shop.kustom.ch\/en\/product\/high-vis-arbeitshose-6\/","title":{"rendered":"High Vis work trousers"},"content":{"rendered":"<p>Industrial washable high vis work trousers with a modern fit, designed for professionals who demand visibility, durability and easy functionality. The trousers are water-repellent, have pre-shaped legs for optimum comfort and reflective details at the leg ends for better visibility. CORDURA\u00ae-reinforced knee pad pockets ensure reliable durability and flexibility. Reflective stripes on the leg ends ensure better visibility. A reliable choice for safety and durability on long working days.<\/p>\n<p>70% polyester, 30% cotton, twill, water-repellent 230 g\/m\u00b2<\/p>","protected":false},"excerpt":{"rendered":"<p>Industriell waschbare High Vis Arbeitshose mit moderner Passform, entwickelt f\u00fcr professionelle Anwender, die Sichtbarkeit, Strapazierf\u00e4higkeit und einfache Funktionalit\u00e4t verlangen. Die Hose ist wasserabweisend, hat vorgeformte Beine f\u00fcr optimalen Komfort und reflektierende Details an den Beinenden f\u00fcr bessere Sichtbarkeit. CORDURA\u00ae-verst\u00e4rkte Kniepolstertaschen sorgen f\u00fcr zuverl\u00e4ssige Strapazierf\u00e4higkeit und Flexibilit\u00e4t. Reflexstreifen an den Beinabschl\u00fcssen sorgen f\u00fcr bessere Sichtbarkeit. Eine [&hellip;]<\/p>\n","protected":false},"featured_media":694429,"template":"","meta":[],"product_brand":[],"product_cat":[4185],"product_tag":[],"class_list":{"0":"post-694428","1":"product","2":"type-product","3":"status-publish","4":"has-post-thumbnail","6":"product_cat-hosen","7":"pa_brand-blaklaeder","8":"pa_brand-type-workwear","9":"pa_filter-color-blau","10":"pa_filter-color-gelb","11":"pa_filter-color-orange","12":"pa_filter-color-schwarz","14":"first","15":"instock","16":"sale","17":"taxable","18":"shipping-taxable","19":"purchasable","20":"product-type-variable","21":"add-to-wishlist-before_image"},"exclude_global_add_ons":[],"addons":[],"acf":[],"_links":{"self":[{"href":"https:\/\/shop.kustom.ch\/en\/wp-json\/wp\/v2\/product\/694428"}],"collection":[{"href":"https:\/\/shop.kustom.ch\/en\/wp-json\/wp\/v2\/product"}],"about":[{"href":"https:\/\/shop.kustom.ch\/en\/wp-json\/wp\/v2\/types\/product"}],"wp:featuredmedia":[{"embeddable":true,"href":"https:\/\/shop.kustom.ch\/en\/wp-json\/wp\/v2\/media\/694429"}],"wp:attachment":[{"href":"https:\/\/shop.kustom.ch\/en\/wp-json\/wp\/v2\/media?parent=694428"}],"wp:term":[{"taxonomy":"product_brand","embeddable":true,"href":"https:\/\/shop.kustom.ch\/en\/wp-json\/wp\/v2\/product_brand?post=694428"},{"taxonomy":"product_cat","embeddable":true,"href":"https:\/\/shop.kustom.ch\/en\/wp-json\/wp\/v2\/product_cat?post=694428"},{"taxonomy":"product_tag","embeddable":true,"href":"https:\/\/shop.kustom.ch\/en\/wp-json\/wp\/v2\/product_tag?post=694428"}],"curies":[{"name":"wp","href":"https:\/\/api.w.org\/{rel}","templated":true}]}}