{"id":694357,"date":"2026-03-16T15:52:04","date_gmt":"2026-03-16T14:52:04","guid":{"rendered":"https:\/\/shop.kustom.ch\/?post_type=product&#038;p=694357"},"modified":"2026-03-31T08:22:47","modified_gmt":"2026-03-31T07:22:47","slug":"blaklaeder-toolrig-arbeitshose-stretch","status":"publish","type":"product","link":"https:\/\/shop.kustom.ch\/en\/product\/blaklaeder-toolrig-arbeitshose-stretch\/","title":{"rendered":"Bl\u00e5kl\u00e4der ToolRig\u2122 stretch work trousers"},"content":{"rendered":"<p>Developed for indoor spaces and mobile working. The main material is a lightweight 2-way stretch fabric that is breathable and comfortable to wear even at higher temperatures. In addition, 4-way stretch inserts on the seat, knees and crotch ensure optimum freedom of movement. The ToolRig\u2122 belt runs 360\u00b0 around the waist so that pockets and accessories can be moved freely. These work trousers are supplied without tool pockets. By adding ToolRig\u2122 tool pockets and ToolRig\u2122 sliders, you can create your own tool belt. The details are fully customised for a smooth workflow. This includes a pen and knife pocket suitable for both right- and left-handed users and a leg pocket with internal mesh phone pocket to keep mobile phones safe and within easy reach. Pre-shaped knees for greater mobility and comfort. Lightweight 2-way stretch for comfort even in warm environments 4-way stretch inserts on the seat, knees and crotch for even better freedom of movement ToolRig\u2122 belt 360\u00b0 around the waist - pockets and accessories can be moved freely ToolRig\u2122 tool pockets can be added if required Pen and knife pocket for right and left-handers Leg pocket with internal phone pocket made of mesh fabric Pre-shaped knees for greater mobility and comfort<\/p>\n<p>50% polyester, 25% elastomultiester, 25% cotton, single weave, 2-way stretch, 170 g\/m\u00b2<\/p>","protected":false},"excerpt":{"rendered":"<p>Entwickelt f\u00fcr Innenr\u00e4ume und mobiles Arbeiten. Das Hauptmaterial ist ein leichtes 2-Wege-Stretch-Gewebe, das atmungsaktiv und auch bei h\u00f6heren Temperaturen angenehm zu tragen ist. Zudem sorgen 4-Wege-Stretch-Eins\u00e4tze am Ges\u00e4ss, an den Knien und im Schritt f\u00fcr eine optimale Bewegungsfreiheit. Der ToolRig\u2122 G\u00fcrtel verl\u00e4uft 360\u00b0 um die Taille, sodass Taschen und Zubeh\u00f6r frei bewegt werden k\u00f6nnen. Diese [&hellip;]<\/p>\n","protected":false},"featured_media":694374,"template":"","meta":[],"product_brand":[],"product_cat":[4185],"product_tag":[],"class_list":{"0":"post-694357","1":"product","2":"type-product","3":"status-publish","4":"has-post-thumbnail","6":"product_cat-hosen","7":"pa_brand-blaklaeder","8":"pa_brand-type-workwear","9":"pa_filter-color-blau","10":"pa_filter-color-schwarz","12":"first","13":"instock","14":"sale","15":"taxable","16":"shipping-taxable","17":"purchasable","18":"product-type-variable","19":"add-to-wishlist-before_image"},"exclude_global_add_ons":[],"addons":[],"acf":[],"_links":{"self":[{"href":"https:\/\/shop.kustom.ch\/en\/wp-json\/wp\/v2\/product\/694357"}],"collection":[{"href":"https:\/\/shop.kustom.ch\/en\/wp-json\/wp\/v2\/product"}],"about":[{"href":"https:\/\/shop.kustom.ch\/en\/wp-json\/wp\/v2\/types\/product"}],"wp:featuredmedia":[{"embeddable":true,"href":"https:\/\/shop.kustom.ch\/en\/wp-json\/wp\/v2\/media\/694374"}],"wp:attachment":[{"href":"https:\/\/shop.kustom.ch\/en\/wp-json\/wp\/v2\/media?parent=694357"}],"wp:term":[{"taxonomy":"product_brand","embeddable":true,"href":"https:\/\/shop.kustom.ch\/en\/wp-json\/wp\/v2\/product_brand?post=694357"},{"taxonomy":"product_cat","embeddable":true,"href":"https:\/\/shop.kustom.ch\/en\/wp-json\/wp\/v2\/product_cat?post=694357"},{"taxonomy":"product_tag","embeddable":true,"href":"https:\/\/shop.kustom.ch\/en\/wp-json\/wp\/v2\/product_tag?post=694357"}],"curies":[{"name":"wp","href":"https:\/\/api.w.org\/{rel}","templated":true}]}}