{"id":694344,"date":"2026-03-16T15:51:54","date_gmt":"2026-03-16T14:51:54","guid":{"rendered":"https:\/\/shop.kustom.ch\/?post_type=product&#038;p=694344"},"modified":"2026-03-31T08:22:34","modified_gmt":"2026-03-31T07:22:34","slug":"service-arbeitshose-stretch-3","status":"publish","type":"product","link":"https:\/\/shop.kustom.ch\/en\/product\/service-arbeitshose-stretch-3\/","title":{"rendered":"Service work trousers stretch"},"content":{"rendered":"<p>Modern transport and service trousers in lightweight 2-way stretch, made from a cool, durable and elasticated fabric with quick-drying properties - ideal for working indoors or outdoors in warmer weather. The trousers have pre-shaped legs for optimum comfort and reflective strips at the leg ends for better visibility. 4-way stretch inserts on the seat, knees and crotch ensure maximum freedom of movement. Practical pockets with bellows on both legs provide space for accessories.<\/p>\n<p>50% polyester, 25% elastomultiester, 25% cotton, single weave, 2-way stretch, 170 g\/m\u00b2<\/p>","protected":false},"excerpt":{"rendered":"<p>Moderne Transport- und Servicehose aus leichtem 2-Wege-Stretch, gefertigt aus einem k\u00fchlen, strapazierf\u00e4higen und elastischen Gewebe mit schnell trocknenden Eigenschaften &#8211; ideal f\u00fcr Arbeiten im Innen- oder Aussenbereich bei w\u00e4rmerem Wetter. Die Hose hat vorgeformte Beine f\u00fcr optimalen Komfort und Reflexstreifen an den Beinenden f\u00fcr bessere Sichtbarkeit. F\u00fcr maximale Bewegungsfreiheit sorgen 4-Wege-Stretcheins\u00e4tze am Ges\u00e4ss, an den [&hellip;]<\/p>\n","protected":false},"featured_media":694345,"template":"","meta":[],"product_brand":[],"product_cat":[4185],"product_tag":[],"class_list":{"0":"post-694344","1":"product","2":"type-product","3":"status-publish","4":"has-post-thumbnail","6":"product_cat-hosen","7":"pa_brand-blaklaeder","8":"pa_brand-type-workwear","9":"pa_filter-color-schwarz","11":"first","12":"instock","13":"sale","14":"taxable","15":"shipping-taxable","16":"purchasable","17":"product-type-variable","18":"add-to-wishlist-before_image"},"exclude_global_add_ons":[],"addons":[],"acf":[],"_links":{"self":[{"href":"https:\/\/shop.kustom.ch\/en\/wp-json\/wp\/v2\/product\/694344"}],"collection":[{"href":"https:\/\/shop.kustom.ch\/en\/wp-json\/wp\/v2\/product"}],"about":[{"href":"https:\/\/shop.kustom.ch\/en\/wp-json\/wp\/v2\/types\/product"}],"wp:featuredmedia":[{"embeddable":true,"href":"https:\/\/shop.kustom.ch\/en\/wp-json\/wp\/v2\/media\/694345"}],"wp:attachment":[{"href":"https:\/\/shop.kustom.ch\/en\/wp-json\/wp\/v2\/media?parent=694344"}],"wp:term":[{"taxonomy":"product_brand","embeddable":true,"href":"https:\/\/shop.kustom.ch\/en\/wp-json\/wp\/v2\/product_brand?post=694344"},{"taxonomy":"product_cat","embeddable":true,"href":"https:\/\/shop.kustom.ch\/en\/wp-json\/wp\/v2\/product_cat?post=694344"},{"taxonomy":"product_tag","embeddable":true,"href":"https:\/\/shop.kustom.ch\/en\/wp-json\/wp\/v2\/product_tag?post=694344"}],"curies":[{"name":"wp","href":"https:\/\/api.w.org\/{rel}","templated":true}]}}