{"id":694146,"date":"2026-03-16T15:50:28","date_gmt":"2026-03-16T14:50:28","guid":{"rendered":"https:\/\/shop.kustom.ch\/?post_type=product&#038;p=694146"},"modified":"2026-03-31T08:17:40","modified_gmt":"2026-03-31T07:17:40","slug":"blaklaeder-toolrig-high-vis-arbeitshose-4-wege-stretch","status":"publish","type":"product","link":"https:\/\/shop.kustom.ch\/en\/product\/blaklaeder-toolrig-high-vis-arbeitshose-4-wege-stretch\/","title":{"rendered":"Bl\u00e5kl\u00e4der ToolRig\u2122 High Vis work trousers 4-way stretch"},"content":{"rendered":"<p>For fast work and high visibility. The main fabric is a comfortable, flexible and robust 4-way stretch material that offers all-day comfort, while breathable mesh panels at the knees and yoke ensure the right body temperature even during strenuous work. The ToolRig\u2122 belt runs 360\u00b0 around the waist, allowing pockets and accessories to move freely. ToolRig\u2122 tool pouches and a hammer holder are included and detachable. This is ideal for switching between different tasks. To attach heavier equipment, the trousers have loops for ToolRig\u2122 straps\/harnesses for better ergonomics and load distribution. Knee pad pockets made of reinforced CORDURA\u00ae stretch ensure comfortable and safe kneeling. The extra-wide tool pockets offer generous storage space, CORDURA\u00ae reinforcements protect the most exposed areas and the raised waist at the back ensures that you are always well protected even when moving. The segmented reflective tape ensures that you are seen when it really counts. Comfortable, flexible and robust 4-way stretch Breathable mesh inserts at the knees and yoke ToolRig\u2122 belt 360\u00b0 around the waist - pockets and accessories can be moved freely ToolRig\u2122 tool pockets and hammer holder included. Loops for ToolRig\u2122 braces\/harness for better ergonomics and load distribution Knee pad pockets made of reinforced CORDURA\u00ae stretch Raised waist at the back With CORDURA\u00ae-reinforced tool pockets Segmented reflective tape<\/p>\n<p>100% polyester, double woven, 4-way stretch, 260 g\/m\u00b2<\/p>","protected":false},"excerpt":{"rendered":"<p>F\u00fcr schnelles Arbeiten und hohe Sichtbarkeit. Das Hauptmaterial ist ein bequemes, flexibles und robustes 4-Wege-Stretchmaterial, das ganzt\u00e4gigen Komfort bietet, w\u00e4hrend atmungsaktive Mesh-Eins\u00e4tze an den Knien und an der Passe auch bei anstrengenden Arbeiten f\u00fcr die richtige K\u00f6rpertemperatur sorgen. Der ToolRig\u2122 G\u00fcrtel verl\u00e4uft 360\u00b0 um die Taille, sodass Taschen und Zubeh\u00f6r frei bewegt werden k\u00f6nnen. ToolRig\u2122 [&hellip;]<\/p>\n","protected":false},"featured_media":694147,"template":"","meta":[],"product_brand":[],"product_cat":[4185],"product_tag":[],"class_list":{"0":"post-694146","1":"product","2":"type-product","3":"status-publish","4":"has-post-thumbnail","6":"product_cat-hosen","7":"pa_brand-blaklaeder","8":"pa_brand-type-workwear","9":"pa_filter-color-blau","10":"pa_filter-color-gelb","11":"pa_filter-color-orange","12":"pa_filter-color-rot","13":"pa_filter-color-schwarz","15":"first","16":"instock","17":"sale","18":"taxable","19":"shipping-taxable","20":"purchasable","21":"product-type-variable","22":"add-to-wishlist-before_image"},"exclude_global_add_ons":[],"addons":[],"acf":[],"_links":{"self":[{"href":"https:\/\/shop.kustom.ch\/en\/wp-json\/wp\/v2\/product\/694146"}],"collection":[{"href":"https:\/\/shop.kustom.ch\/en\/wp-json\/wp\/v2\/product"}],"about":[{"href":"https:\/\/shop.kustom.ch\/en\/wp-json\/wp\/v2\/types\/product"}],"wp:featuredmedia":[{"embeddable":true,"href":"https:\/\/shop.kustom.ch\/en\/wp-json\/wp\/v2\/media\/694147"}],"wp:attachment":[{"href":"https:\/\/shop.kustom.ch\/en\/wp-json\/wp\/v2\/media?parent=694146"}],"wp:term":[{"taxonomy":"product_brand","embeddable":true,"href":"https:\/\/shop.kustom.ch\/en\/wp-json\/wp\/v2\/product_brand?post=694146"},{"taxonomy":"product_cat","embeddable":true,"href":"https:\/\/shop.kustom.ch\/en\/wp-json\/wp\/v2\/product_cat?post=694146"},{"taxonomy":"product_tag","embeddable":true,"href":"https:\/\/shop.kustom.ch\/en\/wp-json\/wp\/v2\/product_tag?post=694146"}],"curies":[{"name":"wp","href":"https:\/\/api.w.org\/{rel}","templated":true}]}}