{"id":691941,"date":"2026-03-09T17:12:44","date_gmt":"2026-03-09T16:12:44","guid":{"rendered":"https:\/\/shop.kustom.ch\/?post_type=product&#038;p=691941"},"modified":"2026-03-31T12:01:52","modified_gmt":"2026-03-31T11:01:52","slug":"gb02-twill-stretch-woman-contemporary","status":"publish","type":"product","link":"https:\/\/shop.kustom.ch\/en\/product\/gb02-twill-stretch-woman-contemporary\/","title":{"rendered":"GB02 Twill Stretch Woman Contemporary"},"content":{"rendered":"<p>Nothing beats the clean look of a plain-coloured shirt. This one also stands out with its special features, such as the rare combination of non-iron performance and stretch effect. The high-quality twill structure also gives the shirt a perfect sheen and a pleasant feel. It has a split back (split yoke) and a soft, concealed button-down cutaway collar that always stays in place.<\/p>\n<p>Material: 80 % cotton, 16 % lyocell, 4 % elastane<\/p>","protected":false},"excerpt":{"rendered":"<p>Nichts schl\u00e4gt den klaren Look eines einfarbigen Hemdes. Dieses hier sticht ebenfalls durch besondere Eigenschaften hervor, wie die seltene Kombination aus Non-Iron-Performance und Stretch-Effekt. Die hochwertige Twill-Struktur verleiht dem Hemd zudem den perfekten Glanz und ein angenehmes Griffgef\u00fchl. Es verf\u00fcgt \u00fcber ein geteiltes R\u00fcckenteil (Split Yoke) und einen weichen, verdeckten Button-Down-Cutaway-Kragen, der stets an Ort [&hellip;]<\/p>\n","protected":false},"featured_media":692007,"template":"","meta":[],"product_brand":[],"product_cat":[9895],"product_tag":[],"class_list":{"0":"post-691941","1":"product","2":"type-product","3":"status-publish","4":"has-post-thumbnail","6":"product_cat-blusen","7":"pa_brand-harvest-frost","8":"pa_brand-type-workwear","9":"pa_filter-color-blau","10":"pa_filter-color-schwarz","11":"pa_filter-color-weiss","13":"first","14":"instock","15":"sale","16":"taxable","17":"shipping-taxable","18":"purchasable","19":"product-type-variable","20":"add-to-wishlist-before_image"},"exclude_global_add_ons":[],"addons":[],"acf":[],"_links":{"self":[{"href":"https:\/\/shop.kustom.ch\/en\/wp-json\/wp\/v2\/product\/691941"}],"collection":[{"href":"https:\/\/shop.kustom.ch\/en\/wp-json\/wp\/v2\/product"}],"about":[{"href":"https:\/\/shop.kustom.ch\/en\/wp-json\/wp\/v2\/types\/product"}],"wp:featuredmedia":[{"embeddable":true,"href":"https:\/\/shop.kustom.ch\/en\/wp-json\/wp\/v2\/media\/692007"}],"wp:attachment":[{"href":"https:\/\/shop.kustom.ch\/en\/wp-json\/wp\/v2\/media?parent=691941"}],"wp:term":[{"taxonomy":"product_brand","embeddable":true,"href":"https:\/\/shop.kustom.ch\/en\/wp-json\/wp\/v2\/product_brand?post=691941"},{"taxonomy":"product_cat","embeddable":true,"href":"https:\/\/shop.kustom.ch\/en\/wp-json\/wp\/v2\/product_cat?post=691941"},{"taxonomy":"product_tag","embeddable":true,"href":"https:\/\/shop.kustom.ch\/en\/wp-json\/wp\/v2\/product_tag?post=691941"}],"curies":[{"name":"wp","href":"https:\/\/api.w.org\/{rel}","templated":true}]}}