{"id":691673,"date":"2026-03-09T17:10:22","date_gmt":"2026-03-09T16:10:22","guid":{"rendered":"https:\/\/shop.kustom.ch\/?post_type=product&#038;p=691673"},"modified":"2026-03-31T12:00:43","modified_gmt":"2026-03-31T11:00:43","slug":"signature-suit-vest","status":"publish","type":"product","link":"https:\/\/shop.kustom.ch\/en\/product\/signature-suit-vest\/","title":{"rendered":"Signature Suit Vest"},"content":{"rendered":"<p>Suit waistcoat with a classic, formal look, made from a modern stretch material in a preferred quality. The material blend is crease-resistant and offers unrestricted freedom of movement thanks to 360-degree stretch. The perfect complement to a suit. Combine them with the Signature blazer and Signature trousers.<\/p>\n<p>Material: 63 % recycled polyester, 33 % LENZING\u2122 ECOVERO\u2122 viscose, 4 % elastane<\/p>","protected":false},"excerpt":{"rendered":"<p>Anzugweste mit klassisch-formellem Look, gefertigt aus einem modernen Stretch-Material in bevorzugter Qualit\u00e4t. Das Materialgemisch ist knitterarm und bietet dank 360-Grad-Stretch uneingeschr\u00e4nkte Bewegungsfreiheit. Die perfekte Erg\u00e4nzung zum Anzug. Kombiniere sie mit dem Signature Blazer und der Signature Hose. Material: 63 % recycelter Polyester, 33 % LENZING\u2122 ECOVERO\u2122 Viskose, 4 % Elasthan<\/p>","protected":false},"featured_media":692034,"template":"","meta":[],"product_brand":[],"product_cat":[4208],"product_tag":[],"class_list":{"0":"post-691673","1":"product","2":"type-product","3":"status-publish","4":"has-post-thumbnail","6":"product_cat-westen","7":"pa_brand-harvest-frost","8":"pa_brand-type-workwear","9":"pa_filter-color-blau","10":"pa_filter-color-schwarz","12":"first","13":"instock","14":"sale","15":"taxable","16":"shipping-taxable","17":"purchasable","18":"product-type-variable","19":"add-to-wishlist-before_image"},"exclude_global_add_ons":[],"addons":[],"acf":[],"_links":{"self":[{"href":"https:\/\/shop.kustom.ch\/en\/wp-json\/wp\/v2\/product\/691673"}],"collection":[{"href":"https:\/\/shop.kustom.ch\/en\/wp-json\/wp\/v2\/product"}],"about":[{"href":"https:\/\/shop.kustom.ch\/en\/wp-json\/wp\/v2\/types\/product"}],"wp:featuredmedia":[{"embeddable":true,"href":"https:\/\/shop.kustom.ch\/en\/wp-json\/wp\/v2\/media\/692034"}],"wp:attachment":[{"href":"https:\/\/shop.kustom.ch\/en\/wp-json\/wp\/v2\/media?parent=691673"}],"wp:term":[{"taxonomy":"product_brand","embeddable":true,"href":"https:\/\/shop.kustom.ch\/en\/wp-json\/wp\/v2\/product_brand?post=691673"},{"taxonomy":"product_cat","embeddable":true,"href":"https:\/\/shop.kustom.ch\/en\/wp-json\/wp\/v2\/product_cat?post=691673"},{"taxonomy":"product_tag","embeddable":true,"href":"https:\/\/shop.kustom.ch\/en\/wp-json\/wp\/v2\/product_tag?post=691673"}],"curies":[{"name":"wp","href":"https:\/\/api.w.org\/{rel}","templated":true}]}}