{"id":691013,"date":"2026-03-09T14:39:19","date_gmt":"2026-03-09T13:39:19","guid":{"rendered":"https:\/\/shop.kustom.ch\/?post_type=product&#038;p=691013"},"modified":"2026-03-31T13:06:48","modified_gmt":"2026-03-31T12:06:48","slug":"overshirt","status":"publish","type":"product","link":"https:\/\/shop.kustom.ch\/en\/product\/overshirt\/","title":{"rendered":"Overshirt"},"content":{"rendered":"<p>Robust unisex overshirt made from used denim. Straight and loose fit. Black buttons and large breast pocket. Sleeves with cuffs and black buttons, and back with yoke. With an easily removable label for rebranding.<\/p>\n<p>Material: 100% cotton denim<\/p>","protected":false},"excerpt":{"rendered":"<p>Robustes Unisex-Overshirt aus Used-Denim. Gerade und lockere Passform. Schwarze Kn\u00f6pfe und grosse Brusttasche. \u00c4rmel mit Manschetten und schwarzen Kn\u00f6pfen, sowie R\u00fcckenteil mit Passe. Mit einem leicht entfernbarem Etikett f\u00fcr Rebranding. Material: 100% Baumwolle Denim<\/p>","protected":false},"featured_media":690919,"template":"","meta":[],"product_brand":[],"product_cat":[9874],"product_tag":[],"class_list":{"0":"post-691013","1":"product","2":"type-product","3":"status-publish","4":"has-post-thumbnail","6":"product_cat-hemden","7":"pa_brand-clique","8":"pa_brand-type-workwear","9":"pa_filter-color-blau","11":"first","12":"instock","13":"sale","14":"taxable","15":"shipping-taxable","16":"purchasable","17":"product-type-variable","18":"add-to-wishlist-before_image"},"exclude_global_add_ons":[],"addons":[],"acf":[],"_links":{"self":[{"href":"https:\/\/shop.kustom.ch\/en\/wp-json\/wp\/v2\/product\/691013"}],"collection":[{"href":"https:\/\/shop.kustom.ch\/en\/wp-json\/wp\/v2\/product"}],"about":[{"href":"https:\/\/shop.kustom.ch\/en\/wp-json\/wp\/v2\/types\/product"}],"wp:featuredmedia":[{"embeddable":true,"href":"https:\/\/shop.kustom.ch\/en\/wp-json\/wp\/v2\/media\/690919"}],"wp:attachment":[{"href":"https:\/\/shop.kustom.ch\/en\/wp-json\/wp\/v2\/media?parent=691013"}],"wp:term":[{"taxonomy":"product_brand","embeddable":true,"href":"https:\/\/shop.kustom.ch\/en\/wp-json\/wp\/v2\/product_brand?post=691013"},{"taxonomy":"product_cat","embeddable":true,"href":"https:\/\/shop.kustom.ch\/en\/wp-json\/wp\/v2\/product_cat?post=691013"},{"taxonomy":"product_tag","embeddable":true,"href":"https:\/\/shop.kustom.ch\/en\/wp-json\/wp\/v2\/product_tag?post=691013"}],"curies":[{"name":"wp","href":"https:\/\/api.w.org\/{rel}","templated":true}]}}