{"id":690330,"date":"2026-02-09T17:28:04","date_gmt":"2026-02-09T16:28:04","guid":{"rendered":"https:\/\/shop.kustom.ch\/?post_type=product&#038;p=690330"},"modified":"2026-03-30T07:35:04","modified_gmt":"2026-03-30T06:35:04","slug":"hakro-cargo-funktionshose-x-stretch-3","status":"publish","type":"product","link":"https:\/\/shop.kustom.ch\/en\/product\/hakro-cargo-funktionshose-x-stretch-3\/","title":{"rendered":"HAKRO Cargo functional trousers X-Stretch"},"content":{"rendered":"<p>Functional trousers with stretchy waistband thanks to hard-wearing knitted insert at the back. Safety button, zip, belt loops, sewn-in reflective tape and ergonomically pre-shaped fit. Two slit pockets, with additional security zip pocket on the right. Two back pockets with embroidery, right with flap and Velcro fastening. Two cargo pockets with multifunctional dividers, can be closed with flaps and zip on the right-hand cargo pocket, as well as a folding rule pocket on the right. All zips from YKK\u00ae. Elasticated, very robust and breathable 4-way stretch material. Also available as a ladies' model. Regular fit.<\/p>\n<p>- Material: 4-way stretch material (double fabric) made from 90 % polyamide (nylon) and 10 % elastane<br \/>\n- Weight: 215 g\/m\u00b2<br \/>\n- Characteristics: breathable, water-repellent<br \/>\n- Fit: Regular fit<br \/>\n- Certificates: Fair Wear, OEKO-TEX\u00ae STANDARD 100<br \/>\n- Washing temperature: 40 \u00b0C<br \/>\n- Sizes: XS-6XL<\/p>\n<p><a href=\"http:\/\/media.hakro.com\/productsheets\/productsheet_745S_de.pdf\" target=\"_blank\" rel=\"noopener\"><u>Open product data sheet<\/u><\/a><\/p>","protected":false},"excerpt":{"rendered":"<p>Funktionelle Hose mit dehnbarem Hosenbund durch strapazierf\u00e4higen Strickeinsatz hinten. Sicherheitsknopf, Reissverschluss, G\u00fcrtelschlaufen, eingen\u00e4hte Reflexb\u00e4nder und ergonomisch vorgeformte Passform. Zwei Einschubtaschen, rechts mit zus\u00e4tzlicher Sicherheits-Reissverschlusstasche. Zwei Ges\u00e4sstaschen mit Stickerei, rechts mit Patte und Klettverschluss. Zwei Cargotaschen mit multifunktionellen Unterteilungen, verschliessbar mit Patten und Reissverschluss an der rechten Cargotasche, sowie eine Zollstock-Einschubtasche rechts. Alle Reissverschl\u00fcsse von YKK\u00ae. [&hellip;]<\/p>\n","protected":false},"featured_media":690335,"template":"","meta":[],"product_brand":[],"product_cat":[4185],"product_tag":[],"class_list":{"0":"post-690330","1":"product","2":"type-product","3":"status-publish","4":"has-post-thumbnail","6":"product_cat-hosen","7":"pa_brand-hakro","8":"pa_brand-type-workwear","9":"pa_filter-color-blau","10":"pa_filter-color-grau","11":"pa_filter-color-gruen","12":"pa_filter-color-schwarz","14":"first","15":"instock","16":"sale","17":"taxable","18":"shipping-taxable","19":"purchasable","20":"product-type-variable","21":"add-to-wishlist-before_image"},"exclude_global_add_ons":[],"addons":[],"acf":[],"_links":{"self":[{"href":"https:\/\/shop.kustom.ch\/en\/wp-json\/wp\/v2\/product\/690330"}],"collection":[{"href":"https:\/\/shop.kustom.ch\/en\/wp-json\/wp\/v2\/product"}],"about":[{"href":"https:\/\/shop.kustom.ch\/en\/wp-json\/wp\/v2\/types\/product"}],"wp:featuredmedia":[{"embeddable":true,"href":"https:\/\/shop.kustom.ch\/en\/wp-json\/wp\/v2\/media\/690335"}],"wp:attachment":[{"href":"https:\/\/shop.kustom.ch\/en\/wp-json\/wp\/v2\/media?parent=690330"}],"wp:term":[{"taxonomy":"product_brand","embeddable":true,"href":"https:\/\/shop.kustom.ch\/en\/wp-json\/wp\/v2\/product_brand?post=690330"},{"taxonomy":"product_cat","embeddable":true,"href":"https:\/\/shop.kustom.ch\/en\/wp-json\/wp\/v2\/product_cat?post=690330"},{"taxonomy":"product_tag","embeddable":true,"href":"https:\/\/shop.kustom.ch\/en\/wp-json\/wp\/v2\/product_tag?post=690330"}],"curies":[{"name":"wp","href":"https:\/\/api.w.org\/{rel}","templated":true}]}}