{"id":690142,"date":"2026-02-09T17:26:59","date_gmt":"2026-02-09T16:26:59","guid":{"rendered":"https:\/\/shop.kustom.ch\/?post_type=product&#038;p=690142"},"modified":"2026-03-30T07:34:23","modified_gmt":"2026-03-30T06:34:23","slug":"hakro-worker-jeanshose-dyneema-x-stretch-eco-2","status":"publish","type":"product","link":"https:\/\/shop.kustom.ch\/en\/product\/hakro-worker-jeanshose-dyneema-x-stretch-eco-2\/","title":{"rendered":"HAKRO Worker jeans Dyneema\u00ae X-Stretch ECO"},"content":{"rendered":"<p>Extremely robust worker jeans trousers with stretchy waistband thanks to hard-wearing knitted inserts on the sides. Belt loops, trouser button and zip. Patch on the back waistband and ergonomically pre-shaped fit. Two slit pockets, with additional security zip pocket on the right. Two back pockets with embroidery, right with flap and Velcro fastening. Two cargo pockets with multifunctional dividers, can be closed with flaps and zips. Patch ruler pocket on the right side. Buttons and rivets with HAKRO lettering. All zips from YKK\u00ae. Extremely robust bio-circular Dyneema\u00ae denim. Available in short and long sizes. Regular fit.<\/p>\n<p>- Material: Denim (fabric) made from 60.5 % cotton, 36 % polyester (recycled, REPREVE\u00ae), 2.5 % polyethylene (bio-circular Dyneema\u00ae) and 1 % elastane<br \/>\n- Weight: 420 g\/m\u00b2 (12.4 oz)<br \/>\n- Characteristics: easy-care, tear-resistant, chlorine-free bleached<br \/>\n- Fit: Regular fit<br \/>\n- Certificates: Fair Wear, OEKO-TEX\u00ae STANDARD 100, Supporting the Initiative Cotton made in Africa<br \/>\n- Washing temperature: 40 \u00b0C<br \/>\n- Sizes: 2XS-6XL<\/p>\n<p><a href=\"http:\/\/media.hakro.com\/productsheets\/productsheet_734L_de.pdf\" target=\"_blank\" rel=\"noopener\"><u>Open product data sheet<\/u><\/a><\/p>","protected":false},"excerpt":{"rendered":"<p>Extrem robuste Worker-Jeanshose mit dehnbarem Hosenbund durch strapazierf\u00e4hige Strickeins\u00e4tze an den Seiten. G\u00fcrtelschlaufen, Hosenknopf und Reissverschluss. Patch am hinteren Bund und ergonomisch vorgeformte Passform. Zwei Einschubtaschen, rechts mit zus\u00e4tzlicher Sicherheits-Reissverschlusstasche. Zwei Ges\u00e4sstaschen mit Stickerei, rechts mit Patte und Klettverschluss. Zwei Cargotaschen mit multifunktionellen Unterteilungen, verschliessbar mit Patten und Reissverschl\u00fcssen. Aufgesetzte Zollstocktasche auf der rechten Seite. [&hellip;]<\/p>\n","protected":false},"featured_media":690145,"template":"","meta":[],"product_brand":[],"product_cat":[4185],"product_tag":[],"class_list":{"0":"post-690142","1":"product","2":"type-product","3":"status-publish","4":"has-post-thumbnail","6":"product_cat-hosen","7":"pa_brand-hakro","8":"pa_brand-type-workwear","9":"pa_filter-color-blau","10":"pa_filter-color-schwarz","12":"first","13":"instock","14":"sale","15":"taxable","16":"shipping-taxable","17":"purchasable","18":"product-type-variable","19":"add-to-wishlist-before_image"},"exclude_global_add_ons":[],"addons":[],"acf":[],"_links":{"self":[{"href":"https:\/\/shop.kustom.ch\/en\/wp-json\/wp\/v2\/product\/690142"}],"collection":[{"href":"https:\/\/shop.kustom.ch\/en\/wp-json\/wp\/v2\/product"}],"about":[{"href":"https:\/\/shop.kustom.ch\/en\/wp-json\/wp\/v2\/types\/product"}],"wp:featuredmedia":[{"embeddable":true,"href":"https:\/\/shop.kustom.ch\/en\/wp-json\/wp\/v2\/media\/690145"}],"wp:attachment":[{"href":"https:\/\/shop.kustom.ch\/en\/wp-json\/wp\/v2\/media?parent=690142"}],"wp:term":[{"taxonomy":"product_brand","embeddable":true,"href":"https:\/\/shop.kustom.ch\/en\/wp-json\/wp\/v2\/product_brand?post=690142"},{"taxonomy":"product_cat","embeddable":true,"href":"https:\/\/shop.kustom.ch\/en\/wp-json\/wp\/v2\/product_cat?post=690142"},{"taxonomy":"product_tag","embeddable":true,"href":"https:\/\/shop.kustom.ch\/en\/wp-json\/wp\/v2\/product_tag?post=690142"}],"curies":[{"name":"wp","href":"https:\/\/api.w.org\/{rel}","templated":true}]}}