{"id":690076,"date":"2026-02-09T17:26:36","date_gmt":"2026-02-09T16:26:36","guid":{"rendered":"https:\/\/shop.kustom.ch\/?post_type=product&#038;p=690076"},"modified":"2026-03-30T07:34:21","modified_gmt":"2026-03-30T06:34:21","slug":"hakro-worker-performancehose-eco-3","status":"publish","type":"product","link":"https:\/\/shop.kustom.ch\/en\/product\/hakro-worker-performancehose-eco-3\/","title":{"rendered":"HAKRO Worker performance trousers ECO"},"content":{"rendered":"<p>Extremely robust and functional trousers with an elasticated waistband thanks to hard-wearing knitted inserts on the sides. Safety button, zip, belt loops, sewn-in reflective tape and ergonomically pre-shaped fit. Two slit pockets, with additional security zip pocket on the right. Two back pockets with embroidery, right with flap and Velcro fastening. Two cargo pockets with multifunctional dividers, can be closed with flaps and zip on the left-hand cargo pocket. Patch ruler pocket on the right side. All patch pockets made from CORDURA\u00ae and all zips from YKK\u00ae. Extremely robust material mix of cotton, GRS-certified recycled polyester and elastolefin. Also available as a ladies' model. Regular fit.<\/p>\n<p>- Material: Satin (fabric) made from 74 % polyester (recycled), 21 % cotton (organic) and 5 % elastolefin (XLANCE\u00ae), trimming made from 100 % CORDURA\u00ae.<br \/>\n- Weight: 285 g\/m\u00b2<br \/>\n- Characteristics: suitable for industrial laundry according to DIN EN ISO 15797, pre-shrunk, easy-care<br \/>\n- Fit: Regular fit<br \/>\n- Certificates: Fair Wear, OEKO-TEX\u00ae STANDARD 100, Global Recycled Standard (GRS), Green Button<br \/>\n- Washing temperature: 60 \u00b0C<br \/>\n- Sizes: XS-6XL<\/p>\n<p><a href=\"http:\/\/media.hakro.com\/productsheets\/productsheet_715S_de.pdf\" target=\"_blank\" rel=\"noopener\"><u>Open product data sheet<\/u><\/a><\/p>","protected":false},"excerpt":{"rendered":"<p>Extrem robuste und funktionelle Hose mit dehnbarem Hosenbund durch strapazierf\u00e4hige Strickeins\u00e4tze an den Seiten. Sicherheitsknopf, Reissverschluss, G\u00fcrtelschlaufen, eingen\u00e4hte Reflexb\u00e4nder und ergonomisch vorgeformte Passform. Zwei Einschubtaschen, rechts mit zus\u00e4tzlicher Sicherheits-Reissverschlusstasche. Zwei Ges\u00e4sstaschen mit Stickerei, rechts mit Patte und Klettverschluss. Zwei Cargotaschen mit multifunktionellen Unterteilungen, verschliessbar mit Patten und Reissverschluss an der linken Cargotasche. Aufgesetzte Zollstocktasche auf [&hellip;]<\/p>\n","protected":false},"featured_media":690097,"template":"","meta":[],"product_brand":[],"product_cat":[4185],"product_tag":[],"class_list":{"0":"post-690076","1":"product","2":"type-product","3":"status-publish","4":"has-post-thumbnail","6":"product_cat-hosen","7":"pa_brand-hakro","8":"pa_brand-type-workwear","9":"pa_filter-color-blau","10":"pa_filter-color-grau","11":"pa_filter-color-gruen","12":"pa_filter-color-schwarz","14":"first","15":"instock","16":"sale","17":"taxable","18":"shipping-taxable","19":"purchasable","20":"product-type-variable","21":"add-to-wishlist-before_image"},"exclude_global_add_ons":[],"addons":[],"acf":[],"_links":{"self":[{"href":"https:\/\/shop.kustom.ch\/en\/wp-json\/wp\/v2\/product\/690076"}],"collection":[{"href":"https:\/\/shop.kustom.ch\/en\/wp-json\/wp\/v2\/product"}],"about":[{"href":"https:\/\/shop.kustom.ch\/en\/wp-json\/wp\/v2\/types\/product"}],"wp:featuredmedia":[{"embeddable":true,"href":"https:\/\/shop.kustom.ch\/en\/wp-json\/wp\/v2\/media\/690097"}],"wp:attachment":[{"href":"https:\/\/shop.kustom.ch\/en\/wp-json\/wp\/v2\/media?parent=690076"}],"wp:term":[{"taxonomy":"product_brand","embeddable":true,"href":"https:\/\/shop.kustom.ch\/en\/wp-json\/wp\/v2\/product_brand?post=690076"},{"taxonomy":"product_cat","embeddable":true,"href":"https:\/\/shop.kustom.ch\/en\/wp-json\/wp\/v2\/product_cat?post=690076"},{"taxonomy":"product_tag","embeddable":true,"href":"https:\/\/shop.kustom.ch\/en\/wp-json\/wp\/v2\/product_tag?post=690076"}],"curies":[{"name":"wp","href":"https:\/\/api.w.org\/{rel}","templated":true}]}}