{"id":689240,"date":"2026-02-09T17:20:04","date_gmt":"2026-02-09T16:20:04","guid":{"rendered":"https:\/\/shop.kustom.ch\/?post_type=product&#038;p=689240"},"modified":"2026-03-30T07:23:06","modified_gmt":"2026-03-30T06:23:06","slug":"label-free-kapuzen-sweat-heavy-mikralinar-eco","status":"publish","type":"product","link":"https:\/\/shop.kustom.ch\/en\/product\/label-free-kapuzen-sweat-heavy-mikralinar-eco\/","title":{"rendered":"Label-Free Hooded Sweat Heavy MIKRALINAR\u00ae ECO"},"content":{"rendered":"<p>Particularly hard-wearing hooded sweatshirt with kangaroo pocket, without HAKRO main label and without flag label. Two-seam finish on the lined hood, tone-on-tone cord with silicone dip ends and metal eyelets. Leasing collar for easy labelling in commercial laundries and hanging straps in the hem. Heavyweight sweat material made from MIKRALINAR\u00ae ECO, the HAKRO performance material mix of cotton and GRS-certified, recycled polyester. Not brushed on the inside (French terry). Shape-retaining, elastane-reinforced cuffs. Loose fit: comfort fit.<\/p>\n<p>- Material: MIKRALINAR\u00ae ECO, French terry sweat material (knitted fabric) made from 50 % cotton and 50 % polyester (recycled)<br \/>\n- Weight: 350 g\/m\u00b2<br \/>\n- Characteristics: suitable for industrial laundry according to DIN EN ISO 15797, easy-care, pre-shrunk<br \/>\n- Fit: Comfort Fit<br \/>\n- Certificates: Fair Wear, OEKO-TEX\u00ae STANDARD 100, Supporting the Initiative Cotton made in Africa, Global Recycled Standard (GRS), Green Button<br \/>\n- Washing temperature: 60 \u00b0C<br \/>\n- Sizes: 2XS-6XL<\/p>\n<p><a href=\"http:\/\/media.hakro.com\/productsheets\/productsheet_0568_de.pdf\" target=\"_blank\" rel=\"noopener\"><u>Open product data sheet<\/u><\/a><\/p>","protected":false},"excerpt":{"rendered":"<p>Besonders strapazierf\u00e4higes Kapuzen-Sweatshirt mit K\u00e4ngurutasche, ohne HAKRO Mainlabel und ohne Flaglabel. Zweinaht-Verarbeitung an der gef\u00fctterten Kapuze, Kordel mit Silikon-Dip-Enden Ton in Ton und Metall\u00f6sen. Leasingkoller zur einfachen Kennzeichnung in der gewerblichen W\u00e4scherei und Aufh\u00e4ngeb\u00e4nder im Saum. Schweres Sweatmaterial aus MIKRALINAR\u00ae ECO, dem HAKRO Performance-Materialmix aus Baumwolle und GRS-zertifiziertem, recyceltem Polyester. Innenseite nicht angeraut (French Terry). [&hellip;]<\/p>\n","protected":false},"featured_media":689279,"template":"","meta":[],"product_brand":[],"product_cat":[4191],"product_tag":[],"class_list":{"0":"post-689240","1":"product","2":"type-product","3":"status-publish","4":"has-post-thumbnail","6":"product_cat-longsleeves-sweatshirts","7":"pa_brand-hakro","8":"pa_brand-type-workwear","9":"pa_filter-color-blau","10":"pa_filter-color-grau","11":"pa_filter-color-schwarz","12":"pa_filter-color-weiss","14":"first","15":"instock","16":"sale","17":"taxable","18":"shipping-taxable","19":"purchasable","20":"product-type-variable","21":"add-to-wishlist-before_image"},"exclude_global_add_ons":[],"addons":[],"acf":[],"_links":{"self":[{"href":"https:\/\/shop.kustom.ch\/en\/wp-json\/wp\/v2\/product\/689240"}],"collection":[{"href":"https:\/\/shop.kustom.ch\/en\/wp-json\/wp\/v2\/product"}],"about":[{"href":"https:\/\/shop.kustom.ch\/en\/wp-json\/wp\/v2\/types\/product"}],"wp:featuredmedia":[{"embeddable":true,"href":"https:\/\/shop.kustom.ch\/en\/wp-json\/wp\/v2\/media\/689279"}],"wp:attachment":[{"href":"https:\/\/shop.kustom.ch\/en\/wp-json\/wp\/v2\/media?parent=689240"}],"wp:term":[{"taxonomy":"product_brand","embeddable":true,"href":"https:\/\/shop.kustom.ch\/en\/wp-json\/wp\/v2\/product_brand?post=689240"},{"taxonomy":"product_cat","embeddable":true,"href":"https:\/\/shop.kustom.ch\/en\/wp-json\/wp\/v2\/product_cat?post=689240"},{"taxonomy":"product_tag","embeddable":true,"href":"https:\/\/shop.kustom.ch\/en\/wp-json\/wp\/v2\/product_tag?post=689240"}],"curies":[{"name":"wp","href":"https:\/\/api.w.org\/{rel}","templated":true}]}}