{"id":688843,"date":"2026-02-09T16:58:47","date_gmt":"2026-02-09T15:58:47","guid":{"rendered":"https:\/\/shop.kustom.ch\/?post_type=product&#038;p=688843"},"modified":"2026-03-30T07:15:24","modified_gmt":"2026-03-30T06:15:24","slug":"label-free-damen-poloshirt-heavy-mikralinar-eco","status":"publish","type":"product","link":"https:\/\/shop.kustom.ch\/en\/product\/label-free-damen-poloshirt-heavy-mikralinar-eco\/","title":{"rendered":"Label-Free ladies' polo shirt Heavy MIKRALINAR\u00ae ECO"},"content":{"rendered":"<p>Particularly hard-wearing polo shirt without HAKRO main label, without flag label, with four-hole button placket. Tone-on-tone buttons, neck tape and double-locked side slits. Leasing collar for easy labelling in commercial laundries and hanging straps in the hem. Particularly easy-care and functional piqu\u00e9 made from MIKRALINAR\u00ae ECO, the HAKRO performance material mix of cotton and GRS-certified, recycled polyester. Also available as a unisex model with a three-hole button placket. Loose fit: comfort fit.<\/p>\n<p>- Material: MIKRALINAR\u00ae ECO, piqu\u00e9 made from 50 % cotton and 50 % polyester (recycled)<br \/>\n- Weight: 220 g\/m\u00b2<br \/>\n- Characteristics: suitable for industrial laundry according to DIN EN ISO 15797, easy-care, pre-shrunk<br \/>\n- Fit: Comfort Fit<br \/>\n- Certificates: Fair Wear, OEKO-TEX\u00ae STANDARD 100, Supporting the Initiative Cotton made in Africa, Global Recycled Standard (GRS), Green Button<br \/>\n- Washing temperature: 60 \u00b0C<br \/>\n- Sizes: 2XS-6XL<\/p>\n<p><a href=\"http:\/\/media.hakro.com\/productsheets\/productsheet_0303_de.pdf\" target=\"_blank\" rel=\"noopener\"><u>Open product data sheet<\/u><\/a><\/p>","protected":false},"excerpt":{"rendered":"<p>Besonders strapazierf\u00e4higes Poloshirt ohne HAKRO Mainlabel, ohne Flaglabel, mit Vier-Loch-Knopfleiste. Kn\u00f6pfe Ton in Ton, Nackenband und doppelt geriegelte Seitenschlitze. Leasingkoller zur einfachen Kennzeichnung in der gewerblichen W\u00e4scherei und Aufh\u00e4ngeb\u00e4nder im Saum. Besonders pflegeleichtes und funktionelles Piqu\u00e9 aus MIKRALINAR\u00ae ECO, dem HAKRO Performance-Materialmix aus Baumwolle und GRS-zertifiziertem, recyceltem Polyester. Verf\u00fcgbar auch als Unisexmodell mit Drei-Loch-Knopfleiste. Lockere [&hellip;]<\/p>\n","protected":false},"featured_media":688844,"template":"","meta":[],"product_brand":[],"product_cat":[4193],"product_tag":[],"class_list":{"0":"post-688843","1":"product","2":"type-product","3":"status-publish","4":"has-post-thumbnail","6":"product_cat-polos","7":"pa_brand-hakro","8":"pa_brand-type-workwear","9":"pa_filter-color-blau","10":"pa_filter-color-grau","11":"pa_filter-color-schwarz","12":"pa_filter-color-weiss","14":"first","15":"instock","16":"sale","17":"taxable","18":"shipping-taxable","19":"purchasable","20":"product-type-variable","21":"add-to-wishlist-before_image"},"exclude_global_add_ons":[],"addons":[],"acf":[],"_links":{"self":[{"href":"https:\/\/shop.kustom.ch\/en\/wp-json\/wp\/v2\/product\/688843"}],"collection":[{"href":"https:\/\/shop.kustom.ch\/en\/wp-json\/wp\/v2\/product"}],"about":[{"href":"https:\/\/shop.kustom.ch\/en\/wp-json\/wp\/v2\/types\/product"}],"wp:featuredmedia":[{"embeddable":true,"href":"https:\/\/shop.kustom.ch\/en\/wp-json\/wp\/v2\/media\/688844"}],"wp:attachment":[{"href":"https:\/\/shop.kustom.ch\/en\/wp-json\/wp\/v2\/media?parent=688843"}],"wp:term":[{"taxonomy":"product_brand","embeddable":true,"href":"https:\/\/shop.kustom.ch\/en\/wp-json\/wp\/v2\/product_brand?post=688843"},{"taxonomy":"product_cat","embeddable":true,"href":"https:\/\/shop.kustom.ch\/en\/wp-json\/wp\/v2\/product_cat?post=688843"},{"taxonomy":"product_tag","embeddable":true,"href":"https:\/\/shop.kustom.ch\/en\/wp-json\/wp\/v2\/product_tag?post=688843"}],"curies":[{"name":"wp","href":"https:\/\/api.w.org\/{rel}","templated":true}]}}