{"id":688770,"date":"2026-02-09T16:58:09","date_gmt":"2026-02-09T15:58:09","guid":{"rendered":"https:\/\/shop.kustom.ch\/?post_type=product&#038;p=688770"},"modified":"2026-03-30T07:13:57","modified_gmt":"2026-03-30T06:13:57","slug":"hakro-damen-kapuzen-thermo-loftjacke","status":"publish","type":"product","link":"https:\/\/shop.kustom.ch\/en\/product\/hakro-damen-kapuzen-thermo-loftjacke\/","title":{"rendered":"HAKRO ladies' hooded thermal loft jacket"},"content":{"rendered":"<p>Warm insulating jacket with a double-stitched hood and elasticated cuffs. Attached hood that can be rolled up to form a collar. Width-adjustable hem with drawstring and stoppers. High-quality 2-way front zip and side slit pockets with zip. All YKK\u00ae zips in black with reversible black zip pullers. Micro ripstop nylon with padding made of warm and easy-care synthetic fibre. A concealed zip in the inner back section (inspection opening) allows the jacket to be easily and individually finished. Also available as a unisex model. Regular fit.<\/p>\n<p>- Material: Micro ripstop made from 100 % polyamide (nylon), padding made from 100 % polyester<br \/>\n- Weight:<br \/>\n- Characteristics: water-repellent, breathable<br \/>\n- Fit: Regular fit<br \/>\n- Certificates: Fair Wear, OEKO-TEX\u00ae STANDARD 100<br \/>\n- Washing temperature: 30 \u00b0C<br \/>\n- Sizes: XS-3XL<\/p>\n<p><a href=\"http:\/\/media.hakro.com\/productsheets\/productsheet_0289_de.pdf\" target=\"_blank\" rel=\"noopener\"><u>Open product data sheet<\/u><\/a><\/p>","protected":false},"excerpt":{"rendered":"<p>W\u00e4rmende Isolationsjacke mit Zweinaht-Verarbeitung an der Kapuze und elastischen \u00c4rmelabschl\u00fcssen. Angeschnittene Kapuze, die eingerollt zum Kragen wird. Weitenregulierbarer Saumabschluss mit Tunnelkordelzug und Stoppern. Hochwertiger 2-Wege-Frontreissverschluss und seitliche Einschubtaschen mit Reissverschluss. Alle Reissverschl\u00fcsse von YKK\u00ae in Schwarz mit reversiblen, schwarzen Reissverschlussanh\u00e4ngern. Micro-Ripstop-Nylon mit Wattierung aus w\u00e4rmender und pflegeleichter Kunstfaser. Ein verdeckter Reissverschluss im inneren R\u00fcckenteil (Revisions\u00f6ffnung) [&hellip;]<\/p>\n","protected":false},"featured_media":688771,"template":"","meta":[],"product_brand":[],"product_cat":[4186],"product_tag":[],"class_list":{"0":"post-688770","1":"product","2":"type-product","3":"status-publish","4":"has-post-thumbnail","6":"product_cat-jacken","7":"pa_brand-hakro","8":"pa_brand-type-workwear","9":"pa_filter-color-blau","10":"pa_filter-color-grau","11":"pa_filter-color-gruen","12":"pa_filter-color-schwarz","14":"first","15":"instock","16":"sale","17":"taxable","18":"shipping-taxable","19":"purchasable","20":"product-type-variable","21":"add-to-wishlist-before_image"},"exclude_global_add_ons":[],"addons":[],"acf":[],"_links":{"self":[{"href":"https:\/\/shop.kustom.ch\/en\/wp-json\/wp\/v2\/product\/688770"}],"collection":[{"href":"https:\/\/shop.kustom.ch\/en\/wp-json\/wp\/v2\/product"}],"about":[{"href":"https:\/\/shop.kustom.ch\/en\/wp-json\/wp\/v2\/types\/product"}],"wp:featuredmedia":[{"embeddable":true,"href":"https:\/\/shop.kustom.ch\/en\/wp-json\/wp\/v2\/media\/688771"}],"wp:attachment":[{"href":"https:\/\/shop.kustom.ch\/en\/wp-json\/wp\/v2\/media?parent=688770"}],"wp:term":[{"taxonomy":"product_brand","embeddable":true,"href":"https:\/\/shop.kustom.ch\/en\/wp-json\/wp\/v2\/product_brand?post=688770"},{"taxonomy":"product_cat","embeddable":true,"href":"https:\/\/shop.kustom.ch\/en\/wp-json\/wp\/v2\/product_cat?post=688770"},{"taxonomy":"product_tag","embeddable":true,"href":"https:\/\/shop.kustom.ch\/en\/wp-json\/wp\/v2\/product_tag?post=688770"}],"curies":[{"name":"wp","href":"https:\/\/api.w.org\/{rel}","templated":true}]}}