{"id":688736,"date":"2026-02-09T16:57:54","date_gmt":"2026-02-09T15:57:54","guid":{"rendered":"https:\/\/shop.kustom.ch\/?post_type=product&#038;p=688736"},"modified":"2026-03-30T07:13:42","modified_gmt":"2026-03-30T06:13:42","slug":"hakro-damen-high-activejacke-eco","status":"publish","type":"product","link":"https:\/\/shop.kustom.ch\/en\/product\/hakro-damen-high-activejacke-eco\/","title":{"rendered":"HAKRO Ladies High-Active Jacket ECO"},"content":{"rendered":"<p>Lightweight, functional active jacket with waterproof and windproof outer material and taped seams. Dark contrasting inside. Attached hood with double-stitching that can be rolled up to form a collar. Width-adjustable cuffs with Velcro tape for continuous adjustment. Elongated, rounded back section. Width-adjustable hem with drawstring and stoppers. High-quality 2-way front zip with inner wind flap. Side pockets and chest pocket with zips. All zips from YKK\u00ae, waterproof, in black and with reversible black zip pullers. Durable outer material made from 2.5-layer laminate with TRIACTIVE PRO technology: a waterproof and windproof membrane that is also breathable. Also available as a unisex model. Regular fit.<\/p>\n<p>- Material: TRIACTIVE PRO, 2.5-layer laminate made from 100 % polyester (recycled)<br \/>\n- Weight: 90 g\/m\u00b2<br \/>\n- Characteristics: windproof, waterproof (outer material with water column 13,000 mm), extremely breathable (water vapour permeability RET &lt;6)<br \/>\n- Fit: Regular fit<br \/>\n- Certificates: Fair Wear, OEKO-TEX\u00ae STANDARD 100, Global Recycled Standard (GRS), Green Button<br \/>\n- Washing temperature: 30 \u00b0C<br \/>\n- Sizes: XS-3XL<\/p>\n<p><a href=\"http:\/\/media.hakro.com\/productsheets\/productsheet_0284_de.pdf\" target=\"_blank\" rel=\"noopener\"><u>Open product data sheet<\/u><\/a><\/p>","protected":false},"excerpt":{"rendered":"<p>Leichte, funktionelle Activejacke mit wasser- und winddichtem Obermaterial sowie getapten N\u00e4hten. Innenseite in dunklem Kontrast. Angeschnittene Kapuze mit Zweinaht-Verarbeitung, die eingerollt zum Kragen wird. Weitenverstellbare \u00c4rmelb\u00fcndchen mit Klettband zum stufenlosen Regulieren. Verl\u00e4ngertes, abgerundetes R\u00fcckenteil. Weitenregulierbarer Saumabschluss mit Tunnelkordelzug und Stoppern. Hochwertiger 2-Wege-Frontreissverschluss mit innenliegender Windschutzpatte. Seitentaschen und Brusttasche mit Reissverschl\u00fcssen. Alle Reissverschl\u00fcsse von YKK\u00ae, wasserdicht, [&hellip;]<\/p>\n","protected":false},"featured_media":688737,"template":"","meta":[],"product_brand":[],"product_cat":[4186],"product_tag":[],"class_list":{"0":"post-688736","1":"product","2":"type-product","3":"status-publish","4":"has-post-thumbnail","6":"product_cat-jacken","7":"pa_brand-hakro","8":"pa_brand-type-workwear","9":"pa_filter-color-blau","10":"pa_filter-color-grau","11":"pa_filter-color-gruen","12":"pa_filter-color-schwarz","14":"first","15":"instock","16":"sale","17":"taxable","18":"shipping-taxable","19":"purchasable","20":"product-type-variable","21":"add-to-wishlist-before_image"},"exclude_global_add_ons":[],"addons":[],"acf":[],"_links":{"self":[{"href":"https:\/\/shop.kustom.ch\/en\/wp-json\/wp\/v2\/product\/688736"}],"collection":[{"href":"https:\/\/shop.kustom.ch\/en\/wp-json\/wp\/v2\/product"}],"about":[{"href":"https:\/\/shop.kustom.ch\/en\/wp-json\/wp\/v2\/types\/product"}],"wp:featuredmedia":[{"embeddable":true,"href":"https:\/\/shop.kustom.ch\/en\/wp-json\/wp\/v2\/media\/688737"}],"wp:attachment":[{"href":"https:\/\/shop.kustom.ch\/en\/wp-json\/wp\/v2\/media?parent=688736"}],"wp:term":[{"taxonomy":"product_brand","embeddable":true,"href":"https:\/\/shop.kustom.ch\/en\/wp-json\/wp\/v2\/product_brand?post=688736"},{"taxonomy":"product_cat","embeddable":true,"href":"https:\/\/shop.kustom.ch\/en\/wp-json\/wp\/v2\/product_cat?post=688736"},{"taxonomy":"product_tag","embeddable":true,"href":"https:\/\/shop.kustom.ch\/en\/wp-json\/wp\/v2\/product_tag?post=688736"}],"curies":[{"name":"wp","href":"https:\/\/api.w.org\/{rel}","templated":true}]}}