{"id":688154,"date":"2026-02-05T20:02:13","date_gmt":"2026-02-05T19:02:13","guid":{"rendered":"https:\/\/shop.kustom.ch\/?post_type=product&#038;p=688154"},"modified":"2026-03-31T12:51:30","modified_gmt":"2026-03-31T11:51:30","slug":"fleece-neckwarmer","status":"publish","type":"product","link":"https:\/\/shop.kustom.ch\/en\/product\/fleece-neckwarmer\/","title":{"rendered":"Fleece neckwarmer"},"content":{"rendered":"<p>Keeps you warm - even on the coldest days; micro-fleece; finger nubs provide a secure grip; Velcro fastening for a perfect fit<br \/>\n100% Polyester<\/p>","protected":false},"excerpt":{"rendered":"<p>H\u00e4lt warm &#8211; auch an den k\u00e4ltesten Tagen; Micro-Fleece; Fingernoppen bieten einen sicheren Grip; Klettverschluss f\u00fcr eine perfekte Passform 100% Polyester<\/p>","protected":false},"featured_media":688200,"template":"","meta":[],"product_brand":[],"product_cat":[10502,4209],"product_tag":[],"class_list":{"0":"post-688154","1":"product","2":"type-product","3":"status-publish","4":"has-post-thumbnail","6":"product_cat-halswaermer","7":"product_cat-zubehoer","8":"pa_brand-erima","9":"pa_brand-type-sportswear","10":"pa_filter-color-schwarz","12":"first","13":"instock","14":"sale","15":"taxable","16":"shipping-taxable","17":"purchasable","18":"product-type-variable","19":"add-to-wishlist-before_image"},"exclude_global_add_ons":[],"addons":[],"acf":[],"_links":{"self":[{"href":"https:\/\/shop.kustom.ch\/en\/wp-json\/wp\/v2\/product\/688154"}],"collection":[{"href":"https:\/\/shop.kustom.ch\/en\/wp-json\/wp\/v2\/product"}],"about":[{"href":"https:\/\/shop.kustom.ch\/en\/wp-json\/wp\/v2\/types\/product"}],"wp:featuredmedia":[{"embeddable":true,"href":"https:\/\/shop.kustom.ch\/en\/wp-json\/wp\/v2\/media\/688200"}],"wp:attachment":[{"href":"https:\/\/shop.kustom.ch\/en\/wp-json\/wp\/v2\/media?parent=688154"}],"wp:term":[{"taxonomy":"product_brand","embeddable":true,"href":"https:\/\/shop.kustom.ch\/en\/wp-json\/wp\/v2\/product_brand?post=688154"},{"taxonomy":"product_cat","embeddable":true,"href":"https:\/\/shop.kustom.ch\/en\/wp-json\/wp\/v2\/product_cat?post=688154"},{"taxonomy":"product_tag","embeddable":true,"href":"https:\/\/shop.kustom.ch\/en\/wp-json\/wp\/v2\/product_tag?post=688154"}],"curies":[{"name":"wp","href":"https:\/\/api.w.org\/{rel}","templated":true}]}}