{"id":688096,"date":"2026-02-05T20:01:17","date_gmt":"2026-02-05T19:01:17","guid":{"rendered":"https:\/\/shop.kustom.ch\/?post_type=product&#038;p=688096"},"modified":"2026-03-31T12:50:08","modified_gmt":"2026-03-31T11:50:08","slug":"intro-line-sportsbag-with-bottom-case","status":"publish","type":"product","link":"https:\/\/shop.kustom.ch\/en\/product\/intro-line-sportsbag-with-bottom-case\/","title":{"rendered":"INTRO LINE Sportsbag with bottom case"},"content":{"rendered":"<p>Your team. Your bag. Your Intro Line.<br \/>\nVersatile: Perfect for football, camps and all team sports; Modern colour palette: Black, New Navy, Emerald and New Bordeaux for a fresh look; Large logo areas: Perfect for club crests or sponsor prints; Lightweight: Comfortable to carry, even when fully loaded; Robust &amp; durable: Durable material for everyday use.Side shoe\/wet compartment: the perfect separation option; Side mesh pocket: for water bottle, valuables or small items; Fixed shoulder strap: robust, durable construction for frequent use; Size S: 40*25*25 cm (approx. 25 litres); Size M: 50*29*29 cm (approx. 42 litres); Size L: 60*33*33 cm (approx. 65.3 litres)<\/p>","protected":false},"excerpt":{"rendered":"<p>Dein Team. Deine Tasche. Deine Intro Line. Vielseitig einsetzbar: Perfekt f\u00fcr Fussball, Camps und alle Teamsportarten; Moderne Farbpalette: Schwarz, New Navy, Smaragd und New Bordeaux f\u00fcr einen frischen Look; Grosse Logo-Fl\u00e4chen: Perfekt f\u00fcr Vereinswappen oder Sponsoren-Prints; Leichtgewicht: Angenehm zu tragen, selbst bei voller Beladung.; Robust &amp; langlebig: Strapazierf\u00e4higes Material f\u00fcr den t\u00e4glichen Einsatz.; Seitliches Schuh-\/Nassfach: [&hellip;]<\/p>\n","protected":false},"featured_media":688127,"template":"","meta":[],"product_brand":[],"product_cat":[4195,4209],"product_tag":[],"class_list":{"0":"post-688096","1":"product","2":"type-product","3":"status-publish","4":"has-post-thumbnail","6":"product_cat-rucksaecke-taschen","7":"product_cat-zubehoer","8":"pa_brand-erima","9":"pa_brand-type-sportswear","10":"pa_filter-color-blau","11":"pa_filter-color-gruen","12":"pa_filter-color-rot","13":"pa_filter-color-schwarz","15":"first","16":"instock","17":"sale","18":"taxable","19":"shipping-taxable","20":"purchasable","21":"product-type-variable","22":"add-to-wishlist-before_image"},"exclude_global_add_ons":[],"addons":[],"acf":[],"_links":{"self":[{"href":"https:\/\/shop.kustom.ch\/en\/wp-json\/wp\/v2\/product\/688096"}],"collection":[{"href":"https:\/\/shop.kustom.ch\/en\/wp-json\/wp\/v2\/product"}],"about":[{"href":"https:\/\/shop.kustom.ch\/en\/wp-json\/wp\/v2\/types\/product"}],"wp:featuredmedia":[{"embeddable":true,"href":"https:\/\/shop.kustom.ch\/en\/wp-json\/wp\/v2\/media\/688127"}],"wp:attachment":[{"href":"https:\/\/shop.kustom.ch\/en\/wp-json\/wp\/v2\/media?parent=688096"}],"wp:term":[{"taxonomy":"product_brand","embeddable":true,"href":"https:\/\/shop.kustom.ch\/en\/wp-json\/wp\/v2\/product_brand?post=688096"},{"taxonomy":"product_cat","embeddable":true,"href":"https:\/\/shop.kustom.ch\/en\/wp-json\/wp\/v2\/product_cat?post=688096"},{"taxonomy":"product_tag","embeddable":true,"href":"https:\/\/shop.kustom.ch\/en\/wp-json\/wp\/v2\/product_tag?post=688096"}],"curies":[{"name":"wp","href":"https:\/\/api.w.org\/{rel}","templated":true}]}}