{"id":688093,"date":"2026-02-05T20:01:17","date_gmt":"2026-02-05T19:01:17","guid":{"rendered":"https:\/\/shop.kustom.ch\/?post_type=product&#038;p=688093"},"modified":"2026-03-31T12:50:03","modified_gmt":"2026-03-31T11:50:03","slug":"erima-rolltop-backpack","status":"publish","type":"product","link":"https:\/\/shop.kustom.ch\/en\/product\/erima-rolltop-backpack\/","title":{"rendered":"ERIMA Rolltop Backpack"},"content":{"rendered":"<p>Stylish companion for sport and everyday wear.<br \/>\nThe backpack without bottom compartment; Simple black design; Front compartment with divided organiser pocket; Rear compartment with separate laptop compartment and small inner pocket with zip; Front compartment with fleece lining for maximum protection of smartphone &amp; co.; Two side mesh pockets, ideal for drinking bottles; Comfortably padded back and shoulder straps; Water resistant reverse polyester on the underside; Dimensions (L x W x H) approx. 45x31x14.5 cm; Volume approx. 21 litres<br \/>\n100% Polyester<\/p>","protected":false},"excerpt":{"rendered":"<p>Stylischer Begleiter f\u00fcr Sport und Alltag. Der Rucksack ohne Bodenfach; Schlichtes schwarzes Design; Vorderes Fach mit unterteilter Organizertasche; Hinteres Fach mit separatem Laptop Fach und kleiner Innentasche mit Reissverschluss; Frontfach mit Fleece-Futter f\u00fcr maximalen Schutz von Smartphone &amp; Co.; Zwei seitliche Mesh-Taschen, ideal f\u00fcr Trinkflaschen; Angenehm gepolsterte R\u00fcckseite und Schultergurte; Water resistent reverse Polyester an [&hellip;]<\/p>\n","protected":false},"featured_media":688102,"template":"","meta":[],"product_brand":[],"product_cat":[4195,4209],"product_tag":[],"class_list":{"0":"post-688093","1":"product","2":"type-product","3":"status-publish","4":"has-post-thumbnail","6":"product_cat-rucksaecke-taschen","7":"product_cat-zubehoer","8":"pa_brand-erima","9":"pa_brand-type-sportswear","10":"pa_filter-color-schwarz","12":"first","13":"instock","14":"sale","15":"taxable","16":"shipping-taxable","17":"purchasable","18":"product-type-variable","19":"add-to-wishlist-before_image"},"exclude_global_add_ons":[],"addons":[],"acf":[],"_links":{"self":[{"href":"https:\/\/shop.kustom.ch\/en\/wp-json\/wp\/v2\/product\/688093"}],"collection":[{"href":"https:\/\/shop.kustom.ch\/en\/wp-json\/wp\/v2\/product"}],"about":[{"href":"https:\/\/shop.kustom.ch\/en\/wp-json\/wp\/v2\/types\/product"}],"wp:featuredmedia":[{"embeddable":true,"href":"https:\/\/shop.kustom.ch\/en\/wp-json\/wp\/v2\/media\/688102"}],"wp:attachment":[{"href":"https:\/\/shop.kustom.ch\/en\/wp-json\/wp\/v2\/media?parent=688093"}],"wp:term":[{"taxonomy":"product_brand","embeddable":true,"href":"https:\/\/shop.kustom.ch\/en\/wp-json\/wp\/v2\/product_brand?post=688093"},{"taxonomy":"product_cat","embeddable":true,"href":"https:\/\/shop.kustom.ch\/en\/wp-json\/wp\/v2\/product_cat?post=688093"},{"taxonomy":"product_tag","embeddable":true,"href":"https:\/\/shop.kustom.ch\/en\/wp-json\/wp\/v2\/product_tag?post=688093"}],"curies":[{"name":"wp","href":"https:\/\/api.w.org\/{rel}","templated":true}]}}