{"id":688031,"date":"2026-02-05T20:00:33","date_gmt":"2026-02-05T19:00:33","guid":{"rendered":"https:\/\/shop.kustom.ch\/?post_type=product&#038;p=688031"},"modified":"2026-03-31T12:49:02","modified_gmt":"2026-03-31T11:49:02","slug":"aeroclaw-protect","status":"publish","type":"product","link":"https:\/\/shop.kustom.ch\/en\/product\/aeroclaw-protect\/","title":{"rendered":"AeroClaw Protect"},"content":{"rendered":"<p>Precise grip and optimum fit - the training glove for all surfaces and all weather conditions; 3 mm special latex for precise grip and reliable cushioning - Made in Germany; Latex backhand with embossed punch zone; Negative cut for precise feel for the ball and optimum control; Elasticated bandage for easy entry; Velcro strap with 360\u00b0 fixation for optimum stability; Thumb wrap for more ball control; Suitable for hard surfaces; 4-11 in all sizes;<br \/>\n40% Latex, 30% Polyester, 24% Velcro, 6% Other<\/p>","protected":false},"excerpt":{"rendered":"<p>Pr\u00e4ziser Grip und optimale Passform \u2013 der Trainingshandschuh f\u00fcr alle Untergr\u00fcnde und jede Witterung; 3 mm Spezial Latex f\u00fcr pr\u00e4zisen Grip und zuverl\u00e4ssige D\u00e4mpfung &#8211; Made in Germany; Latex Oberhand mit gepr\u00e4gter Punch Zone; Negative Cut f\u00fcr pr\u00e4zises Ballgef\u00fchl und optimale Kontrolle; Elastische Bandage f\u00fcr einfachen Einstieg; Klett-Riegel mit 360\u00b0-Fixierung f\u00fcr optimale Stabilit\u00e4t; Thumb Wrap [&hellip;]<\/p>\n","protected":false},"featured_media":688051,"template":"","meta":[],"product_brand":[],"product_cat":[4203,4209],"product_tag":[],"class_list":{"0":"post-688031","1":"product","2":"type-product","3":"status-publish","4":"has-post-thumbnail","6":"product_cat-torwarthandschuhe","7":"product_cat-zubehoer","8":"pa_brand-erima","9":"pa_brand-type-sportswear","10":"pa_filter-color-weiss","12":"first","13":"instock","14":"sale","15":"taxable","16":"shipping-taxable","17":"purchasable","18":"product-type-variable","19":"add-to-wishlist-before_image"},"exclude_global_add_ons":[],"addons":[],"acf":[],"_links":{"self":[{"href":"https:\/\/shop.kustom.ch\/en\/wp-json\/wp\/v2\/product\/688031"}],"collection":[{"href":"https:\/\/shop.kustom.ch\/en\/wp-json\/wp\/v2\/product"}],"about":[{"href":"https:\/\/shop.kustom.ch\/en\/wp-json\/wp\/v2\/types\/product"}],"wp:featuredmedia":[{"embeddable":true,"href":"https:\/\/shop.kustom.ch\/en\/wp-json\/wp\/v2\/media\/688051"}],"wp:attachment":[{"href":"https:\/\/shop.kustom.ch\/en\/wp-json\/wp\/v2\/media?parent=688031"}],"wp:term":[{"taxonomy":"product_brand","embeddable":true,"href":"https:\/\/shop.kustom.ch\/en\/wp-json\/wp\/v2\/product_brand?post=688031"},{"taxonomy":"product_cat","embeddable":true,"href":"https:\/\/shop.kustom.ch\/en\/wp-json\/wp\/v2\/product_cat?post=688031"},{"taxonomy":"product_tag","embeddable":true,"href":"https:\/\/shop.kustom.ch\/en\/wp-json\/wp\/v2\/product_tag?post=688031"}],"curies":[{"name":"wp","href":"https:\/\/api.w.org\/{rel}","templated":true}]}}