{"id":687998,"date":"2026-02-05T20:00:00","date_gmt":"2026-02-05T19:00:00","guid":{"rendered":"https:\/\/shop.kustom.ch\/?post_type=product&#038;p=687998"},"modified":"2026-03-31T12:48:49","modified_gmt":"2026-03-31T11:48:49","slug":"aeroclaw-star","status":"publish","type":"product","link":"https:\/\/shop.kustom.ch\/en\/product\/aeroclaw-star\/","title":{"rendered":"AeroClaw Star"},"content":{"rendered":"<p>Perfect fit and outstanding grip - your match glove for absolute control in every game situation; 4?mm Hypersoft latex for professional grip - Made in Germany; Breathable knit backhand for maximum comfort and optimum ventilation; Negative cut for precise ball feel and optimum control; 3D gel punch zone for targeted impact power and protection when fisting; Extended cuff for easy entry and more stability; Strapless design for comfort fit and secure hold; Thumb wrap and extended palm for optimum ball control; Maximum flexibility thanks to elasticated knit; 7-12 in full sizes;<br \/>\n50 % latex, 45 % polyester, 5 % other<\/p>","protected":false},"excerpt":{"rendered":"<p>Perfekte Passform und \u00fcberragender Grip &#8211; dein Matchhandschuh f\u00fcr die absolute Kontrolle in jeder Spielsituation; 4?mm Hypersoft-Latex f\u00fcr professionellen Grip &#8211; Made in Germany; Atmungsaktive Knit-Oberhand f\u00fcr maximalen Komfort und optimale Bel\u00fcftung; Negative Cut f\u00fcr pr\u00e4zises Ballgef\u00fchl und optimale Kontrolle; 3D-Gel Punch Zone f\u00fcr gezielte Schlagkraft und Schutz beim Fausten; Verl\u00e4ngerte Bandage f\u00fcr einfachen Einstieg [&hellip;]<\/p>\n","protected":false},"featured_media":688027,"template":"","meta":[],"product_brand":[],"product_cat":[4203,4209],"product_tag":[],"class_list":{"0":"post-687998","1":"product","2":"type-product","3":"status-publish","4":"has-post-thumbnail","6":"product_cat-torwarthandschuhe","7":"product_cat-zubehoer","8":"pa_brand-erima","9":"pa_brand-type-sportswear","10":"pa_filter-color-rot","11":"pa_filter-color-schwarz","13":"first","14":"instock","15":"sale","16":"taxable","17":"shipping-taxable","18":"purchasable","19":"product-type-variable","20":"add-to-wishlist-before_image"},"exclude_global_add_ons":[],"addons":[],"acf":[],"_links":{"self":[{"href":"https:\/\/shop.kustom.ch\/en\/wp-json\/wp\/v2\/product\/687998"}],"collection":[{"href":"https:\/\/shop.kustom.ch\/en\/wp-json\/wp\/v2\/product"}],"about":[{"href":"https:\/\/shop.kustom.ch\/en\/wp-json\/wp\/v2\/types\/product"}],"wp:featuredmedia":[{"embeddable":true,"href":"https:\/\/shop.kustom.ch\/en\/wp-json\/wp\/v2\/media\/688027"}],"wp:attachment":[{"href":"https:\/\/shop.kustom.ch\/en\/wp-json\/wp\/v2\/media?parent=687998"}],"wp:term":[{"taxonomy":"product_brand","embeddable":true,"href":"https:\/\/shop.kustom.ch\/en\/wp-json\/wp\/v2\/product_brand?post=687998"},{"taxonomy":"product_cat","embeddable":true,"href":"https:\/\/shop.kustom.ch\/en\/wp-json\/wp\/v2\/product_cat?post=687998"},{"taxonomy":"product_tag","embeddable":true,"href":"https:\/\/shop.kustom.ch\/en\/wp-json\/wp\/v2\/product_tag?post=687998"}],"curies":[{"name":"wp","href":"https:\/\/api.w.org\/{rel}","templated":true}]}}