{"id":687915,"date":"2026-02-05T19:58:51","date_gmt":"2026-02-05T18:58:51","guid":{"rendered":"https:\/\/shop.kustom.ch\/?post_type=product&#038;p=687915"},"modified":"2026-03-31T12:47:35","modified_gmt":"2026-03-31T11:47:35","slug":"erima-hybrid-training-2-0-2","status":"publish","type":"product","link":"https:\/\/shop.kustom.ch\/en\/product\/erima-hybrid-training-2-0-2\/","title":{"rendered":"ERIMA HYBRID Training 2.0"},"content":{"rendered":"<p>Glued &amp; seamless technology; Newly developed upper material for even better playing behaviour and soft feel; Perfect roundness thanks to innovative ERIMA 18 panel construction and ERIMA 8-Circel-Concept; 3D-structured surface for excellent ball feel; Precise, fast acceleration; Minimal water absorption in the rain; ABS valve\/carbon latex bladder with 8 wings; Water-based printing inks<br \/>\nUpper material: 100% polyurethane<\/p>","protected":false},"excerpt":{"rendered":"<p>Geklebte &amp; nahtlose Technologie; Neu entwickeltes Obermaterial f\u00fcr ein noch besseres Spielverhalten und weiches Spielgef\u00fchl; Perfekte Rundheit dank innovativer ERIMA 18 Panel-Konstruktion und ERIMA 8-Circel-Concept; 3D-strukturierte Oberfl\u00e4che f\u00fcr ein hervorragendes Ballgef\u00fchl; Pr\u00e4zise, schnelle Beschleunigung; Minimale Wasseraufnahme bei Regen; ABS Ventil\/Karbon-Latex-Blase mit 8 Fl\u00fcgeln; Wasserbasierte Druckfarben Obermaterial: 100% Polyurethan<\/p>","protected":false},"featured_media":687919,"template":"","meta":[],"product_brand":[],"product_cat":[4175,4209],"product_tag":[],"class_list":{"0":"post-687915","1":"product","2":"type-product","3":"status-publish","4":"has-post-thumbnail","6":"product_cat-baelle","7":"product_cat-zubehoer","8":"pa_brand-erima","9":"pa_brand-type-sportswear","10":"pa_filter-color-blau","11":"pa_filter-color-grau","12":"pa_filter-color-gruen","13":"pa_filter-color-rot","15":"first","16":"instock","17":"sale","18":"taxable","19":"shipping-taxable","20":"purchasable","21":"product-type-variable","22":"add-to-wishlist-before_image"},"exclude_global_add_ons":[],"addons":[],"acf":[],"_links":{"self":[{"href":"https:\/\/shop.kustom.ch\/en\/wp-json\/wp\/v2\/product\/687915"}],"collection":[{"href":"https:\/\/shop.kustom.ch\/en\/wp-json\/wp\/v2\/product"}],"about":[{"href":"https:\/\/shop.kustom.ch\/en\/wp-json\/wp\/v2\/types\/product"}],"wp:featuredmedia":[{"embeddable":true,"href":"https:\/\/shop.kustom.ch\/en\/wp-json\/wp\/v2\/media\/687919"}],"wp:attachment":[{"href":"https:\/\/shop.kustom.ch\/en\/wp-json\/wp\/v2\/media?parent=687915"}],"wp:term":[{"taxonomy":"product_brand","embeddable":true,"href":"https:\/\/shop.kustom.ch\/en\/wp-json\/wp\/v2\/product_brand?post=687915"},{"taxonomy":"product_cat","embeddable":true,"href":"https:\/\/shop.kustom.ch\/en\/wp-json\/wp\/v2\/product_cat?post=687915"},{"taxonomy":"product_tag","embeddable":true,"href":"https:\/\/shop.kustom.ch\/en\/wp-json\/wp\/v2\/product_tag?post=687915"}],"curies":[{"name":"wp","href":"https:\/\/api.w.org\/{rel}","templated":true}]}}