{"id":680364,"date":"2026-01-29T14:51:04","date_gmt":"2026-01-29T13:51:04","guid":{"rendered":"https:\/\/shop.kustom.ch\/?post_type=product&#038;p=680364"},"modified":"2026-03-31T16:01:10","modified_gmt":"2026-03-31T15:01:10","slug":"2-in-1-jacke-wardrobe","status":"publish","type":"product","link":"https:\/\/shop.kustom.ch\/en\/product\/2-in-1-jacke-wardrobe\/","title":{"rendered":"2-in-1 jacket Wardrobe"},"content":{"rendered":"<p>JAKO retro logo from 1992<br \/>\nWind and water-repellent outer material with membrane<br \/>\nInner mesh lining with open finish at the back<br \/>\nVentilation opening on the back<br \/>\nHood with drawstring and stoppers<br \/>\nExtra high collar<br \/>\nCuffs with press stud<br \/>\nDetachable sleeves<br \/>\nSide pockets with zip<br \/>\nInside pocket<br \/>\nTaped seams<br \/>\nJAKO logo in contrast<br \/>\n100 % Polyester<br \/>\n3000 mm TPU\/1500 g\/m\u00b2\/24h<br \/>\nInner lining: 100 % polyester<br \/>\n180 g\/m\u00b2<\/p>","protected":false},"excerpt":{"rendered":"<p>JAKO Retro Logo aus dem Jahr 1992 Wind- und wasserabweisendes Obermaterial mit Membran Innenfutter aus Mesh mit offenem Abschluss im R\u00fccken Bel\u00fcftungs\u00f6ffnung am R\u00fccken Kapuze mit Kordelzug und Stoppern Extra hoher Kragen \u00c4rmelabschluss mit Druckknopf Abnehmbare \u00c4rmel Seitentaschen mit Reissverschluss Innentasche Getapte N\u00e4hte JAKO Logo in Kontrast 100 % Polyester 3000 mm TPU\/1500 g\/m\u00b2\/24h Innenfutter: [&hellip;]<\/p>\n","protected":false},"featured_media":680394,"template":"","meta":[],"product_brand":[],"product_cat":[4186],"product_tag":[],"class_list":{"0":"post-680364","1":"product","2":"type-product","3":"status-publish","4":"has-post-thumbnail","6":"product_cat-jacken","7":"pa_brand-jako","8":"pa_brand-type-sportswear","9":"pa_filter-color-blau","10":"pa_filter-color-schwarz","12":"first","13":"instock","14":"sale","15":"taxable","16":"shipping-taxable","17":"purchasable","18":"product-type-variable","19":"add-to-wishlist-before_image"},"exclude_global_add_ons":[],"addons":[],"acf":[],"_links":{"self":[{"href":"https:\/\/shop.kustom.ch\/en\/wp-json\/wp\/v2\/product\/680364"}],"collection":[{"href":"https:\/\/shop.kustom.ch\/en\/wp-json\/wp\/v2\/product"}],"about":[{"href":"https:\/\/shop.kustom.ch\/en\/wp-json\/wp\/v2\/types\/product"}],"wp:featuredmedia":[{"embeddable":true,"href":"https:\/\/shop.kustom.ch\/en\/wp-json\/wp\/v2\/media\/680394"}],"wp:attachment":[{"href":"https:\/\/shop.kustom.ch\/en\/wp-json\/wp\/v2\/media?parent=680364"}],"wp:term":[{"taxonomy":"product_brand","embeddable":true,"href":"https:\/\/shop.kustom.ch\/en\/wp-json\/wp\/v2\/product_brand?post=680364"},{"taxonomy":"product_cat","embeddable":true,"href":"https:\/\/shop.kustom.ch\/en\/wp-json\/wp\/v2\/product_cat?post=680364"},{"taxonomy":"product_tag","embeddable":true,"href":"https:\/\/shop.kustom.ch\/en\/wp-json\/wp\/v2\/product_tag?post=680364"}],"curies":[{"name":"wp","href":"https:\/\/api.w.org\/{rel}","templated":true}]}}