{"id":680178,"date":"2026-01-29T14:49:47","date_gmt":"2026-01-29T13:49:47","guid":{"rendered":"https:\/\/shop.kustom.ch\/?post_type=product&#038;p=680178"},"modified":"2026-03-31T16:00:39","modified_gmt":"2026-03-31T15:00:39","slug":"mantel-wardrobe","status":"publish","type":"product","link":"https:\/\/shop.kustom.ch\/en\/product\/mantel-wardrobe\/","title":{"rendered":"Wardrobe coat"},"content":{"rendered":"<p>JAKO retro logo from 1992<br \/>\nWind and water-repellent outer material with membrane<br \/>\nQuilted inner lining<br \/>\nCuffs with elasticated cuffs<br \/>\nKnitted rib collar and cuffs<br \/>\nPatch pocket with flap<br \/>\nChest pockets<br \/>\nZip pocket on the sleeve<br \/>\nInside pocket<br \/>\nTaped seams<br \/>\nJAKO logo in contrast<br \/>\n100 % Polyester<br \/>\n5000 mm TPU<br \/>\nPadding: 100 % polyester<br \/>\nInner lining: 100 % polyester<\/p>","protected":false},"excerpt":{"rendered":"<p>JAKO Retro Logo aus dem Jahr 1992 Wind- und wasserabweisendes Obermaterial mit Membran Gestepptes Innenfutter \u00c4rmelabschluss mit elastischen B\u00fcndchen Kragen- und \u00c4rmelb\u00fcndchen aus Strick-Ripp Aufgesetzte Tasche mit Klappe Brusttaschen Reissverschlusstasche auf dem \u00c4rmel Innentasche Getapte N\u00e4hte JAKO Logo in Kontrast 100 % Polyester 5000 mm TPU Wattierung: 100 % Polyester Innenfutter: 100 % Polyester<\/p>","protected":false},"featured_media":680222,"template":"","meta":[],"product_brand":[],"product_cat":[4186],"product_tag":[],"class_list":{"0":"post-680178","1":"product","2":"type-product","3":"status-publish","4":"has-post-thumbnail","6":"product_cat-jacken","7":"pa_brand-jako","8":"pa_brand-type-sportswear","9":"pa_filter-color-blau","10":"pa_filter-color-schwarz","12":"first","13":"instock","14":"sale","15":"taxable","16":"shipping-taxable","17":"purchasable","18":"product-type-variable","19":"add-to-wishlist-before_image"},"exclude_global_add_ons":[],"addons":[],"acf":[],"_links":{"self":[{"href":"https:\/\/shop.kustom.ch\/en\/wp-json\/wp\/v2\/product\/680178"}],"collection":[{"href":"https:\/\/shop.kustom.ch\/en\/wp-json\/wp\/v2\/product"}],"about":[{"href":"https:\/\/shop.kustom.ch\/en\/wp-json\/wp\/v2\/types\/product"}],"wp:featuredmedia":[{"embeddable":true,"href":"https:\/\/shop.kustom.ch\/en\/wp-json\/wp\/v2\/media\/680222"}],"wp:attachment":[{"href":"https:\/\/shop.kustom.ch\/en\/wp-json\/wp\/v2\/media?parent=680178"}],"wp:term":[{"taxonomy":"product_brand","embeddable":true,"href":"https:\/\/shop.kustom.ch\/en\/wp-json\/wp\/v2\/product_brand?post=680178"},{"taxonomy":"product_cat","embeddable":true,"href":"https:\/\/shop.kustom.ch\/en\/wp-json\/wp\/v2\/product_cat?post=680178"},{"taxonomy":"product_tag","embeddable":true,"href":"https:\/\/shop.kustom.ch\/en\/wp-json\/wp\/v2\/product_tag?post=680178"}],"curies":[{"name":"wp","href":"https:\/\/api.w.org\/{rel}","templated":true}]}}