{"id":674416,"date":"2025-10-15T10:01:03","date_gmt":"2025-10-15T09:01:03","guid":{"rendered":"https:\/\/shop.kustom.ch\/?post_type=product&#038;p=674416"},"modified":"2026-03-24T18:57:23","modified_gmt":"2026-03-24T17:57:23","slug":"oxford-winter-jacket","status":"publish","type":"product","link":"https:\/\/shop.kustom.ch\/en\/product\/oxford-winter-jacket\/","title":{"rendered":"HELLY HANSEN OXFORD WINTER JACKET"},"content":{"rendered":"<p>This Helly Hansen winter work jacket is just as reliable and hardwearing as you are. Equipped with high-quality details such as YKK\u00ae zips at the front and on the pockets, the Oxford Winter Jacket can be perfectly adjusted to your fit at the hem, cuffs and hood. The combination of Helly Tech\u00ae performance membrane and Primaloft\u00ae insulation keeps you warm, dry and comfortable in rain and snow. An extended back and pre-shaped sleeves offer optimum freedom of movement. The high-wear shoulder area is seam-free to improve durability and increase comfort when carrying equipment. The chin guard can be extended by fully opening the front zip. The collar is lined with brushed polyester to provide the comfort you expect from a winter work jacket.<\/p><p><\/p><p><strong>Properties<\/strong><br>HELLY TECH\u00ae PERFORMANCE<br>PrimaLoft\u00ae BLACK Eco<br>AMANN yarns - German quality<br>Critically bonded seams<br>No shoulder seams<br>Adjustable hood with drawstring and fastening<br>Detachable hood<br>Brushed polyester inner collar<br>YKK\u00ae front zip with chin guard<br>Side pockets with YKK\u00ae zip<br>Adjustable cuffs<br>Pre-shaped sleeves for optimum freedom of movement<br>Adjustable hem with elasticated drawstring in the handbag<br>Extended back for improved comfort<br>Decorative zip<br>Reflective design details<br><br><strong>Material composition<\/strong><br>Outer material: 65 % polyester, 35 % cotton - Outer material 2: 100 % polyester - Lining: 100 % polyester<\/p><p><strong>Certifications<\/strong><br>EN 342:2017 - REFRIGERATION<\/p><p><strong>Fit<\/strong><br>Regular<\/p>","protected":false},"excerpt":{"rendered":"<p>Diese Helly Hansen Winter-Arbeitsjacke ist genauso zuverl\u00e4ssig und strapazierf\u00e4hig wie Sie selbst. Ausgestattet mit hochwertigen Details wie YKK\u00ae-Reissverschl\u00fcssen vorne und an den Taschen l\u00e4sst sich die Oxford Winter Jacket an Saum, \u00c4rmelb\u00fcndchen und Kapuze perfekt an Ihre Passform anpassen. Die Kombination aus Helly Tech\u00ae Performance-Membran und Primaloft\u00ae-Isolierung h\u00e4lt Sie bei Regen und Schnee warm, trocken [&hellip;]<\/p>\n","protected":false},"featured_media":674450,"template":"","meta":[],"product_brand":[],"product_cat":[4186],"product_tag":[],"class_list":{"0":"post-674416","1":"product","2":"type-product","3":"status-publish","4":"has-post-thumbnail","6":"product_cat-jacken","8":"first","9":"instock","10":"taxable","11":"shipping-taxable","12":"purchasable","13":"product-type-variable","14":"add-to-wishlist-before_image"},"exclude_global_add_ons":[],"addons":[],"acf":[],"_links":{"self":[{"href":"https:\/\/shop.kustom.ch\/en\/wp-json\/wp\/v2\/product\/674416"}],"collection":[{"href":"https:\/\/shop.kustom.ch\/en\/wp-json\/wp\/v2\/product"}],"about":[{"href":"https:\/\/shop.kustom.ch\/en\/wp-json\/wp\/v2\/types\/product"}],"wp:featuredmedia":[{"embeddable":true,"href":"https:\/\/shop.kustom.ch\/en\/wp-json\/wp\/v2\/media\/674450"}],"wp:attachment":[{"href":"https:\/\/shop.kustom.ch\/en\/wp-json\/wp\/v2\/media?parent=674416"}],"wp:term":[{"taxonomy":"product_brand","embeddable":true,"href":"https:\/\/shop.kustom.ch\/en\/wp-json\/wp\/v2\/product_brand?post=674416"},{"taxonomy":"product_cat","embeddable":true,"href":"https:\/\/shop.kustom.ch\/en\/wp-json\/wp\/v2\/product_cat?post=674416"},{"taxonomy":"product_tag","embeddable":true,"href":"https:\/\/shop.kustom.ch\/en\/wp-json\/wp\/v2\/product_tag?post=674416"}],"curies":[{"name":"wp","href":"https:\/\/api.w.org\/{rel}","templated":true}]}}