{"id":674349,"date":"2025-10-14T08:44:34","date_gmt":"2025-10-14T07:44:34","guid":{"rendered":"https:\/\/shop.kustom.ch\/?post_type=product&#038;p=674349"},"modified":"2025-10-14T08:54:56","modified_gmt":"2025-10-14T07:54:56","slug":"craft-adv-essence-warm-vest-2-men","status":"publish","type":"product","link":"https:\/\/shop.kustom.ch\/en\/product\/craft-adv-essence-warm-vest-2-men\/","title":{"rendered":"Craft ADV Essence Warm Vest 2 Men"},"content":{"rendered":"<p>The Adv Essence Warm Vest 2 is a warm multisport waistcoat that is perfect for wearing over or under your clothes when training in autumn and winter.<\/p>\n<p>This versatile training waistcoat features light insulation at the front and top of the back, brushed fleece at the back and elasticated jersey at the sides for optimum freedom of movement. The waistcoat also has an elasticated waist for an optimal fit and two zipped side pockets.<\/p>\n<p>Material:<br \/>\nFront body 86% Recycled polyamide, 14% elastane, padding 100% Recycled polyester<br \/>\nBack body 77% Recycled polyester, 23% Elastane<\/p>","protected":false},"excerpt":{"rendered":"<p>Die Adv Essence Warm Vest 2 ist eine warme Multisportweste, die sich perfekt zum \u00dcber- oder Unterziehen beim Training im Herbst und Winter eignet. Diese vielseitige Trainingsweste verf\u00fcgt \u00fcber eine leichte Isolierung vorne und oben am R\u00fccken, geb\u00fcrstetes Fleece auf der R\u00fcckseite und elastisches Jersey an den Seiten f\u00fcr optimale Bewegungsfreiheit. Dar\u00fcber hinaus verf\u00fcgt die [&hellip;]<\/p>\n","protected":false},"featured_media":674366,"template":"","meta":[],"product_brand":[],"product_cat":[6364],"product_tag":[],"class_list":{"0":"post-674349","1":"product","2":"type-product","3":"status-publish","4":"has-post-thumbnail","6":"product_cat-talent-campus","8":"first","9":"instock","10":"taxable","11":"shipping-taxable","12":"purchasable","13":"product-type-variable","14":"add-to-wishlist-before_image"},"exclude_global_add_ons":[],"addons":[],"acf":[],"_links":{"self":[{"href":"https:\/\/shop.kustom.ch\/en\/wp-json\/wp\/v2\/product\/674349"}],"collection":[{"href":"https:\/\/shop.kustom.ch\/en\/wp-json\/wp\/v2\/product"}],"about":[{"href":"https:\/\/shop.kustom.ch\/en\/wp-json\/wp\/v2\/types\/product"}],"wp:featuredmedia":[{"embeddable":true,"href":"https:\/\/shop.kustom.ch\/en\/wp-json\/wp\/v2\/media\/674366"}],"wp:attachment":[{"href":"https:\/\/shop.kustom.ch\/en\/wp-json\/wp\/v2\/media?parent=674349"}],"wp:term":[{"taxonomy":"product_brand","embeddable":true,"href":"https:\/\/shop.kustom.ch\/en\/wp-json\/wp\/v2\/product_brand?post=674349"},{"taxonomy":"product_cat","embeddable":true,"href":"https:\/\/shop.kustom.ch\/en\/wp-json\/wp\/v2\/product_cat?post=674349"},{"taxonomy":"product_tag","embeddable":true,"href":"https:\/\/shop.kustom.ch\/en\/wp-json\/wp\/v2\/product_tag?post=674349"}],"curies":[{"name":"wp","href":"https:\/\/api.w.org\/{rel}","templated":true}]}}