{"id":672683,"date":"2025-09-16T09:39:20","date_gmt":"2025-09-16T08:39:20","guid":{"rendered":"https:\/\/shop.kustom.ch\/?post_type=product&#038;p=672683"},"modified":"2025-10-14T08:58:13","modified_gmt":"2025-10-14T07:58:13","slug":"community-2-0-logo-fz-hoodie-women","status":"publish","type":"product","link":"https:\/\/shop.kustom.ch\/en\/product\/community-2-0-logo-fz-hoodie-women\/","title":{"rendered":"Craft Community 2.0 Logo Fz Hoodie Women"},"content":{"rendered":"<p>The Community 2.0 Logo FZ Hoodie combines a relaxed yet athletic fit with a sporty expression, ideal for relaxed moments off the pitch. This casual full-zip hoodie is made from a soft blend of recycled polyester and organic cotton and features a brushed interior. It ensures a supple feel and great comfort and revitalises the team spirit.<\/p>\n<p>Material: 60% Cotton-Organic \/ 40% Polyester-Recycled, 280 g\/m\u00b2<\/p>","protected":false},"excerpt":{"rendered":"<p>Der Community 2.0 Logo FZ Hoodie kombiniert eine entspannte und dennoch athletische Passform mit einem sportlichen Ausdruck, ideal f\u00fcr entspannte Momente abseits des Spielfelds. Dieser l\u00e4ssige Kapuzenpullover mit durchgehendem Reissverschluss ist aus einer weichen Mischung aus recyceltem Polyester und Bio-Baumwolle gefertigt und verf\u00fcgt \u00fcber eine geb\u00fcrstete Innenseite. Er sorgt f\u00fcr ein geschmeidiges Tragegef\u00fchl sowie grossartigen [&hellip;]<\/p>\n","protected":false},"featured_media":672691,"template":"","meta":[],"product_brand":[],"product_cat":[6364],"product_tag":[],"class_list":{"0":"post-672683","1":"product","2":"type-product","3":"status-publish","4":"has-post-thumbnail","6":"product_cat-talent-campus","8":"first","9":"instock","10":"taxable","11":"shipping-taxable","12":"purchasable","13":"product-type-variable","14":"add-to-wishlist-before_image"},"exclude_global_add_ons":[],"addons":[],"acf":[],"_links":{"self":[{"href":"https:\/\/shop.kustom.ch\/en\/wp-json\/wp\/v2\/product\/672683"}],"collection":[{"href":"https:\/\/shop.kustom.ch\/en\/wp-json\/wp\/v2\/product"}],"about":[{"href":"https:\/\/shop.kustom.ch\/en\/wp-json\/wp\/v2\/types\/product"}],"wp:featuredmedia":[{"embeddable":true,"href":"https:\/\/shop.kustom.ch\/en\/wp-json\/wp\/v2\/media\/672691"}],"wp:attachment":[{"href":"https:\/\/shop.kustom.ch\/en\/wp-json\/wp\/v2\/media?parent=672683"}],"wp:term":[{"taxonomy":"product_brand","embeddable":true,"href":"https:\/\/shop.kustom.ch\/en\/wp-json\/wp\/v2\/product_brand?post=672683"},{"taxonomy":"product_cat","embeddable":true,"href":"https:\/\/shop.kustom.ch\/en\/wp-json\/wp\/v2\/product_cat?post=672683"},{"taxonomy":"product_tag","embeddable":true,"href":"https:\/\/shop.kustom.ch\/en\/wp-json\/wp\/v2\/product_tag?post=672683"}],"curies":[{"name":"wp","href":"https:\/\/api.w.org\/{rel}","templated":true}]}}