{"id":672661,"date":"2025-09-16T08:25:38","date_gmt":"2025-09-16T07:25:38","guid":{"rendered":"https:\/\/shop.kustom.ch\/?post_type=product&#038;p=672661"},"modified":"2025-10-14T08:58:55","modified_gmt":"2025-10-14T07:58:55","slug":"collective-seamless-tights-women","status":"publish","type":"product","link":"https:\/\/shop.kustom.ch\/en\/product\/collective-seamless-tights-women\/","title":{"rendered":"Craft Collective Seamless Tights Women"},"content":{"rendered":"<p>Collective Seamless Tights are extremely comfortable training tights designed for high-intensity workouts and everyday wear.<\/p>\n<p>Combining a soft, stretchy fabric with a seamless construction, these tights offer outstanding comfort and an ergonomic fit for unrestricted freedom of movement. The wide waistband cut higher at the back, jacquard knit details and ribbed texture add extra style. The combination of high-quality workmanship and durable colours makes this model an ideal companion for everyday wear.<\/p>\n<p>Material: 87% recycled polyamide, 13% elastane<\/p>","protected":false},"excerpt":{"rendered":"<p>Collective Seamless Tights sind \u00e4usserst bequeme Trainingshosen, die f\u00fcr hochintensive Workouts und den Alltag konzipiert sind. Durch die Kombination eines weichen, dehnbaren Stoffes mit einer nahtlosen Konstruktion bieten diese Strumpfhosen hervorragenden Komfort und eine ergonomische Passform f\u00fcr uneingeschr\u00e4nkte Bewegungsfreiheit. Der breite, hinten h\u00f6her geschnittene Bund, die Jacquard-Strickdetails und die gerippte Struktur sorgen f\u00fcr zus\u00e4tzlichen Stil. [&hellip;]<\/p>\n","protected":false},"featured_media":672668,"template":"","meta":[],"product_brand":[],"product_cat":[6364],"product_tag":[],"class_list":{"0":"post-672661","1":"product","2":"type-product","3":"status-publish","4":"has-post-thumbnail","6":"product_cat-talent-campus","8":"first","9":"instock","10":"taxable","11":"shipping-taxable","12":"purchasable","13":"product-type-variable","14":"add-to-wishlist-before_image"},"exclude_global_add_ons":[],"addons":[],"acf":[],"_links":{"self":[{"href":"https:\/\/shop.kustom.ch\/en\/wp-json\/wp\/v2\/product\/672661"}],"collection":[{"href":"https:\/\/shop.kustom.ch\/en\/wp-json\/wp\/v2\/product"}],"about":[{"href":"https:\/\/shop.kustom.ch\/en\/wp-json\/wp\/v2\/types\/product"}],"wp:featuredmedia":[{"embeddable":true,"href":"https:\/\/shop.kustom.ch\/en\/wp-json\/wp\/v2\/media\/672668"}],"wp:attachment":[{"href":"https:\/\/shop.kustom.ch\/en\/wp-json\/wp\/v2\/media?parent=672661"}],"wp:term":[{"taxonomy":"product_brand","embeddable":true,"href":"https:\/\/shop.kustom.ch\/en\/wp-json\/wp\/v2\/product_brand?post=672661"},{"taxonomy":"product_cat","embeddable":true,"href":"https:\/\/shop.kustom.ch\/en\/wp-json\/wp\/v2\/product_cat?post=672661"},{"taxonomy":"product_tag","embeddable":true,"href":"https:\/\/shop.kustom.ch\/en\/wp-json\/wp\/v2\/product_tag?post=672661"}],"curies":[{"name":"wp","href":"https:\/\/api.w.org\/{rel}","templated":true}]}}