{"id":672567,"date":"2025-09-12T23:29:00","date_gmt":"2025-09-12T22:29:00","guid":{"rendered":"https:\/\/shop.kustom.ch\/?post_type=product&#038;p=672567"},"modified":"2026-04-01T07:41:30","modified_gmt":"2026-04-01T06:41:30","slug":"willi-dachdeckerhalbsch-autoreifensohle-doppelschnalle","status":"publish","type":"product","link":"https:\/\/shop.kustom.ch\/en\/product\/willi-dachdeckerhalbsch-autoreifensohle-doppelschnalle\/","title":{"rendered":"WILLI roofer's half shoe Car tyre sole Double buckle"},"content":{"rendered":"<p>Fit:<br \/>\nThe practical two-buckle fastening can be individually adjusted to the foot and ensures a quick in and out.the work shoe is rather narrow.<br \/>\nOutsole:<br \/>\nThe special rubber compound of car tyres gives the anti-slip outsoles their special grip, while the coarse tread design of car tyres provides a larger contact surface for the outsole.<br \/>\nIn addition to the good grip on the roof, this has the advantage that the sole does not press into soft materials such as fresh bitumen sheets and leave unwanted marks. the profile of the outsole differs from shoe to shoe, depending on which car tyre it was made from.<br \/>\nInsole:<br \/>\nThe soft, shock-absorbing insole is anatomically moulded and ensures a high level of walking comfort.<br \/>\nThe breathable insole regulates moisture well, ensuring a pleasant foot climate and the insole can be removed.<br \/>\nStandards:<br \/>\nNot certified.<\/p>","protected":false},"excerpt":{"rendered":"<p>Passform: Das Leder gibt mit der Zeit etwas nach.Der praktische Zweischnallen-Verschluss l\u00e4sst sich individuell an den Fuss anpassen und sorgt f\u00fcr ein schnelles Rein und Raus.Der Arbeitsschuh f\u00e4llt eher etwas schmal aus. Laufsohle: Profil aus Original-Autoreifen.Die spezielle Gummimischung von Autoreifen gibt den rutschhemmenden Laufsohlen die besondere Griffigkeit.Die grobe Profil\u00adge\u00adstaltung von Autoreifen bietet eine gr\u00f6ssere Kontakt\u00adfl\u00e4che [&hellip;]<\/p>\n","protected":false},"featured_media":672576,"template":"","meta":[],"product_brand":[],"product_cat":[4197],"product_tag":[],"class_list":{"0":"post-672567","1":"product","2":"type-product","3":"status-publish","4":"has-post-thumbnail","6":"product_cat-schuhe-sandalen","7":"pa_brand-fhb","8":"pa_brand-type-workwear","9":"pa_filter-color-schwarz","11":"first","12":"instock","13":"sale","14":"taxable","15":"shipping-taxable","16":"purchasable","17":"product-type-variable","18":"add-to-wishlist-before_image"},"exclude_global_add_ons":[],"addons":[],"acf":[],"_links":{"self":[{"href":"https:\/\/shop.kustom.ch\/en\/wp-json\/wp\/v2\/product\/672567"}],"collection":[{"href":"https:\/\/shop.kustom.ch\/en\/wp-json\/wp\/v2\/product"}],"about":[{"href":"https:\/\/shop.kustom.ch\/en\/wp-json\/wp\/v2\/types\/product"}],"wp:featuredmedia":[{"embeddable":true,"href":"https:\/\/shop.kustom.ch\/en\/wp-json\/wp\/v2\/media\/672576"}],"wp:attachment":[{"href":"https:\/\/shop.kustom.ch\/en\/wp-json\/wp\/v2\/media?parent=672567"}],"wp:term":[{"taxonomy":"product_brand","embeddable":true,"href":"https:\/\/shop.kustom.ch\/en\/wp-json\/wp\/v2\/product_brand?post=672567"},{"taxonomy":"product_cat","embeddable":true,"href":"https:\/\/shop.kustom.ch\/en\/wp-json\/wp\/v2\/product_cat?post=672567"},{"taxonomy":"product_tag","embeddable":true,"href":"https:\/\/shop.kustom.ch\/en\/wp-json\/wp\/v2\/product_tag?post=672567"}],"curies":[{"name":"wp","href":"https:\/\/api.w.org\/{rel}","templated":true}]}}