{"id":672516,"date":"2025-09-12T23:27:30","date_gmt":"2025-09-12T22:27:30","guid":{"rendered":"https:\/\/shop.kustom.ch\/?post_type=product&#038;p=672516"},"modified":"2026-04-01T07:38:49","modified_gmt":"2026-04-01T06:38:49","slug":"oskar-dachdeckerstiefel-autoreifensohle-doppelschnalle","status":"publish","type":"product","link":"https:\/\/shop.kustom.ch\/en\/product\/oskar-dachdeckerstiefel-autoreifensohle-doppelschnalle\/","title":{"rendered":"OSKAR roofer boots car tyre sole double buckle"},"content":{"rendered":"<p>Fit:<br \/>\nThe leather gives a little over time and the shaft is medium high.<br \/>\nThe supportive ankle section ensures stability and support in the shoe.<br \/>\nThe practical two-buckle fastening can be individually adjusted to the foot and ensures that you can get in and out quickly.<br \/>\nOutsole:<br \/>\nThe special rubber compound of car tyres gives the anti-slip outsoles their special grip, while the coarse tread design of car tyres provides a larger contact surface for the outsole.<br \/>\nIn addition to the good grip on the roof, this has the advantage that the sole does not press into soft materials such as fresh bitumen sheets and leave unwanted marks. the profile of the outsole differs from shoe to shoe, depending on which car tyre it was made from.<br \/>\nInsole:<br \/>\nThe soft, shock-absorbing insole is anatomically moulded and ensures a high level of walking comfort.<br \/>\nThe breathable insole regulates moisture well, ensuring a pleasant foot climate and the insole can be removed.<br \/>\nStandards:<br \/>\nNot certified.<\/p>","protected":false},"excerpt":{"rendered":"<p>Passform: Das Leder gibt mit der Zeit etwas nach.Mittelhoher Schaft. Die st\u00fctzende Kn\u00f6chelpartie sorgt f\u00fcr Stabilit\u00e4t und Halt im Schuh. Der praktische Zweischnallen-Verschluss l\u00e4sst sich individuell an den Fuss anpassen und sorgt f\u00fcr ein schnelles Rein und Raus.Der Arbeitsschuh f\u00e4llt eher etwas schmal aus. Laufsohle: Profil aus Original-Autoreifen.Die spezielle Gummimischung von Autoreifen gibt den rutschhemmenden [&hellip;]<\/p>\n","protected":false},"featured_media":672517,"template":"","meta":[],"product_brand":[],"product_cat":[4197],"product_tag":[],"class_list":{"0":"post-672516","1":"product","2":"type-product","3":"status-publish","4":"has-post-thumbnail","6":"product_cat-schuhe-sandalen","7":"pa_brand-fhb","8":"pa_brand-type-workwear","9":"pa_filter-color-schwarz","11":"first","12":"instock","13":"sale","14":"taxable","15":"shipping-taxable","16":"purchasable","17":"product-type-variable","18":"add-to-wishlist-before_image"},"exclude_global_add_ons":[],"addons":[],"acf":[],"_links":{"self":[{"href":"https:\/\/shop.kustom.ch\/en\/wp-json\/wp\/v2\/product\/672516"}],"collection":[{"href":"https:\/\/shop.kustom.ch\/en\/wp-json\/wp\/v2\/product"}],"about":[{"href":"https:\/\/shop.kustom.ch\/en\/wp-json\/wp\/v2\/types\/product"}],"wp:featuredmedia":[{"embeddable":true,"href":"https:\/\/shop.kustom.ch\/en\/wp-json\/wp\/v2\/media\/672517"}],"wp:attachment":[{"href":"https:\/\/shop.kustom.ch\/en\/wp-json\/wp\/v2\/media?parent=672516"}],"wp:term":[{"taxonomy":"product_brand","embeddable":true,"href":"https:\/\/shop.kustom.ch\/en\/wp-json\/wp\/v2\/product_brand?post=672516"},{"taxonomy":"product_cat","embeddable":true,"href":"https:\/\/shop.kustom.ch\/en\/wp-json\/wp\/v2\/product_cat?post=672516"},{"taxonomy":"product_tag","embeddable":true,"href":"https:\/\/shop.kustom.ch\/en\/wp-json\/wp\/v2\/product_tag?post=672516"}],"curies":[{"name":"wp","href":"https:\/\/api.w.org\/{rel}","templated":true}]}}