{"id":669618,"date":"2025-06-05T20:17:01","date_gmt":"2025-06-05T19:17:01","guid":{"rendered":"https:\/\/shop.kustom.ch\/?post_type=product&#038;p=669618"},"modified":"2026-03-31T12:40:40","modified_gmt":"2026-03-31T11:40:40","slug":"cmpt-poloshirt","status":"publish","type":"product","link":"https:\/\/shop.kustom.ch\/en\/product\/cmpt-poloshirt\/","title":{"rendered":"CMPT polo shirt"},"content":{"rendered":"<p>Sporty elegance for training and everyday wear.<br \/>\nFine piqu\u00e9 material; Regular cut; Ribbed cuffs with contrasting stripes; Contrast piping on the front and back; Printed tone-on-tone logo; Short side slit; Polo collar with 3-button placket<br \/>\n95% Cotton (organic), 5% Elastane; 95% Cotton (organic), 5% Elastane; ; ; ; ; ; ;<\/p>","protected":false},"excerpt":{"rendered":"<p>Sportliche Eleganz f\u00fcr Training und Alltag. Feines Piqu\u00e9 Material; Regul\u00e4rer Schnitt; Rippb\u00fcndchen an den \u00c4rmeln mit Kontraststreifen; Kontrast Piping im Vorder- und R\u00fcckenteil; Gedrucktes Ton-in-Ton Logo; Kurzer Seitenschlitz; Polokragen mit 3er Knopfleiste 95% Cotton (organic), 5% Elasthan; 95% Cotton (organic), 5% Elasthan; ; ; ; ; ;<\/p>","protected":false},"featured_media":617362,"template":"","meta":[],"product_brand":[],"product_cat":[4193,4201],"product_tag":[],"class_list":{"0":"post-669618","1":"product","2":"type-product","3":"status-publish","4":"has-post-thumbnail","6":"product_cat-polos","7":"product_cat-t-shirts","8":"pa_brand-erima","9":"pa_brand-type-sportswear","10":"pa_filter-color-blau","11":"pa_filter-color-gelb","12":"pa_filter-color-gruen","13":"pa_filter-color-orange","14":"pa_filter-color-rot","15":"pa_filter-color-schwarz","16":"pa_filter-color-weiss","18":"first","19":"instock","20":"sale","21":"taxable","22":"shipping-taxable","23":"purchasable","24":"product-type-variable","25":"add-to-wishlist-before_image"},"exclude_global_add_ons":[],"addons":[],"acf":[],"_links":{"self":[{"href":"https:\/\/shop.kustom.ch\/en\/wp-json\/wp\/v2\/product\/669618"}],"collection":[{"href":"https:\/\/shop.kustom.ch\/en\/wp-json\/wp\/v2\/product"}],"about":[{"href":"https:\/\/shop.kustom.ch\/en\/wp-json\/wp\/v2\/types\/product"}],"wp:featuredmedia":[{"embeddable":true,"href":"https:\/\/shop.kustom.ch\/en\/wp-json\/wp\/v2\/media\/617362"}],"wp:attachment":[{"href":"https:\/\/shop.kustom.ch\/en\/wp-json\/wp\/v2\/media?parent=669618"}],"wp:term":[{"taxonomy":"product_brand","embeddable":true,"href":"https:\/\/shop.kustom.ch\/en\/wp-json\/wp\/v2\/product_brand?post=669618"},{"taxonomy":"product_cat","embeddable":true,"href":"https:\/\/shop.kustom.ch\/en\/wp-json\/wp\/v2\/product_cat?post=669618"},{"taxonomy":"product_tag","embeddable":true,"href":"https:\/\/shop.kustom.ch\/en\/wp-json\/wp\/v2\/product_tag?post=669618"}],"curies":[{"name":"wp","href":"https:\/\/api.w.org\/{rel}","templated":true}]}}