{"id":669506,"date":"2025-06-05T20:16:28","date_gmt":"2025-06-05T19:16:28","guid":{"rendered":"https:\/\/shop.kustom.ch\/?post_type=product&#038;p=669506"},"modified":"2026-03-31T12:40:24","modified_gmt":"2026-03-31T11:40:24","slug":"teamsport-poloshirt-2","status":"publish","type":"product","link":"https:\/\/shop.kustom.ch\/en\/product\/teamsport-poloshirt-2\/","title":{"rendered":"Teamsport polo shirt"},"content":{"rendered":"<p>Classic cotton polo shirt for every occasion.<br \/>\nHigh-quality polo shirt with ribbed collar; Weight approx. 210 g\/m\u00b2; Fashionable cuffs; Pleasant and skin-friendly feel<br \/>\n95% cotton (organic), 5% elastane<\/p>","protected":false},"excerpt":{"rendered":"<p>Klassisches Baumwoll-Poloshirt f\u00fcr jede Gelegenheit. Hochwertiges Polohemd mit Ripp-Kragen; Gewicht ca. 210 g\/m\u00b2; Modisches \u00c4rmelb\u00fcndchen; Angenehmes und hautfreundliches Tragegef\u00fchl 95% Cotton (organic), 5% Elasthan<\/p>","protected":false},"featured_media":617231,"template":"","meta":[],"product_brand":[],"product_cat":[4193,4201],"product_tag":[],"class_list":{"0":"post-669506","1":"product","2":"type-product","3":"status-publish","4":"has-post-thumbnail","6":"product_cat-polos","7":"product_cat-t-shirts","8":"pa_brand-erima","9":"pa_brand-type-sportswear","10":"pa_filter-color-beige","11":"pa_filter-color-blau","12":"pa_filter-color-braun","13":"pa_filter-color-gelb","14":"pa_filter-color-grau","15":"pa_filter-color-gruen","16":"pa_filter-color-orange","17":"pa_filter-color-pink","18":"pa_filter-color-rot","19":"pa_filter-color-schwarz","20":"pa_filter-color-weiss","22":"first","23":"instock","24":"sale","25":"taxable","26":"shipping-taxable","27":"purchasable","28":"product-type-variable","29":"add-to-wishlist-before_image"},"exclude_global_add_ons":[],"addons":[],"acf":[],"_links":{"self":[{"href":"https:\/\/shop.kustom.ch\/en\/wp-json\/wp\/v2\/product\/669506"}],"collection":[{"href":"https:\/\/shop.kustom.ch\/en\/wp-json\/wp\/v2\/product"}],"about":[{"href":"https:\/\/shop.kustom.ch\/en\/wp-json\/wp\/v2\/types\/product"}],"wp:featuredmedia":[{"embeddable":true,"href":"https:\/\/shop.kustom.ch\/en\/wp-json\/wp\/v2\/media\/617231"}],"wp:attachment":[{"href":"https:\/\/shop.kustom.ch\/en\/wp-json\/wp\/v2\/media?parent=669506"}],"wp:term":[{"taxonomy":"product_brand","embeddable":true,"href":"https:\/\/shop.kustom.ch\/en\/wp-json\/wp\/v2\/product_brand?post=669506"},{"taxonomy":"product_cat","embeddable":true,"href":"https:\/\/shop.kustom.ch\/en\/wp-json\/wp\/v2\/product_cat?post=669506"},{"taxonomy":"product_tag","embeddable":true,"href":"https:\/\/shop.kustom.ch\/en\/wp-json\/wp\/v2\/product_tag?post=669506"}],"curies":[{"name":"wp","href":"https:\/\/api.w.org\/{rel}","templated":true}]}}