{"id":668733,"date":"2025-04-29T19:58:03","date_gmt":"2025-04-29T18:58:03","guid":{"rendered":"https:\/\/shop.kustom.ch\/?post_type=product&#038;p=668733"},"modified":"2026-03-31T08:43:17","modified_gmt":"2026-03-31T07:43:17","slug":"storm-winterstiefel-s7s","status":"publish","type":"product","link":"https:\/\/shop.kustom.ch\/en\/product\/storm-winterstiefel-s7s\/","title":{"rendered":"STORM winter boots S7S"},"content":{"rendered":"<p>Winter boot made from high-quality full-grain leather, with a microporous membrane that makes it waterproof. Toe and heel protection provide additional durability. The wool\/polyester lining and Thinsulate\u2122 insulation keep feet warm and comfortable even on the coldest winter days, and the boots feature a composite toe cap and flexible, non-metallic PS standard puncture protection that can withstand thin 3 mm nails. The anatomically moulded insole is made of a cushioning PU material and has a warm lining, while the non-slip outsole made of nitrile rubber offers good grip even on snow and ice.these boots are suitable for outdoor work in the construction, maintenance, repair and operating sectors. Women's last in sizes 35-39.Water-repellent and hard-wearing upper made of grained leather combined with a membrane makes the boots waterproofWool\/polyester lining and Thinsulate\u2122 insulation guarantee maximum comfort even on the coldest winter daysComposite toe capFlexible, non-metallic penetration protection in PS standardAnatomically moulded insole made of cushioning PU material with warmly lined shaftNitrile rubber outsole for the best grip even on snow and ice<\/p>\n<p>FUNCTIONALITY: Antistatic properties. Heat-resistant outsole. Metal-free. Oil-repellent outsole. Reflective details. Waterproof. Toe reinforcement. UPPER: Full leather. FIT: Extra wide. THROUGHPANEL MATERIAL: Textile PS. LINING: Wool\/polyester. INSOLE MATERIAL: Textile, soft PU. FABRIC: Unisex. black. waterproof. SYMBOLS: Cold insulation. Extra wide last. Fuel resistant. HRO 300. ladder grip. Nailpen textile PS. Scuff cap abrasion. Slip resistant. Toecap Composite. Water resistant. Wool. USP: Anatomically moulded soft PU insole. Antistatic properties. Wool\/polyester lining and Thinsulate\u2122 insulation. Completely waterproof. Oil-resistant outsole. Reflective details. Non-slip outsole. Textile penetration protection in PS standard. Composite toe cap. TOE PROTECTION CAP MATERIAL: Composite. CERTIFICATION: EN ISO 20345:2022 S7S FO SR HRO CI SC LG<\/p>","protected":false},"excerpt":{"rendered":"<p>Winterstiefel aus hochwertigem Vollnarbenleder, mit einer mikropor\u00f6sen Membran, die ihn wasserdicht macht. Zehen- und Fersenschutz sorgen f\u00fcr zus\u00e4tzliche Strapazierf\u00e4higkeit. Das Futter aus Wolle\/Polyester und die Thinsulate\u2122-Isolierung halten die F\u00fcsse auch an den k\u00e4ltesten Wintertagen warm und bequem.Die Stiefel verf\u00fcgen \u00fcber eine Zehenkappe aus Verbundwerkstoff und einem flexiblen, nichtmetallischen Durchtritschutz in PS-Norm die d\u00fcnnen 3 mm-N\u00e4geln [&hellip;]<\/p>\n","protected":false},"featured_media":668766,"template":"","meta":[],"product_brand":[],"product_cat":[4197,4209],"product_tag":[],"class_list":{"0":"post-668733","1":"product","2":"type-product","3":"status-publish","4":"has-post-thumbnail","6":"product_cat-schuhe-sandalen","7":"product_cat-zubehoer","8":"pa_brand-blaklaeder","9":"pa_brand-type-workwear","10":"pa_filter-color-schwarz","12":"first","13":"instock","14":"sale","15":"taxable","16":"shipping-taxable","17":"purchasable","18":"product-type-variable","19":"add-to-wishlist-before_image"},"exclude_global_add_ons":[],"addons":[],"acf":[],"_links":{"self":[{"href":"https:\/\/shop.kustom.ch\/en\/wp-json\/wp\/v2\/product\/668733"}],"collection":[{"href":"https:\/\/shop.kustom.ch\/en\/wp-json\/wp\/v2\/product"}],"about":[{"href":"https:\/\/shop.kustom.ch\/en\/wp-json\/wp\/v2\/types\/product"}],"wp:featuredmedia":[{"embeddable":true,"href":"https:\/\/shop.kustom.ch\/en\/wp-json\/wp\/v2\/media\/668766"}],"wp:attachment":[{"href":"https:\/\/shop.kustom.ch\/en\/wp-json\/wp\/v2\/media?parent=668733"}],"wp:term":[{"taxonomy":"product_brand","embeddable":true,"href":"https:\/\/shop.kustom.ch\/en\/wp-json\/wp\/v2\/product_brand?post=668733"},{"taxonomy":"product_cat","embeddable":true,"href":"https:\/\/shop.kustom.ch\/en\/wp-json\/wp\/v2\/product_cat?post=668733"},{"taxonomy":"product_tag","embeddable":true,"href":"https:\/\/shop.kustom.ch\/en\/wp-json\/wp\/v2\/product_tag?post=668733"}],"curies":[{"name":"wp","href":"https:\/\/api.w.org\/{rel}","templated":true}]}}