{"id":668382,"date":"2025-04-29T19:53:57","date_gmt":"2025-04-29T18:53:57","guid":{"rendered":"https:\/\/shop.kustom.ch\/?post_type=product&#038;p=668382"},"modified":"2026-03-31T09:10:52","modified_gmt":"2026-03-31T08:10:52","slug":"damen-multinorm-arbeitshose-inhaerent-mit-stretch-4","status":"publish","type":"product","link":"https:\/\/shop.kustom.ch\/en\/product\/damen-multinorm-arbeitshose-inhaerent-mit-stretch-4\/","title":{"rendered":"Women's multinorm work trousers with inherent stretch"},"content":{"rendered":"<p>Flame-retardant trousers with a women's fit that meet all requirements for durable workwear and are suitable for maintenance work with safety and protection requirements. These oil, dirt and water-repellent trousers feature stretch inserts for greater mobility and flexibility and practical external knee pad pockets with CORDURA\u00ae\/Kevlar\u00ae\/Protal\u00ae reinforcement.Certified according to EN 14404, EN 1149-5, EN ISO 20471-2, EN ISO 11612, IEC 61482-2. Atpv, 10.7 cal\/cm\u00b2 (applies to the stretch material).<\/p>\n<p>FUNCTIONALITY: Metal-free. Oil, dirt and water-repellent surface. Stretch insert in the crotch and seat. DETAILS: Removable ID pocket for flame-retardant clothing. External certification labels. Plastic buttons. Plastic zip in the crotch. Loops, one with a D-ring. Elasticated waist. POCKETS: Leg pocket with bellows and flap. Back pocket. External knee pad pockets. Side pockets. Reinforced ruler pocket with knife holder and pen pocket. REINFORCEMENT: CORDURA\u00ae\/Kevlar\u00ae\/Protal\u00ae \u2013 reinforced at the knees. REFLEX: Flame-retardant reflective strips with double stitching. WASHING INSTRUCTIONS: 60\u00b0C. Do not bleach. Do not iron. Do not dry clean. Tumble dry \u2013 low. MAIN FEATURES: Electricians. Craftsmen. Service employees. Road and construction workers. EN 1149-5. EN 14004. EN 61482-2. EN ISO 11612. EN ISO 20471. FABRIC: Women's. Blue. High-vis yellow. Knee pad pockets. Metal-free. Flame retardant. CERTIFICATION: EN 1149-5. EN 14404 2004+A1 2010, Type 1, Level 1 together with knee pads Art. 4027. EN ISO 11612 A1, B1, C1, F1. EN ISO 20471, Class 2. Max. 50 washes. Certification group Y. ATPV \u2013 10.7 cal\/cm\u00b2. IEC 61482-2, APC 1<\/p>\n<p>44% modacrylic, 30% cotton, 20% FR polyamide, 5% aramid, 1% antistatic, ripstop, flame-retardant, antistatic, 260 g\/m\u00b2<\/p>","protected":false},"excerpt":{"rendered":"<p>Flammhemmende Hose mit Damenpassform, die alle Anforderungen an eine strapazierf\u00e4hige Arbeitskleidung erf\u00fcllt, und f\u00fcr Wartungsarbeiten mit Anforderungen an Sicherheit und Schutz geeignet ist.Diese \u00f6l-, schmutz- und wasserabweisende Hose verf\u00fcgt \u00fcber Stretcheins\u00e4tze f\u00fcr mehr Beweglichkeit und Flexibilit\u00e4t und praktische, externe Kniepolstertaschen mit CORDURA\u00ae\/Kevlar\u00ae\/Protal\u00ae-Verst\u00e4rkung.Zertifiziert nach EN 14404, EN 1149-5, EN ISO 20471-2, EN ISO 11612, IEC 61482-2. [&hellip;]<\/p>\n","protected":false},"featured_media":668412,"template":"","meta":[],"product_brand":[],"product_cat":[4185],"product_tag":[],"class_list":{"0":"post-668382","1":"product","2":"type-product","3":"status-publish","4":"has-post-thumbnail","6":"product_cat-hosen","7":"pa_brand-blaklaeder","8":"pa_brand-type-workwear","9":"pa_filter-color-blau","10":"pa_filter-color-gelb","12":"first","13":"instock","14":"sale","15":"taxable","16":"shipping-taxable","17":"purchasable","18":"product-type-variable","19":"add-to-wishlist-before_image"},"exclude_global_add_ons":[],"addons":[],"acf":[],"_links":{"self":[{"href":"https:\/\/shop.kustom.ch\/en\/wp-json\/wp\/v2\/product\/668382"}],"collection":[{"href":"https:\/\/shop.kustom.ch\/en\/wp-json\/wp\/v2\/product"}],"about":[{"href":"https:\/\/shop.kustom.ch\/en\/wp-json\/wp\/v2\/types\/product"}],"wp:featuredmedia":[{"embeddable":true,"href":"https:\/\/shop.kustom.ch\/en\/wp-json\/wp\/v2\/media\/668412"}],"wp:attachment":[{"href":"https:\/\/shop.kustom.ch\/en\/wp-json\/wp\/v2\/media?parent=668382"}],"wp:term":[{"taxonomy":"product_brand","embeddable":true,"href":"https:\/\/shop.kustom.ch\/en\/wp-json\/wp\/v2\/product_brand?post=668382"},{"taxonomy":"product_cat","embeddable":true,"href":"https:\/\/shop.kustom.ch\/en\/wp-json\/wp\/v2\/product_cat?post=668382"},{"taxonomy":"product_tag","embeddable":true,"href":"https:\/\/shop.kustom.ch\/en\/wp-json\/wp\/v2\/product_tag?post=668382"}],"curies":[{"name":"wp","href":"https:\/\/api.w.org\/{rel}","templated":true}]}}