{"id":668324,"date":"2025-04-29T19:53:29","date_gmt":"2025-04-29T18:53:29","guid":{"rendered":"https:\/\/shop.kustom.ch\/?post_type=product&#038;p=668324"},"modified":"2026-03-31T09:13:40","modified_gmt":"2026-03-31T08:13:40","slug":"damen-malerhose-stretch","status":"publish","type":"product","link":"https:\/\/shop.kustom.ch\/en\/product\/damen-malerhose-stretch\/","title":{"rendered":"LADIES PAINTING TROUSERS STRETCH"},"content":{"rendered":"<p>A comfortable, lightweight painter's trousers made from a thinner 2-way stretch fabric enhanced with 4-way stretch panels for ultimate comfort where it's needed most. The trousers feature an adjustable waistband, fixed nail pockets, reinforced pockets and a customised reinforced slash pocket. The bottom knee pad pocket with CORDURA\u00ae stretch provides reliable durability and flexibility so you can work efficiently and comfortably all day long. Also available as men's model 1770.<\/p>\n<p>FUNCTIONALITY: 2-way stretch with 4-way stretch inserts. Particularly ergonomically shaped trouser legs. Regular fit. DETAILS: Detachable ID card pocket. Metal buttons. Knife holder with button. Plastic zip at the crotch. Wide loop at the back. D-ring on the waistband. POCKETS: Leg pocket with bellows and flap with Velcro fastening and internal mesh mobile phone pocket. Leg pocket specially designed for spatulas and brushes. Back pockets reinforced with bellows. External knee pad pockets. Side pockets. Tool pockets. REINFORCEMENT: CORDURA\u00ae 1000-reinforced tool pockets, back pockets, customised pockets and knees. REFLEX: Reflective details on the leg. CLOSURE: Leg ends with reinforcement at the back. WASHING INSTRUCTIONS: 40\u00b0 C. Do not bleach. Do not iron. Do not dry clean. Do not spin-dry. MAIN PROPERTIES: Painter. EN 14004. FABRIC: Ladies. black. white. Knee pad pockets. Stretch. Tool pockets. Painter. stretch. USP: 2-way stretch. CORDURA\u00ae-reinforced knee pad pockets. Reflective details. Stretch inserts. Tool pockets. CERTIFICATION: EN 14404:2004+A1:2010 together with knee pads 4027, 4057, 4058 and 4032<\/p>\n<p>63% polyester, 33% cotton, 4% Elastofin, twill, stretch, 260 g\/m\u00b2<\/p>","protected":false},"excerpt":{"rendered":"<p>Eine bequeme, leichte Malerhose aus einem d\u00fcnneren 2-Wege-Stretch-Material, das mit 4-Wege-Stretch-Eins\u00e4tzen verbessert wurde, die dort f\u00fcr ultimativen Komfort sorgen, wo er am meisten ben\u00f6tigt wird. Die Hose verf\u00fcgt \u00fcber einen verstellbaren Bund, fest angebrachte Nageltaschen, verst\u00e4rkte Taschen und eine speziell angepasste, verst\u00e4rkte Einschubtasche. Die unten angebrachte Kniepolstertasche mit CORDURA\u00ae-Stretch sorgt f\u00fcr zuverl\u00e4ssige Haltbarkeit und Flexibilit\u00e4t, [&hellip;]<\/p>\n","protected":false},"featured_media":668378,"template":"","meta":[],"product_brand":[],"product_cat":[4185],"product_tag":[],"class_list":{"0":"post-668324","1":"product","2":"type-product","3":"status-publish","4":"has-post-thumbnail","6":"product_cat-hosen","7":"pa_brand-blaklaeder","8":"pa_brand-type-workwear","9":"pa_filter-color-schwarz","10":"pa_filter-color-weiss","12":"first","13":"instock","14":"sale","15":"taxable","16":"shipping-taxable","17":"purchasable","18":"product-type-variable","19":"add-to-wishlist-before_image"},"exclude_global_add_ons":[],"addons":[],"acf":[],"_links":{"self":[{"href":"https:\/\/shop.kustom.ch\/en\/wp-json\/wp\/v2\/product\/668324"}],"collection":[{"href":"https:\/\/shop.kustom.ch\/en\/wp-json\/wp\/v2\/product"}],"about":[{"href":"https:\/\/shop.kustom.ch\/en\/wp-json\/wp\/v2\/types\/product"}],"wp:featuredmedia":[{"embeddable":true,"href":"https:\/\/shop.kustom.ch\/en\/wp-json\/wp\/v2\/media\/668378"}],"wp:attachment":[{"href":"https:\/\/shop.kustom.ch\/en\/wp-json\/wp\/v2\/media?parent=668324"}],"wp:term":[{"taxonomy":"product_brand","embeddable":true,"href":"https:\/\/shop.kustom.ch\/en\/wp-json\/wp\/v2\/product_brand?post=668324"},{"taxonomy":"product_cat","embeddable":true,"href":"https:\/\/shop.kustom.ch\/en\/wp-json\/wp\/v2\/product_cat?post=668324"},{"taxonomy":"product_tag","embeddable":true,"href":"https:\/\/shop.kustom.ch\/en\/wp-json\/wp\/v2\/product_tag?post=668324"}],"curies":[{"name":"wp","href":"https:\/\/api.w.org\/{rel}","templated":true}]}}