{"id":668154,"date":"2025-04-29T19:52:10","date_gmt":"2025-04-29T18:52:10","guid":{"rendered":"https:\/\/shop.kustom.ch\/?post_type=product&#038;p=668154"},"modified":"2026-03-31T08:16:30","modified_gmt":"2026-03-31T07:16:30","slug":"high-vis-piratenhose-4-wege-stretch","status":"publish","type":"product","link":"https:\/\/shop.kustom.ch\/en\/product\/high-vis-piratenhose-4-wege-stretch\/","title":{"rendered":"HIGH VIS PIRATE TROUSERS 4-WAY STRETCH"},"content":{"rendered":"<p>The Pirate Trousers are made entirely from incredibly soft and flexible 4-way stretch fabric that really does provide ultimate comfort and visibility when it's needed most. The trousers feature segmented reflectors, a high back waistband, removable nail pockets, dark areas in dirt prone areas and ventilation at the knees and yoke. The bottom knee pad pocket with CORDURA\u00ae stretch provides reliable durability and flexibility so you can work efficiently and comfortably all day long.<\/p>\n<p>FUNCTIONALITY: 4-way stretch. Ventilation at the back of the knee. Ventilation at the yoke. Particularly ergonomically shaped trouser legs. DETAILS: Detachable ID card pocket. D-ring. Metal buttons. Knife holder with button. Plastic zip at the crotch. Wide belt loops at the back and sides. Two loops on the sides with a button for hammer holder. D-ring on the waistband. High waistband at the back. POCKETS: Leg pocket with bellows and flap with Velcro fastening and internal mesh mobile phone pocket. Back pockets reinforced with bellows. Knee pad pockets. Side pockets. Tool pockets - detachable and extra wide, with tool loops and additional tool compartments. Reinforced folding rule pocket with knife holder and pen pocket. REINFORCEMENT: CORDURA\u00ae stretch-reinforced knee pad pockets. CORDURA\u00ae -reinforced tool pockets, back pockets and ruler pocket. REFLEX: Reflective material around the legs. WASHING INSTRUCTIONS: Number of washes: 50. 60\u00b0 C. Do not bleach. Do not iron. Do not dry clean. Tumble dry - low. MAIN PROPERTIES: Craftsmen. Road and construction workers. Men's. EN 14004. EN ISO 20471. FABRIC: Men. blue. High-vis yellow. High-vis orange. Detachable tool pockets. Knee pad pockets. Stretch. Tool pockets. Stretch. High-visibility protection. USP: 4-way stretch. Detachable tool pockets. Breathable mesh inserts. CORDURA\u00ae-reinforced tool pockets. Knee pad pockets made from reinforced CORDURA\u00ae stretch. Segmented reflective stripes. Pre-shaped legs. CERTIFICATION: EN 14404:2004+A1:2010 together with knee pads 4027, 4057, 4058 and 4032. EN ISO 20471, class 1. certification group V<\/p>\n<p>100% polyester, double woven, 4-way stretch, 260 g\/m\u00b2<\/p>","protected":false},"excerpt":{"rendered":"<p>Die Piratenhose ist komplett aus unglaublich weichem und flexiblem 4-Wege-Stretch-Gewebe gefertigt, das wirklich ultimativen Komfort und Sichtbarkeit bietet, wenn es am meisten gebraucht wird. Die Hose verf\u00fcgt \u00fcber segmentierte Reflektoren, einen hohen R\u00fcckenbund, abnehmbare Nageltaschen, dunkle Bereiche an schmutzanf\u00e4lligen Stellen und Bel\u00fcftung an den Knien und der Passe. Die unten angebrachte Kniepolstertasche mit CORDURA\u00ae-Stretch sorgt [&hellip;]<\/p>\n","protected":false},"featured_media":668186,"template":"","meta":[],"product_brand":[],"product_cat":[4198],"product_tag":[],"class_list":{"0":"post-668154","1":"product","2":"type-product","3":"status-publish","4":"has-post-thumbnail","6":"product_cat-shorts","7":"pa_brand-blaklaeder","8":"pa_brand-type-workwear","9":"pa_filter-color-blau","10":"pa_filter-color-gelb","11":"pa_filter-color-orange","12":"pa_filter-color-rot","13":"pa_filter-color-schwarz","15":"first","16":"instock","17":"sale","18":"taxable","19":"shipping-taxable","20":"purchasable","21":"product-type-variable","22":"add-to-wishlist-before_image"},"exclude_global_add_ons":[],"addons":[],"acf":[],"_links":{"self":[{"href":"https:\/\/shop.kustom.ch\/en\/wp-json\/wp\/v2\/product\/668154"}],"collection":[{"href":"https:\/\/shop.kustom.ch\/en\/wp-json\/wp\/v2\/product"}],"about":[{"href":"https:\/\/shop.kustom.ch\/en\/wp-json\/wp\/v2\/types\/product"}],"wp:featuredmedia":[{"embeddable":true,"href":"https:\/\/shop.kustom.ch\/en\/wp-json\/wp\/v2\/media\/668186"}],"wp:attachment":[{"href":"https:\/\/shop.kustom.ch\/en\/wp-json\/wp\/v2\/media?parent=668154"}],"wp:term":[{"taxonomy":"product_brand","embeddable":true,"href":"https:\/\/shop.kustom.ch\/en\/wp-json\/wp\/v2\/product_brand?post=668154"},{"taxonomy":"product_cat","embeddable":true,"href":"https:\/\/shop.kustom.ch\/en\/wp-json\/wp\/v2\/product_cat?post=668154"},{"taxonomy":"product_tag","embeddable":true,"href":"https:\/\/shop.kustom.ch\/en\/wp-json\/wp\/v2\/product_tag?post=668154"}],"curies":[{"name":"wp","href":"https:\/\/api.w.org\/{rel}","templated":true}]}}