{"id":668098,"date":"2025-04-29T19:51:35","date_gmt":"2025-04-29T18:51:35","guid":{"rendered":"https:\/\/shop.kustom.ch\/?post_type=product&#038;p=668098"},"modified":"2026-03-31T08:34:49","modified_gmt":"2026-03-31T07:34:49","slug":"maler-piratenhose-stretch","status":"publish","type":"product","link":"https:\/\/shop.kustom.ch\/en\/product\/maler-piratenhose-stretch\/","title":{"rendered":"PAINTER PIRATE TROUSERS STRETCH"},"content":{"rendered":"<p>Comfortable, lightweight pirate trousers made from a thinner 2-way stretch material with 4-way stretch panels for ultimate comfort where you need it most. The pirate trousers have practical reinforced pockets and a specially adapted, reinforced slit pocket. The lower knee pad pocket with CORDURA\u00ae stretch offers reliable durability and flexibility, so you can work efficiently and comfortably all day long.<\/p>\n<p>FUNCTIONALITY: 2-way stretch with 4-way stretch inserts. Particularly ergonomically shaped trouser legs. Regular fit. DETAILS: Detachable ID card pocket. Metal buttons. Knife holder with button. Plastic zip at the crotch. Wide loop at the back. D-ring on the waistband. POCKETS: Leg pocket with bellows and flap with Velcro fastening and internal mesh mobile phone pocket. Leg pocket specially designed for spatulas and brushes. Back pockets reinforced with bellows. External knee pad pockets. Side pockets. Tool pockets. REINFORCEMENT: CORDURA\u00ae 1000-reinforced tool pockets, back pockets, customised pockets and knees. REFLEX: Reflective details on the leg. WASHING INSTRUCTIONS: 40\u00b0 C. Do not bleach. Do not iron. Do not dry clean. Do not spin. MAIN PROPERTIES: Painters. Men's. EN 14004. FABRIC: Men's. black. white. Knee pad pockets. Stretch. Tool pockets. Painter. stretch. USP: 2-way stretch. CORDURA\u00ae 1000-reinforced pockets. CORDURA\u00ae-reinforced knee pad pockets. CORDURA\u00ae-reinforced tool pockets. Reflective details. Stretch inserts. Pre-shaped legs. CERTIFICATION: EN 14404:2004+A1:2010 together with knee pads 4027, 4057, 4058 and 4032<\/p>\n<p>63% polyester, 33% cotton, 4% Elastofin, twill, stretch, 260 g\/m\u00b2<\/p>","protected":false},"excerpt":{"rendered":"<p>Eine bequeme, leichte Piratenhose aus einem d\u00fcnneren 2-Wege-Stretch-Material mit 4-Wege-Stretch-Eins\u00e4tzen, die f\u00fcr ultimativen Komfort sorgen, wo er am meisten gebraucht wird. Die Piratenhose verf\u00fcgt \u00fcber praktische verst\u00e4rkte Taschen und eine speziell angepasste, verst\u00e4rkte Einschubtasche. Die unten liegende Kniepolstertasche mit CORDURA\u00ae-Stretch bietet zuverl\u00e4ssige Strapazierf\u00e4higkeit und Flexibilit\u00e4t, so dass man den ganzen Tag \u00fcber effizient und bequem [&hellip;]<\/p>\n","protected":false},"featured_media":668152,"template":"","meta":[],"product_brand":[],"product_cat":[4198],"product_tag":[],"class_list":{"0":"post-668098","1":"product","2":"type-product","3":"status-publish","4":"has-post-thumbnail","6":"product_cat-shorts","7":"pa_brand-blaklaeder","8":"pa_brand-type-workwear","9":"pa_filter-color-schwarz","10":"pa_filter-color-weiss","12":"first","13":"instock","14":"sale","15":"taxable","16":"shipping-taxable","17":"purchasable","18":"product-type-variable","19":"add-to-wishlist-before_image"},"exclude_global_add_ons":[],"addons":[],"acf":[],"_links":{"self":[{"href":"https:\/\/shop.kustom.ch\/en\/wp-json\/wp\/v2\/product\/668098"}],"collection":[{"href":"https:\/\/shop.kustom.ch\/en\/wp-json\/wp\/v2\/product"}],"about":[{"href":"https:\/\/shop.kustom.ch\/en\/wp-json\/wp\/v2\/types\/product"}],"wp:featuredmedia":[{"embeddable":true,"href":"https:\/\/shop.kustom.ch\/en\/wp-json\/wp\/v2\/media\/668152"}],"wp:attachment":[{"href":"https:\/\/shop.kustom.ch\/en\/wp-json\/wp\/v2\/media?parent=668098"}],"wp:term":[{"taxonomy":"product_brand","embeddable":true,"href":"https:\/\/shop.kustom.ch\/en\/wp-json\/wp\/v2\/product_brand?post=668098"},{"taxonomy":"product_cat","embeddable":true,"href":"https:\/\/shop.kustom.ch\/en\/wp-json\/wp\/v2\/product_cat?post=668098"},{"taxonomy":"product_tag","embeddable":true,"href":"https:\/\/shop.kustom.ch\/en\/wp-json\/wp\/v2\/product_tag?post=668098"}],"curies":[{"name":"wp","href":"https:\/\/api.w.org\/{rel}","templated":true}]}}