{"id":668047,"date":"2025-04-29T19:51:04","date_gmt":"2025-04-29T18:51:04","guid":{"rendered":"https:\/\/shop.kustom.ch\/?post_type=product&#038;p=668047"},"modified":"2026-03-31T08:34:41","modified_gmt":"2026-03-31T07:34:41","slug":"malerhose-stretch","status":"publish","type":"product","link":"https:\/\/shop.kustom.ch\/en\/product\/malerhose-stretch\/","title":{"rendered":"PAINTER'S TROUSERS STRETCH"},"content":{"rendered":"<p>Comfortable, lightweight painter's trousers made from a thinner 2-way stretch fabric with 4-way stretch inserts for ultimate comfort where you need it most. The trousers feature fixed nail pockets, practical reinforced pockets and a specially adapted, reinforced trowel pocket. The lower knee pad pocket with CORDURA\u00ae stretch offers reliable durability and flexibility, allowing you to work efficiently and comfortably throughout the day. Also available in a women's model 7232.<\/p>\n<p>FUNCTIONALITY: 2-way stretch with 4-way stretch inserts. Particularly ergonomically shaped trouser legs. Regular fit. DETAILS: Detachable ID pocket. Metal buttons. Knife holder with button. Plastic zip in the crotch. Wide loop at the back. D-ring on the waistband. POCKETS: Leg pocket with bellows and flap with Velcro fastener and internal mesh mobile phone pocket. Leg pocket specially designed for spatulas and brushes. Back pockets reinforced with bellows. External knee pad pockets. Side pockets. Tool pockets. REINFORCEMENT: CORDURA\u00ae 1000 reinforced tool pockets, back pockets, ruler pocket and knees. REFLEX: Reflective details on the leg. FINISH: Leg ends with reinforcement at the back. WASHING INSTRUCTIONS: 40\u00b0C. Do not bleach. Do not iron. Do not dry clean. Do not spin dry. MAIN FEATURES: Painter. EN 14004. FABRIC: Available for men and women. Men. Black. White. Knee pad pockets. Stretch. Tool pockets. Painter. Stretch. USP: 2-way stretch. Knee pad pockets in reinforced CORDURA\u00ae stretch. Reflective details. Stretch inserts. Tool pockets. CERTIFICATION: EN 14404:2004+A1:2010 together with knee pads 4027, 4057, 4058 and 4032.<\/p>\n<p>63% polyester, 33% cotton, 4% Elastofin, twill, stretch, 260 g\/m\u00b2<\/p>","protected":false},"excerpt":{"rendered":"<p>Eine bequeme, leichte Malerhose aus einem d\u00fcnneren 2-Wege-Stretch-Material mit 4-Wege-Stretch-Eins\u00e4tzen, die dort, wo sie am meisten gebraucht wird, f\u00fcr ultimativen Komfort sorgen.Die Hose verf\u00fcgt \u00fcber fest angebrachte Nageltaschen, praktische verst\u00e4rkte Taschen und eine speziell angepasste, verst\u00e4rkte Spachteltasche. Die unten angebrachte Kniepolstertasche mit CORDURA\u00ae-Stretch bietet zuverl\u00e4ssige Strapazierf\u00e4higkeit und Flexibilit\u00e4t, so dass man den ganzen Tag \u00fcber [&hellip;]<\/p>\n","protected":false},"featured_media":668065,"template":"","meta":[],"product_brand":[],"product_cat":[4185],"product_tag":[],"class_list":{"0":"post-668047","1":"product","2":"type-product","3":"status-publish","4":"has-post-thumbnail","6":"product_cat-hosen","7":"pa_brand-blaklaeder","8":"pa_brand-type-workwear","9":"pa_filter-color-schwarz","10":"pa_filter-color-weiss","12":"first","13":"instock","14":"sale","15":"taxable","16":"shipping-taxable","17":"purchasable","18":"product-type-variable","19":"add-to-wishlist-before_image"},"exclude_global_add_ons":[],"addons":[],"acf":[],"_links":{"self":[{"href":"https:\/\/shop.kustom.ch\/en\/wp-json\/wp\/v2\/product\/668047"}],"collection":[{"href":"https:\/\/shop.kustom.ch\/en\/wp-json\/wp\/v2\/product"}],"about":[{"href":"https:\/\/shop.kustom.ch\/en\/wp-json\/wp\/v2\/types\/product"}],"wp:featuredmedia":[{"embeddable":true,"href":"https:\/\/shop.kustom.ch\/en\/wp-json\/wp\/v2\/media\/668065"}],"wp:attachment":[{"href":"https:\/\/shop.kustom.ch\/en\/wp-json\/wp\/v2\/media?parent=668047"}],"wp:term":[{"taxonomy":"product_brand","embeddable":true,"href":"https:\/\/shop.kustom.ch\/en\/wp-json\/wp\/v2\/product_brand?post=668047"},{"taxonomy":"product_cat","embeddable":true,"href":"https:\/\/shop.kustom.ch\/en\/wp-json\/wp\/v2\/product_cat?post=668047"},{"taxonomy":"product_tag","embeddable":true,"href":"https:\/\/shop.kustom.ch\/en\/wp-json\/wp\/v2\/product_tag?post=668047"}],"curies":[{"name":"wp","href":"https:\/\/api.w.org\/{rel}","templated":true}]}}