{"id":667819,"date":"2025-04-29T19:48:46","date_gmt":"2025-04-29T18:48:46","guid":{"rendered":"https:\/\/shop.kustom.ch\/?post_type=product&#038;p=667819"},"modified":"2026-03-31T08:56:54","modified_gmt":"2026-03-31T07:56:54","slug":"high-vis-sweatshirt-mit-abnehmbarer-kapuze","status":"publish","type":"product","link":"https:\/\/shop.kustom.ch\/en\/product\/high-vis-sweatshirt-mit-abnehmbarer-kapuze\/","title":{"rendered":"High vis sweatshirt with detachable hood"},"content":{"rendered":"<p>High Vis sweatshirt with interrupted reflective stripes for extra visibility. The material of the High Vis shirt is a soft and beautiful fleece that offers an unbeatable combination of safety and comfort. Detachable hood, collar, full-length zip, pockets on the front, breast pocket and ribbed cuffs. Can be industrially laundered. Also available as ladies' model 3574.<\/p>\n<p>FUNCTIONALITY: Regular fit. DETAILS: Detachable hood. High collar with zip. POCKETS: Chest pocket with zip and D-ring. Front pockets with zips. FRONT CLOSURE: Plastic zip. REFLEX: 50 mm wide transfer reflective strips. Reflective material on torso, sleeves and shoulders. CLOSURE: Cuffs with cuffs. Ribbed waistband. WASHING INSTRUCTIONS: Household wash X 50. Industrial wash X 50. 70\u00b0 C. Do not bleach. Do not iron. Do not dry clean. PRO: suitable for tumble drying. Tumble dryer - low. MAIN PROPERTIES: Driver. Craftsmen. Road and construction workers. Available for men and women. Men's. EN ISO 20471. FABRIC: High-vis yellow. red. High visibility. Industrial wash EN ISO 15797. USP: Wide reflective stripes. Soft, brushed inside. CERTIFICATION: EN ISO 20471 XS-S class 2, M class 3. certification group C -&gt;S<\/p>\n<p>100% Polyester, piqu\u00e9 fleece, brushed on one side, 240 g\/m\u00b2<\/p>","protected":false},"excerpt":{"rendered":"<p>High Vis Sweatshirt mit unterbrochenen Reflexstreifen f\u00fcr zus\u00e4tzliche Sichtbarkeit. Das Material des High Vis Shirts ist ein weiches und sch\u00f6nes Fleece, das eine unschlagbare Kombination aus Sicherheit und Komfort bietet. Abnehmbare Kapuze, Kragen, durchgehender Reissverschluss, Taschen auf der Vorderseite, Brusttasche und Rippenb\u00fcndchen. Kann industriell gewaschen werden. Auch als Damen-Modell 3574 erh\u00e4ltlich. FUNKTIONALIT\u00c4T: Normale Passform. DETAILS: [&hellip;]<\/p>\n","protected":false},"featured_media":667879,"template":"","meta":[],"product_brand":[],"product_cat":[4184],"product_tag":[],"class_list":{"0":"post-667819","1":"product","2":"type-product","3":"status-publish","4":"has-post-thumbnail","6":"product_cat-hoodies-pullover","7":"pa_brand-blaklaeder","8":"pa_brand-type-workwear","9":"pa_filter-color-gelb","10":"pa_filter-color-orange","11":"pa_filter-color-rot","13":"first","14":"instock","15":"sale","16":"taxable","17":"shipping-taxable","18":"purchasable","19":"product-type-variable","20":"add-to-wishlist-before_image"},"exclude_global_add_ons":[],"addons":[],"acf":[],"_links":{"self":[{"href":"https:\/\/shop.kustom.ch\/en\/wp-json\/wp\/v2\/product\/667819"}],"collection":[{"href":"https:\/\/shop.kustom.ch\/en\/wp-json\/wp\/v2\/product"}],"about":[{"href":"https:\/\/shop.kustom.ch\/en\/wp-json\/wp\/v2\/types\/product"}],"wp:featuredmedia":[{"embeddable":true,"href":"https:\/\/shop.kustom.ch\/en\/wp-json\/wp\/v2\/media\/667879"}],"wp:attachment":[{"href":"https:\/\/shop.kustom.ch\/en\/wp-json\/wp\/v2\/media?parent=667819"}],"wp:term":[{"taxonomy":"product_brand","embeddable":true,"href":"https:\/\/shop.kustom.ch\/en\/wp-json\/wp\/v2\/product_brand?post=667819"},{"taxonomy":"product_cat","embeddable":true,"href":"https:\/\/shop.kustom.ch\/en\/wp-json\/wp\/v2\/product_cat?post=667819"},{"taxonomy":"product_tag","embeddable":true,"href":"https:\/\/shop.kustom.ch\/en\/wp-json\/wp\/v2\/product_tag?post=667819"}],"curies":[{"name":"wp","href":"https:\/\/api.w.org\/{rel}","templated":true}]}}