{"id":667700,"date":"2025-04-29T19:47:25","date_gmt":"2025-04-29T18:47:25","guid":{"rendered":"https:\/\/shop.kustom.ch\/?post_type=product&#038;p=667700"},"modified":"2026-03-31T08:55:50","modified_gmt":"2026-03-31T07:55:50","slug":"merino-t-shirt","status":"publish","type":"product","link":"https:\/\/shop.kustom.ch\/en\/product\/merino-t-shirt\/","title":{"rendered":"MERINO T-SHIRT"},"content":{"rendered":"<p>This merino wool T-shirt is soft and comfortable in both warm and cold environments. The natural moisture-wicking, antibacterial and temperature-regulating properties of wool provide effective protection against odours throughout the working day. The elasticated properties ensure a comfortable fit and therefore a pleasant wearing comfort. Also available as ladies' model 3537.<\/p>\n<p>FUNCTIONALITY: Slim fit. DETAILS: Print on the sleeves. Round neck. WASHING INSTRUCTIONS: 40\u00b0 C. Do not bleach. Do not iron. Do not dry clean. Do not spin. MAIN PROPERTIES: Flooring. Roofer. Driver. Fisherman. Gardener. Handyman. Woodcutter. Plumber. Warehouse worker. Painter. Bricklayer \/ tiler. Mechanic. Cleaner. Service employee. Plumber. FABRIC: Available for men and women. Men. green. Profile. USP: Elasticated. Tight fit. Moisture wicking. Merino wool. Naturally antibacterial. Temperature regulation<\/p>\n<p>85% merino wool 15% recycled polyamide, single jersey, moisture-regulating, 120g\/m\u00b2<\/p>","protected":false},"excerpt":{"rendered":"<p>Dieses T-Shirt aus Merinowolle ist sowohl in warmen als auch in kalten Umgebungen weich und bequem. Die nat\u00fcrlichen feuchtigkeitsableitenden, antibakteriellen und temperaturregulierenden Eigenschaften der Wolle bieten einen wirksamen Schutz vor Geruchsbildung w\u00e4hrend des gesamten Arbeitstages. Die elastischen Eigenschaften sorgen f\u00fcr eine bequeme Passform und damit f\u00fcr ein angenehmes Tragegef\u00fchl. Auch als Damenmodell 3537 erh\u00e4ltlich. FUNKTIONALIT\u00c4T: [&hellip;]<\/p>\n","protected":false},"featured_media":667737,"template":"","meta":[],"product_brand":[],"product_cat":[4201],"product_tag":[],"class_list":{"0":"post-667700","1":"product","2":"type-product","3":"status-publish","4":"has-post-thumbnail","6":"product_cat-t-shirts","7":"pa_brand-blaklaeder","8":"pa_brand-type-workwear","9":"pa_filter-color-blau","10":"pa_filter-color-gruen","11":"pa_filter-color-schwarz","13":"first","14":"instock","15":"sale","16":"taxable","17":"shipping-taxable","18":"purchasable","19":"product-type-variable","20":"add-to-wishlist-before_image"},"exclude_global_add_ons":[],"addons":[],"acf":[],"_links":{"self":[{"href":"https:\/\/shop.kustom.ch\/en\/wp-json\/wp\/v2\/product\/667700"}],"collection":[{"href":"https:\/\/shop.kustom.ch\/en\/wp-json\/wp\/v2\/product"}],"about":[{"href":"https:\/\/shop.kustom.ch\/en\/wp-json\/wp\/v2\/types\/product"}],"wp:featuredmedia":[{"embeddable":true,"href":"https:\/\/shop.kustom.ch\/en\/wp-json\/wp\/v2\/media\/667737"}],"wp:attachment":[{"href":"https:\/\/shop.kustom.ch\/en\/wp-json\/wp\/v2\/media?parent=667700"}],"wp:term":[{"taxonomy":"product_brand","embeddable":true,"href":"https:\/\/shop.kustom.ch\/en\/wp-json\/wp\/v2\/product_brand?post=667700"},{"taxonomy":"product_cat","embeddable":true,"href":"https:\/\/shop.kustom.ch\/en\/wp-json\/wp\/v2\/product_cat?post=667700"},{"taxonomy":"product_tag","embeddable":true,"href":"https:\/\/shop.kustom.ch\/en\/wp-json\/wp\/v2\/product_tag?post=667700"}],"curies":[{"name":"wp","href":"https:\/\/api.w.org\/{rel}","templated":true}]}}