{"id":667661,"date":"2025-04-29T19:46:57","date_gmt":"2025-04-29T18:46:57","guid":{"rendered":"https:\/\/shop.kustom.ch\/?post_type=product&#038;p=667661"},"modified":"2026-03-31T08:53:32","modified_gmt":"2026-03-31T07:53:32","slug":"flammschutz-sweatshirt-mit-reissverschluss","status":"publish","type":"product","link":"https:\/\/shop.kustom.ch\/en\/product\/flammschutz-sweatshirt-mit-reissverschluss\/","title":{"rendered":"Flame protection sweatshirt with zip"},"content":{"rendered":"<p>Comfortable, cosy and extremely practical flame retardant top in inherent quality, completely metal free. This sweatshirt has a plastic zip and can be conveniently used as a jacket if required, has side inserts for an improved, ergonomic fit and is made from a comfortable quality fabric with excellent protective properties.In addition to its protective function, the shirt also has practical features such as two zipped pockets on the front and a high collar that offers additional protection when folded up.certified to EN 1149-5, EN ISO 11612 and EN 61482-2 APC 1, EBT - 13 cal\/cm\u00b2, ELIM - 12 cal\/cm\u00b2.<\/p>\n<p>FUNCTIONALITY: Metal-free. Ergonomic fit for better mobility. DETAILS: D-ring. External certification labels. High collar with concealed zip. POCKETS: Front pockets with zips. FRONT CLOSURE: Concealed, reinforced plastic zip. REFLEX: Reflective details on the shoulder. CLOSURE: Cuffs with cuffs. Ribbed waistband. WASHING INSTRUCTIONS: 60\u00b0 C. Do not bleach. Do not iron. Do not dry clean. Do not spin. MAIN PROPERTIES: Electrician. Craftsman. Service staff. Men's. EN 1149-5. EN 61482-2. EN ISO 11612. FABRIC: Men. blue. Metal-free. Flame retardant. CERTIFICATION: EN 1149-5. EBT - 13 cal\/cm\u00b2. ELIM - 12 cal\/cm\u00b2. EN 61482-2, APC 1. ISO 11612 A1, B1, C2<\/p>\n<p>60% modacrylic, 39% cotton, 1% antistatic fibre, terry knit brushed inside, flame-retardant, antistatic, 280g\/m\u00b2<\/p>","protected":false},"excerpt":{"rendered":"<p>Bequemes, gem\u00fctliches und \u00e4usserst praktisches flammhemmendes Oberteil in inh\u00e4renter Qualit\u00e4t, v\u00f6llig metallfrei. Dieses Sweatshirt verf\u00fcgt \u00fcber einen Kunststoffreissverschluss und kann bei Bedarf bequem als Jacke verwendet werden.Es verf\u00fcgt \u00fcber Seiteneins\u00e4tze f\u00fcr eine verbesserte, ergonomische Passform und ist aus einem bequemen Qualit\u00e4tsgewebe mit hervorragenden Schutzeigenschaften gefertigt.Neben seiner Schutzfunktion verf\u00fcgt das Hemd auch \u00fcber praktische Eigenschaften wie [&hellip;]<\/p>\n","protected":false},"featured_media":667719,"template":"","meta":[],"product_brand":[],"product_cat":[4184],"product_tag":[],"class_list":{"0":"post-667661","1":"product","2":"type-product","3":"status-publish","4":"has-post-thumbnail","6":"product_cat-hoodies-pullover","7":"pa_brand-blaklaeder","8":"pa_brand-type-workwear","9":"pa_filter-color-blau","10":"pa_filter-color-schwarz","12":"first","13":"instock","14":"sale","15":"taxable","16":"shipping-taxable","17":"purchasable","18":"product-type-variable","19":"add-to-wishlist-before_image"},"exclude_global_add_ons":[],"addons":[],"acf":[],"_links":{"self":[{"href":"https:\/\/shop.kustom.ch\/en\/wp-json\/wp\/v2\/product\/667661"}],"collection":[{"href":"https:\/\/shop.kustom.ch\/en\/wp-json\/wp\/v2\/product"}],"about":[{"href":"https:\/\/shop.kustom.ch\/en\/wp-json\/wp\/v2\/types\/product"}],"wp:featuredmedia":[{"embeddable":true,"href":"https:\/\/shop.kustom.ch\/en\/wp-json\/wp\/v2\/media\/667719"}],"wp:attachment":[{"href":"https:\/\/shop.kustom.ch\/en\/wp-json\/wp\/v2\/media?parent=667661"}],"wp:term":[{"taxonomy":"product_brand","embeddable":true,"href":"https:\/\/shop.kustom.ch\/en\/wp-json\/wp\/v2\/product_brand?post=667661"},{"taxonomy":"product_cat","embeddable":true,"href":"https:\/\/shop.kustom.ch\/en\/wp-json\/wp\/v2\/product_cat?post=667661"},{"taxonomy":"product_tag","embeddable":true,"href":"https:\/\/shop.kustom.ch\/en\/wp-json\/wp\/v2\/product_tag?post=667661"}],"curies":[{"name":"wp","href":"https:\/\/api.w.org\/{rel}","templated":true}]}}