{"id":667660,"date":"2025-04-29T19:46:57","date_gmt":"2025-04-29T18:46:57","guid":{"rendered":"https:\/\/shop.kustom.ch\/?post_type=product&#038;p=667660"},"modified":"2026-03-31T08:53:02","modified_gmt":"2026-03-31T07:53:02","slug":"damen-langarm-funktions-t-shirt-mit-uv-schutz","status":"publish","type":"product","link":"https:\/\/shop.kustom.ch\/en\/product\/damen-langarm-funktions-t-shirt-mit-uv-schutz\/","title":{"rendered":"Ladies' long-sleeved functional T-shirt with UV protection"},"content":{"rendered":"<p>A comfortable, lightweight and functional long-sleeved T-shirt made from a ventilated and lightly knitted fabric with texture. The material is comfortable to wear and provides effective protection against the sun's strong UV rays. Also available as men's model 3423.<\/p>\n<p>DETAILS: Print on the sleeves. Round neck. REFLEX: reflective details on the shoulder. WASHING INSTRUCTIONS: 60\u00b0 C. Do not bleach. Do not iron. Do not dry clean. Tumble dry - low. MAIN PROPERTIES: Flooring. Roofer. Driver. Fisherman. Gardener. Handyman. Woodcutter. Plumber. Warehouse worker. Painter. Bricklayer \/ tiler. Mechanic. Cleaner. Service employee. EN 13758-2. FABRIC: Ladies. blue. green. black. Profile. USP: Elastic. Moisture wicking. Functional knitted material. Reflective details. UV protection. CERTIFICATION: EN 13758-2 UPF 40 +<\/p>\n<p>91% polyester, 9% elastane, jacquard fabric, moisture-regulating, UV protection, 135g\/m\u00b2<\/p>","protected":false},"excerpt":{"rendered":"<p>Ein bequemes, leichtes und funktionelles Langarm-T-Shirt aus einem bel\u00fcfteten und leicht gestrickten Stoff mit Textur. Das Material bietet ein angenehmes Tragegef\u00fchl und sch\u00fctzt effektiv vor den starken UV-Strahlen der Sonne. Auch als Herrenmodell 3423 erh\u00e4ltlich. DETAILS: Aufdruck auf den \u00c4rmeln. Rundhals. REFLEX: Reflexdetails an der Schulter. WASCHANLEITUNG: 60\u00b0 C. Nicht bleichen. Nicht b\u00fcgeln. Nicht chemisch [&hellip;]<\/p>\n","protected":false},"featured_media":667693,"template":"","meta":[],"product_brand":[],"product_cat":[4201],"product_tag":[],"class_list":{"0":"post-667660","1":"product","2":"type-product","3":"status-publish","4":"has-post-thumbnail","6":"product_cat-t-shirts","7":"pa_brand-blaklaeder","8":"pa_brand-type-workwear","9":"pa_filter-color-blau","10":"pa_filter-color-gruen","11":"pa_filter-color-schwarz","13":"first","14":"instock","15":"sale","16":"taxable","17":"shipping-taxable","18":"purchasable","19":"product-type-variable","20":"add-to-wishlist-before_image"},"exclude_global_add_ons":[],"addons":[],"acf":[],"_links":{"self":[{"href":"https:\/\/shop.kustom.ch\/en\/wp-json\/wp\/v2\/product\/667660"}],"collection":[{"href":"https:\/\/shop.kustom.ch\/en\/wp-json\/wp\/v2\/product"}],"about":[{"href":"https:\/\/shop.kustom.ch\/en\/wp-json\/wp\/v2\/types\/product"}],"wp:featuredmedia":[{"embeddable":true,"href":"https:\/\/shop.kustom.ch\/en\/wp-json\/wp\/v2\/media\/667693"}],"wp:attachment":[{"href":"https:\/\/shop.kustom.ch\/en\/wp-json\/wp\/v2\/media?parent=667660"}],"wp:term":[{"taxonomy":"product_brand","embeddable":true,"href":"https:\/\/shop.kustom.ch\/en\/wp-json\/wp\/v2\/product_brand?post=667660"},{"taxonomy":"product_cat","embeddable":true,"href":"https:\/\/shop.kustom.ch\/en\/wp-json\/wp\/v2\/product_cat?post=667660"},{"taxonomy":"product_tag","embeddable":true,"href":"https:\/\/shop.kustom.ch\/en\/wp-json\/wp\/v2\/product_tag?post=667660"}],"curies":[{"name":"wp","href":"https:\/\/api.w.org\/{rel}","templated":true}]}}