{"id":667460,"date":"2025-04-29T19:45:04","date_gmt":"2025-04-29T18:45:04","guid":{"rendered":"https:\/\/shop.kustom.ch\/?post_type=product&#038;p=667460"},"modified":"2026-03-31T08:43:36","modified_gmt":"2026-03-31T07:43:36","slug":"funktionssocken-pro","status":"publish","type":"product","link":"https:\/\/shop.kustom.ch\/en\/product\/funktionssocken-pro\/","title":{"rendered":"Functional socks Pro"},"content":{"rendered":"<p>The ultimate functional sock with excellent durability and moisture transport. Right- and left-footed fit, targeted padding and additional reinforcements high up on the heel.Light compression gives the sock an excellent fit and prevents blisters and discomfort.Overall, a sock with unbeatable comfort for the high-performance worker.<\/p>\n<p>FUNCTIONALITY: Ankle-length socks. Elasticated knitted material on the sole of the foot. Terry knit on the heel, sole and toe. Good moisture transport. Reinforcement at the heel, sole and toe. PACKAGING: Supplied in pairs. WASHING INSTRUCTIONS: 40\u00b0 C. Do not bleach. Do not iron. Do not dry clean. Do not spin. MAIN FEATURES: Unisex. FABRIC: black<\/p>\n<p>38% polyamide, 32% polyester, 28% polypropylene, 2% elastane<\/p>","protected":false},"excerpt":{"rendered":"<p>Die ultimative Funktionssocke mit hervorragender Haltbarkeit und Feuchtigkeitstransport. Rechts- und linksf\u00fcssige Passform, gezielte Polsterung und zus\u00e4tzliche Verst\u00e4rkungen hoch oben an der Ferse.Eine leichte Kompression verleiht der Socke eine hervorragende Passform und beugt Blasen und Unbehagen vor.Insgesamt eine Socke mit unschlagbarem Komfort f\u00fcr den leistungsstarken Arbeiter. FUNKTIONALIT\u00c4T: Kn\u00f6chellange Socken. Elastisches Strickmaterial an der Fusssohle. Frotteestrick an [&hellip;]<\/p>\n","protected":false},"featured_media":667507,"template":"","meta":[],"product_brand":[],"product_cat":[4199],"product_tag":[],"class_list":{"0":"post-667460","1":"product","2":"type-product","3":"status-publish","4":"has-post-thumbnail","6":"product_cat-socken","7":"pa_brand-blaklaeder","8":"pa_brand-type-workwear","9":"pa_filter-color-schwarz","11":"first","12":"instock","13":"sale","14":"taxable","15":"shipping-taxable","16":"purchasable","17":"product-type-variable","18":"add-to-wishlist-before_image"},"exclude_global_add_ons":[],"addons":[],"acf":[],"_links":{"self":[{"href":"https:\/\/shop.kustom.ch\/en\/wp-json\/wp\/v2\/product\/667460"}],"collection":[{"href":"https:\/\/shop.kustom.ch\/en\/wp-json\/wp\/v2\/product"}],"about":[{"href":"https:\/\/shop.kustom.ch\/en\/wp-json\/wp\/v2\/types\/product"}],"wp:featuredmedia":[{"embeddable":true,"href":"https:\/\/shop.kustom.ch\/en\/wp-json\/wp\/v2\/media\/667507"}],"wp:attachment":[{"href":"https:\/\/shop.kustom.ch\/en\/wp-json\/wp\/v2\/media?parent=667460"}],"wp:term":[{"taxonomy":"product_brand","embeddable":true,"href":"https:\/\/shop.kustom.ch\/en\/wp-json\/wp\/v2\/product_brand?post=667460"},{"taxonomy":"product_cat","embeddable":true,"href":"https:\/\/shop.kustom.ch\/en\/wp-json\/wp\/v2\/product_cat?post=667460"},{"taxonomy":"product_tag","embeddable":true,"href":"https:\/\/shop.kustom.ch\/en\/wp-json\/wp\/v2\/product_tag?post=667460"}],"curies":[{"name":"wp","href":"https:\/\/api.w.org\/{rel}","templated":true}]}}