{"id":667385,"date":"2025-04-29T19:43:59","date_gmt":"2025-04-29T18:43:59","guid":{"rendered":"https:\/\/shop.kustom.ch\/?post_type=product&#038;p=667385"},"modified":"2026-03-31T08:47:16","modified_gmt":"2026-03-31T07:47:16","slug":"praezisionshandschuh","status":"publish","type":"product","link":"https:\/\/shop.kustom.ch\/en\/product\/praezisionshandschuh\/","title":{"rendered":"Precision glove"},"content":{"rendered":"<p>A thin and flexible all-round glove with touchscreen function. The nitrile coating ensures good grip and durability, and the seamless inner lining is made of polyamide\/elastane, making this model a good choice for various work environments where dexterity is required.<\/p>\n<p>FUNCTIONALITY: Chrome free. Touch function on fingers, thumb and palm. HAND: Palm coated with nitrile. PACKAGING: 1 user information leaflet\/bundle. 12. price\/pair, sold in bundles of 12 pairs. 144 pairs\/box. FIELD OF APPLICATION: Oily environments. Dirty environments. Assembly work. Precision work. DISPLAY: Colour coding on the cuff. INNER MATERIAL: 15 gauge polyamide\/elastane. COVER: A microporous coating that allows the hand to breathe. Microfoam surface. Palm coated. Nitrile. USP: Thin and comfortable design. Chrome free. Good finger feel. Ideal for oily environments. Ideal for dirty environments. Micro-foam grip texture. Nitrile coating. Precision glove. Touch function in the palm area. Unlined. CERTIFICATION: EN 388 (4131X). PPE Cat 2<\/p>\n<p>Nitrile Smooth, 15 gauge<\/p>","protected":false},"excerpt":{"rendered":"<p>Ein d\u00fcnner und flexibler Allround-Handschuh mit Touchscreen-Funktion. Die Nitrilbeschichtung sorgt f\u00fcr guten Grip und Strapazierf\u00e4higkeit, und das nahtlose Innenfutter besteht aus Polyamid\/Elastan.Dieses Modell ist eine gute Wahl f\u00fcr verschiedene Arbeitsumgebungen, in denen Fingerspitzengef\u00fchl gefragt ist. FUNKTIONALIT\u00c4T: Chrom frei. Touch-Funktion an Fingern, Daumen und Handfl\u00e4che . HAND: Handfl\u00e4che mit Nitril beschichtet. VERPACKUNG: 1 Benutzerinformationsflyer\/B\u00fcndel. 12. Preis\/Paar, [&hellip;]<\/p>\n","protected":false},"featured_media":667418,"template":"","meta":[],"product_brand":[],"product_cat":[4180],"product_tag":[],"class_list":{"0":"post-667385","1":"product","2":"type-product","3":"status-publish","4":"has-post-thumbnail","6":"product_cat-handschuhe","7":"pa_brand-blaklaeder","8":"pa_brand-type-workwear","9":"pa_filter-color-grau","11":"first","12":"instock","13":"sale","14":"taxable","15":"shipping-taxable","16":"purchasable","17":"product-type-variable","18":"add-to-wishlist-before_image"},"exclude_global_add_ons":[],"addons":[],"acf":[],"_links":{"self":[{"href":"https:\/\/shop.kustom.ch\/en\/wp-json\/wp\/v2\/product\/667385"}],"collection":[{"href":"https:\/\/shop.kustom.ch\/en\/wp-json\/wp\/v2\/product"}],"about":[{"href":"https:\/\/shop.kustom.ch\/en\/wp-json\/wp\/v2\/types\/product"}],"wp:featuredmedia":[{"embeddable":true,"href":"https:\/\/shop.kustom.ch\/en\/wp-json\/wp\/v2\/media\/667418"}],"wp:attachment":[{"href":"https:\/\/shop.kustom.ch\/en\/wp-json\/wp\/v2\/media?parent=667385"}],"wp:term":[{"taxonomy":"product_brand","embeddable":true,"href":"https:\/\/shop.kustom.ch\/en\/wp-json\/wp\/v2\/product_brand?post=667385"},{"taxonomy":"product_cat","embeddable":true,"href":"https:\/\/shop.kustom.ch\/en\/wp-json\/wp\/v2\/product_cat?post=667385"},{"taxonomy":"product_tag","embeddable":true,"href":"https:\/\/shop.kustom.ch\/en\/wp-json\/wp\/v2\/product_tag?post=667385"}],"curies":[{"name":"wp","href":"https:\/\/api.w.org\/{rel}","templated":true}]}}