{"id":667384,"date":"2025-04-29T19:43:59","date_gmt":"2025-04-29T18:43:59","guid":{"rendered":"https:\/\/shop.kustom.ch\/?post_type=product&#038;p=667384"},"modified":"2026-03-31T08:46:45","modified_gmt":"2026-03-31T07:46:45","slug":"arbeitshandschuh-pu-getaucht","status":"publish","type":"product","link":"https:\/\/shop.kustom.ch\/en\/product\/arbeitshandschuh-pu-getaucht\/","title":{"rendered":"PU-dipped work glove"},"content":{"rendered":"<p>Thin work gloves, ideal for precise tasks and light assembly work. Synthetic glove, palm dipped in polyurethane. The material of the palm also offers a certain resistance to oils and greases and the back of the hand is ventilated. Sold in a bundle of 12 pairs.<\/p>\n<p>FUNCTIONALITY: Chrome free. PACKAGING: 1 user information flyer\/bundle. 12 EAN code on the packaging only. Price\/pair, sold in bundle of 12 pairs. 216 pairs\/box. APPLICATION: Dirty environments. All-round work. Assembly work. DISPLAY: The gloves are not kept together as a pair. The packaging must not be damaged. Colour coding on the cuff. Sold in bundles of 12 pairs. INNER MATERIAL: 13 gauge polyester. USP: All-round glove. Chrome free. Smooth grip surface. Ideal for dirty environments. PU-coated. Unlined. CERTIFICATION: EN 388 (3121X). PPE Cat 2<\/p>\n<p>PU soft, 13 gauge<\/p>","protected":false},"excerpt":{"rendered":"<p>D\u00fcnne Arbeitshandschuhe, ideal f\u00fcr pr\u00e4zise Verrichtungen und leichte Montagearbeiten. Synthetischer Handschuh, Handfl\u00e4che in Polyurethan getaucht. Das Material der Handfl\u00e4che bietet auch eine gewisse Best\u00e4ndigkeit gegen \u00d6le und Fette und der Handr\u00fccken ist bel\u00fcftet. Verkauft im B\u00fcdel mit 12 Paar. FUNKTIONALIT\u00c4T: Chrom frei. VERPACKUNG: 1 Benutzerinformationsflyer\/B\u00fcndel. 12. EAN-Code nur auf der Verpackung. Preis\/Paar, verkauft im B\u00fcndel [&hellip;]<\/p>\n","protected":false},"featured_media":667404,"template":"","meta":[],"product_brand":[],"product_cat":[4180],"product_tag":[],"class_list":{"0":"post-667384","1":"product","2":"type-product","3":"status-publish","4":"has-post-thumbnail","6":"product_cat-handschuhe","7":"pa_brand-blaklaeder","8":"pa_brand-type-workwear","9":"pa_filter-color-schwarz","10":"pa_filter-color-weiss","12":"first","13":"instock","14":"sale","15":"taxable","16":"shipping-taxable","17":"purchasable","18":"product-type-variable","19":"add-to-wishlist-before_image"},"exclude_global_add_ons":[],"addons":[],"acf":[],"_links":{"self":[{"href":"https:\/\/shop.kustom.ch\/en\/wp-json\/wp\/v2\/product\/667384"}],"collection":[{"href":"https:\/\/shop.kustom.ch\/en\/wp-json\/wp\/v2\/product"}],"about":[{"href":"https:\/\/shop.kustom.ch\/en\/wp-json\/wp\/v2\/types\/product"}],"wp:featuredmedia":[{"embeddable":true,"href":"https:\/\/shop.kustom.ch\/en\/wp-json\/wp\/v2\/media\/667404"}],"wp:attachment":[{"href":"https:\/\/shop.kustom.ch\/en\/wp-json\/wp\/v2\/media?parent=667384"}],"wp:term":[{"taxonomy":"product_brand","embeddable":true,"href":"https:\/\/shop.kustom.ch\/en\/wp-json\/wp\/v2\/product_brand?post=667384"},{"taxonomy":"product_cat","embeddable":true,"href":"https:\/\/shop.kustom.ch\/en\/wp-json\/wp\/v2\/product_cat?post=667384"},{"taxonomy":"product_tag","embeddable":true,"href":"https:\/\/shop.kustom.ch\/en\/wp-json\/wp\/v2\/product_tag?post=667384"}],"curies":[{"name":"wp","href":"https:\/\/api.w.org\/{rel}","templated":true}]}}