{"id":667336,"date":"2025-04-29T19:43:24","date_gmt":"2025-04-29T18:43:24","guid":{"rendered":"https:\/\/shop.kustom.ch\/?post_type=product&#038;p=667336"},"modified":"2026-03-31T08:45:49","modified_gmt":"2026-03-31T07:45:49","slug":"winterhandschuh-supreme-warm","status":"publish","type":"product","link":"https:\/\/shop.kustom.ch\/en\/product\/winterhandschuh-supreme-warm\/","title":{"rendered":"Winter glove Supreme Warm"},"content":{"rendered":"<p>A lined and waterproof glove of the highest quality with good dexterity. The soft goatskin leather ensures a very comfortable fit, and reinforcements in the palm increase durability, and the glove has a long cuff with Velcro fastening at the wrist and a snow guard for personal customisation. The wrist strap allows the glove to be left on the hand when needed for gloveless work. This glove can be combined with the woollen glove model 2999 and is suitable for working in harsh and cold conditions and is part of the Supreme Warm collection, which guarantees the highest quality and comfort.<\/p>\n<p>FUNCTIONALITY: Glove loop. Snow barrier. Waterproof. HAND: Goatskin leather palm. Reinforced palm. UPPER HAND: Stretch backhand. Polyamide. PACKAGING: Supplied in pairs. Price\/pair. 18 pair\/box. AREA OF APPLICATION: Humid environments. Cold environments. All-round work. DISPLAY: Colour coded hook with size. FABRIC: black. white. CERTIFICATION: EN 388 (3121X). EN 511 (321). PPE Cat 2<\/p>\n<p>Full-grain goatskin, polyamide<\/p>","protected":false},"excerpt":{"rendered":"<p>Ein gef\u00fctterter und wasserdichter Handschuh von h\u00f6chster Qualit\u00e4t mit guter Fingerfertigkeit. Das weiche Ziegenleder sorgt f\u00fcr eine sehr bequeme Passform, und Verst\u00e4rkungen in der Handfl\u00e4che erh\u00f6hen die Haltbarkeit.Der Handschuh hat eine lange Stulpe mit Klettverschluss am Handgelenk und einen Schneefang zur pers\u00f6nlichen Anpassung. Die Handgelenksschlaufe erm\u00f6glicht es, den Handschuh an der Hand zu lassen, wenn [&hellip;]<\/p>\n","protected":false},"featured_media":667369,"template":"","meta":[],"product_brand":[],"product_cat":[4180],"product_tag":[],"class_list":{"0":"post-667336","1":"product","2":"type-product","3":"status-publish","4":"has-post-thumbnail","6":"product_cat-handschuhe","7":"pa_brand-blaklaeder","8":"pa_brand-type-workwear","9":"pa_filter-color-schwarz","10":"pa_filter-color-weiss","12":"first","13":"instock","14":"sale","15":"taxable","16":"shipping-taxable","17":"purchasable","18":"product-type-variable","19":"add-to-wishlist-before_image"},"exclude_global_add_ons":[],"addons":[],"acf":[],"_links":{"self":[{"href":"https:\/\/shop.kustom.ch\/en\/wp-json\/wp\/v2\/product\/667336"}],"collection":[{"href":"https:\/\/shop.kustom.ch\/en\/wp-json\/wp\/v2\/product"}],"about":[{"href":"https:\/\/shop.kustom.ch\/en\/wp-json\/wp\/v2\/types\/product"}],"wp:featuredmedia":[{"embeddable":true,"href":"https:\/\/shop.kustom.ch\/en\/wp-json\/wp\/v2\/media\/667369"}],"wp:attachment":[{"href":"https:\/\/shop.kustom.ch\/en\/wp-json\/wp\/v2\/media?parent=667336"}],"wp:term":[{"taxonomy":"product_brand","embeddable":true,"href":"https:\/\/shop.kustom.ch\/en\/wp-json\/wp\/v2\/product_brand?post=667336"},{"taxonomy":"product_cat","embeddable":true,"href":"https:\/\/shop.kustom.ch\/en\/wp-json\/wp\/v2\/product_cat?post=667336"},{"taxonomy":"product_tag","embeddable":true,"href":"https:\/\/shop.kustom.ch\/en\/wp-json\/wp\/v2\/product_tag?post=667336"}],"curies":[{"name":"wp","href":"https:\/\/api.w.org\/{rel}","templated":true}]}}