{"id":667276,"date":"2025-04-29T19:42:54","date_gmt":"2025-04-29T18:42:54","guid":{"rendered":"https:\/\/shop.kustom.ch\/?post_type=product&#038;p=667276"},"modified":"2026-03-31T08:41:21","modified_gmt":"2026-03-31T07:41:21","slug":"sprinter-sicherheitsschuh","status":"publish","type":"product","link":"https:\/\/shop.kustom.ch\/en\/product\/sprinter-sicherheitsschuh\/","title":{"rendered":"SPRINTER safety shoe"},"content":{"rendered":"<p>A lightweight and functional boot with a hardwearing leather upper with additional reinforcement in the toe and heel area for increased abrasion resistance. The toe cap is made of composite and the nail penetration protection is soft, flexible and non-metallic according to PS standard and fulfils the tough requirements with thinner 3 mm nails. The midsole is made of PU for perfectly balanced shock absorption and has a non-slip TPU outsole. The anatomically moulded insole made of soft PU material ensures optimum comfort, while the textile upper provides excellent moisture absorption. This boot is ideal for work in warehouses, service, logistics and industry. Women's last in sizes 35-39.<\/p>\n<p>FUNCTIONALITY: Breathable insole. ESD tested (approved in accordance with IEC 61340-5-1). Padded shaft edge. Metal-free. Oil-repellent outsole. Water-repellent. Toe reinforcement. UPPER: Full leather. FIT: Wide. THROUGHPANEL MATERIAL: Textile PS. LINING: Polyester. INSOLE MATERIAL: Textile, soft PU. FABRIC: grey. green. black. ESD. Metal-free. water-repellent. USP: Anatomically moulded soft PU insole. Breathable insole. ESD approval. Oil-resistant outsole. Textile penetration protection in PS standard. Composite toe cap. Water-repellent and durable. TOE PROTECTION CAP MATERIAL: Composite. CERTIFICATION: EN ISO 20345:2022 S3S FO SR SC<\/p>","protected":false},"excerpt":{"rendered":"<p>Ein leichter und funktioneller Stiefel mit einem strapazierf\u00e4higen Obermaterial aus Leder mit zus\u00e4tzlicher Verst\u00e4rkung im Zehen- und Fersenbereich f\u00fcr erh\u00f6hte Abriebfestigkeit. Die Zehenschutzkappe ist aus Komposit und der Nageldurchtrittschutz ist weich, flexibel und nichtmetallisch nach PS-Standard und erf\u00fcllt die harten Anforderungen mit d\u00fcnneren 3 mm N\u00e4geln. Die Zwischensohle besteht aus PU f\u00fcr eine perfekt ausgewogene [&hellip;]<\/p>\n","protected":false},"featured_media":667304,"template":"","meta":[],"product_brand":[],"product_cat":[4197,4209],"product_tag":[],"class_list":{"0":"post-667276","1":"product","2":"type-product","3":"status-publish","4":"has-post-thumbnail","6":"product_cat-schuhe-sandalen","7":"product_cat-zubehoer","8":"pa_brand-blaklaeder","9":"pa_brand-type-workwear","10":"pa_filter-color-gruen","12":"first","13":"instock","14":"sale","15":"taxable","16":"shipping-taxable","17":"purchasable","18":"product-type-variable","19":"add-to-wishlist-before_image"},"exclude_global_add_ons":[],"addons":[],"acf":[],"_links":{"self":[{"href":"https:\/\/shop.kustom.ch\/en\/wp-json\/wp\/v2\/product\/667276"}],"collection":[{"href":"https:\/\/shop.kustom.ch\/en\/wp-json\/wp\/v2\/product"}],"about":[{"href":"https:\/\/shop.kustom.ch\/en\/wp-json\/wp\/v2\/types\/product"}],"wp:featuredmedia":[{"embeddable":true,"href":"https:\/\/shop.kustom.ch\/en\/wp-json\/wp\/v2\/media\/667304"}],"wp:attachment":[{"href":"https:\/\/shop.kustom.ch\/en\/wp-json\/wp\/v2\/media?parent=667276"}],"wp:term":[{"taxonomy":"product_brand","embeddable":true,"href":"https:\/\/shop.kustom.ch\/en\/wp-json\/wp\/v2\/product_brand?post=667276"},{"taxonomy":"product_cat","embeddable":true,"href":"https:\/\/shop.kustom.ch\/en\/wp-json\/wp\/v2\/product_cat?post=667276"},{"taxonomy":"product_tag","embeddable":true,"href":"https:\/\/shop.kustom.ch\/en\/wp-json\/wp\/v2\/product_tag?post=667276"}],"curies":[{"name":"wp","href":"https:\/\/api.w.org\/{rel}","templated":true}]}}