{"id":667144,"date":"2025-04-29T19:41:34","date_gmt":"2025-04-29T18:41:34","guid":{"rendered":"https:\/\/shop.kustom.ch\/?post_type=product&#038;p=667144"},"modified":"2026-03-31T09:14:33","modified_gmt":"2026-03-31T08:14:33","slug":"kappe-3d","status":"publish","type":"product","link":"https:\/\/shop.kustom.ch\/en\/product\/kappe-3d\/","title":{"rendered":"Cap 3D"},"content":{"rendered":"<p>High-quality cap with embroidered Bl\u00e5kl\u00e4der logo with 3D effect. It has a fine interior and a sweatband for warm days. Perfect for anyone with a little more Bl\u00e5kl\u00e4der in their heart. Snapback fastening on the back.<\/p>\n<p>DETAILS: Woven Bl\u00e5kl\u00e4der logo on the back. Adjustable with snapback. Bl\u00e5kl\u00e4der embroidery on the front. WASHING INSTRUCTIONS: Hand wash. Do not bleach. Do not iron. Do not dry clean. Do not spin dry. MAIN FEATURES: Unisex. MEASUREMENT: 57-60 cm<\/p>\n<p>65% polyester, 35% cotton, finely woven, 166g\/m\u00b2<\/p>","protected":false},"excerpt":{"rendered":"<p>Hochwertige Kappe mit gesticktem Bl\u00e5kl\u00e4der-Logo mit 3D-Effekt. Sie hat eine feine Innenausstattung und ein Schweissband f\u00fcr warme Tage. Perfekt f\u00fcr alle, deren Herz ein bisschen mehr f\u00fcr Bl\u00e5kl\u00e4der schl\u00e4gt. Snapback-Verschluss auf der R\u00fcckseite. DETAILS: Gewebtes Bl\u00e5kl\u00e4der Logo hinten. Einstellbar mit Snapback. Bl\u00e5kl\u00e4der-Stick vorne. WASCHANLEITUNG: Handw\u00e4sche. Nicht bleichen. Nicht b\u00fcgeln. Nicht chemisch reinigen. Nicht schleudern. HAUPTEIGENSCHAFTEN: [&hellip;]<\/p>\n","protected":false},"featured_media":667167,"template":"","meta":[],"product_brand":[],"product_cat":[4177,4209],"product_tag":[],"class_list":{"0":"post-667144","1":"product","2":"type-product","3":"status-publish","4":"has-post-thumbnail","6":"product_cat-caps-muetzen","7":"product_cat-zubehoer","8":"pa_brand-blaklaeder","9":"pa_brand-type-workwear","10":"pa_filter-color-blau","11":"pa_filter-color-gruen","12":"pa_filter-color-orange","13":"pa_filter-color-schwarz","15":"first","16":"instock","17":"sale","18":"taxable","19":"shipping-taxable","20":"purchasable","21":"product-type-variable","22":"add-to-wishlist-before_image"},"exclude_global_add_ons":[],"addons":[],"acf":[],"_links":{"self":[{"href":"https:\/\/shop.kustom.ch\/en\/wp-json\/wp\/v2\/product\/667144"}],"collection":[{"href":"https:\/\/shop.kustom.ch\/en\/wp-json\/wp\/v2\/product"}],"about":[{"href":"https:\/\/shop.kustom.ch\/en\/wp-json\/wp\/v2\/types\/product"}],"wp:featuredmedia":[{"embeddable":true,"href":"https:\/\/shop.kustom.ch\/en\/wp-json\/wp\/v2\/media\/667167"}],"wp:attachment":[{"href":"https:\/\/shop.kustom.ch\/en\/wp-json\/wp\/v2\/media?parent=667144"}],"wp:term":[{"taxonomy":"product_brand","embeddable":true,"href":"https:\/\/shop.kustom.ch\/en\/wp-json\/wp\/v2\/product_brand?post=667144"},{"taxonomy":"product_cat","embeddable":true,"href":"https:\/\/shop.kustom.ch\/en\/wp-json\/wp\/v2\/product_cat?post=667144"},{"taxonomy":"product_tag","embeddable":true,"href":"https:\/\/shop.kustom.ch\/en\/wp-json\/wp\/v2\/product_tag?post=667144"}],"curies":[{"name":"wp","href":"https:\/\/api.w.org\/{rel}","templated":true}]}}