{"id":667116,"date":"2025-04-29T19:41:10","date_gmt":"2025-04-29T18:41:10","guid":{"rendered":"https:\/\/shop.kustom.ch\/?post_type=product&#038;p=667116"},"modified":"2026-03-31T09:09:17","modified_gmt":"2026-03-31T08:09:17","slug":"damen-multinorm-arbeitshose-2","status":"publish","type":"product","link":"https:\/\/shop.kustom.ch\/en\/product\/damen-multinorm-arbeitshose-2\/","title":{"rendered":"Ladies multinorm work trousers"},"content":{"rendered":"<p>Multi-standard work trousers with tool pockets that offer maximum protection when working in difficult environments. They are made from durable material, offer a good fit and have additional knee reinforcement. With functional pocket solutions for your tools and well-thought-out details such as dark fabric in areas prone to dirt. Reinforced knee pad pockets made from Cordura\u00ae\/Kevlar\u00ae. Tested for industrial laundering. Certified according to EN ISO 20471, EN 1149-5, IEC 61482-2, EN ISO 11612, ATPV: 11.0 cal\/cm\u00b2.<\/p>\n<p>FUNCTIONALITY: Oil, dirt and water-repellent surface. DETAILS: Removable ID pocket for flame-retardant clothing. External certification labels. Loops. Elasticated waist. POCKETS: Leg pocket with bellows, flap and pen pocket, additional pocket, mobile phone pocket and ID pocket. Back pockets with flap, concealed with metal buttons. Internal knee pad pockets. Front pockets with flap and press stud. Tool pockets \u2013 3-piece and extra wide. Reinforced ruler pocket with knife holder and pen pocket. REINFORCEMENT: CORDURA\u00ae\/Kevlar\u00ae\/Protal\u00ae \u2013 reinforced at the knees. REFLEX: Flame-retardant reflective strips with double stitching. FINISH: Extension option at the leg hem, does not apply to size D. WASHING INSTRUCTIONS: 60\u00b0C. Do not bleach. Do not iron. Do not dry clean. PRO: Suitable for tumble drying. Tumble dry \u2013 low. MAIN FEATURES: Tradespeople. Service staff. EN 1149-5. EN 14004. EN 61482-2. EN ISO 11612. EN ISO 20471. FABRIC: Blue. High-vis yellow. Knee pad pockets. Tool pockets. Flame retardant. CERTIFICATION: EN 1149-5. EN 14404:2004+A1:2010 together with knee pads 4027 and 4057. EN ISO 11612 A1,A2,B1,C1,F1. EN ISO 20471, Class 1. Max. 50 washes. Certification group W. ATPV \u2013 11 cal\/cm\u00b2. IEC 61482-2, APC 1<\/p>\n<p>75% cotton, 24% polyester, 1% antistatic, twill, flame-retardant, antistatic, 350 g\/m\u00b2<\/p>","protected":false},"excerpt":{"rendered":"<p>Multinorm Arbeitshose mit Werkzeugtaschen, die maximalen Schutz bei Arbeiten in schwierigen Umgebungen bietet. Sie ist aus strapazierf\u00e4higem Material gefertigt, bietet eine gute Passform und eine zus\u00e4tzliche Knieverst\u00e4rkung. Mit funktionellen Taschenl\u00f6sungen f\u00fcr Ihr Werkzeug und durchdachten Details wie dunklem Stoff in schmutzanf\u00e4lligen Bereichen. Verst\u00e4rkte Kniepolstertaschen aus Cordura\u00ae\/Kevlar\u00ae. Getestet f\u00fcr industrielle W\u00e4sche.Zertifiziert nach EN ISO 20471, EN [&hellip;]<\/p>\n","protected":false},"featured_media":667124,"template":"","meta":[],"product_brand":[],"product_cat":[4185],"product_tag":[],"class_list":{"0":"post-667116","1":"product","2":"type-product","3":"status-publish","4":"has-post-thumbnail","6":"product_cat-hosen","7":"pa_brand-blaklaeder","8":"pa_brand-type-workwear","9":"pa_filter-color-blau","10":"pa_filter-color-gelb","12":"first","13":"instock","14":"sale","15":"taxable","16":"shipping-taxable","17":"purchasable","18":"product-type-variable","19":"add-to-wishlist-before_image"},"exclude_global_add_ons":[],"addons":[],"acf":[],"_links":{"self":[{"href":"https:\/\/shop.kustom.ch\/en\/wp-json\/wp\/v2\/product\/667116"}],"collection":[{"href":"https:\/\/shop.kustom.ch\/en\/wp-json\/wp\/v2\/product"}],"about":[{"href":"https:\/\/shop.kustom.ch\/en\/wp-json\/wp\/v2\/types\/product"}],"wp:featuredmedia":[{"embeddable":true,"href":"https:\/\/shop.kustom.ch\/en\/wp-json\/wp\/v2\/media\/667124"}],"wp:attachment":[{"href":"https:\/\/shop.kustom.ch\/en\/wp-json\/wp\/v2\/media?parent=667116"}],"wp:term":[{"taxonomy":"product_brand","embeddable":true,"href":"https:\/\/shop.kustom.ch\/en\/wp-json\/wp\/v2\/product_brand?post=667116"},{"taxonomy":"product_cat","embeddable":true,"href":"https:\/\/shop.kustom.ch\/en\/wp-json\/wp\/v2\/product_cat?post=667116"},{"taxonomy":"product_tag","embeddable":true,"href":"https:\/\/shop.kustom.ch\/en\/wp-json\/wp\/v2\/product_tag?post=667116"}],"curies":[{"name":"wp","href":"https:\/\/api.w.org\/{rel}","templated":true}]}}